{"id":103340,"date":"2021-02-21T22:56:27","date_gmt":"2021-02-21T22:56:27","guid":{"rendered":"https:\/\/www.autonvaraosahaku.fi\/?product=champion-oe098-t10-sytytystulpat"},"modified":"2021-02-21T22:56:32","modified_gmt":"2021-02-21T22:56:32","slug":"champion-oe098-t10-sytytystulpat","status":"publish","type":"product","link":"https:\/\/www.autonvaraosahaku.fi\/?product=champion-oe098-t10-sytytystulpat","title":{"rendered":"Champion OE098\/T10 Sytytystulpat"},"content":{"rendered":"<p>K\u00e4rkiv\u00e4li (mm): 0,6; Liittimet: SAE; Kierremitta: M14x1.25; Avainv\u00e4li: 21 mm; Laatu \/ luokka: Nickel GE; Pakkaustyyppi: Laatikko; Sytytystulppa: 1-maaelektroodi, suoralla istukalla, Kuparikeskielektrodi; Kierteen pituus (mm): 19; Teknisten tietojen numero: RN4C; Kipin\u00e4et\u00e4isyys [mm]: 1,5; Kiristysmomentti > [Nm]: 20; Kiristysmomentti enint\u00e4\u00e4n [Nm]: 30; Pakkauspituus [cm]: 8,65; Pakkausleveys [cm]: 2,45; Pakkauskorkeus [mm]: 2,45; Vastus alkaen [kOhm]: 6; Vastus asti [kOhm]: 15; Tuotelinja: Powersport; Valmistusvuosi alkaen: 05\/1980; VW: TRANSPORTER III Bus,TRANSPORTER III Kasten,TRANSPORTER III Pritsche\/Fahrgestell; JAGUAR: XJ XJ 40, 81; MITSUBISHI: STARION A18_A,GALANT III E1_A,LANCER I A17_,GALANT II A16_,SAPPORO II A16_A,CORDIA A21_A, AB,TREDIA A21_; Tulpat,Sytytystulppa<\/p>\n","protected":false},"excerpt":{"rendered":"<p>CHAMPION Sytytystulpat OE098\/T10 Tulpat,Sytytystulppa VW,JAGUAR,MITSUBISHI,TRANSPORTER III Bus,TRANSPORTER III Kasten<\/p>\n","protected":false},"featured_media":0,"template":"","meta":{"site-sidebar-layout":"default","site-content-layout":"default","ast-global-header-display":"","ast-main-header-display":"","ast-hfb-above-header-display":"","ast-hfb-below-header-display":"","ast-hfb-mobile-header-display":"","site-post-title":"","ast-breadcrumbs-content":"","ast-featured-img":"","footer-sml-layout":"","theme-transparent-header-meta":"","adv-header-id-meta":"","stick-header-meta":"","header-above-stick-meta":"","header-main-stick-meta":"","header-below-stick-meta":""},"pwb-brand":[536],"product_cat":[165],"product_tag":[],"class_list":{"0":"post-103340","1":"product","2":"type-product","3":"status-publish","5":"pwb-brand-champion","6":"product_cat-sytytystulpat","7":"desktop-align-left","8":"tablet-align-left","9":"mobile-align-left","11":"first","12":"instock","13":"product-type-external"},"brands":[{"id":536,"name":"Champion","slug":"champion"}],"_links":{"self":[{"href":"https:\/\/www.autonvaraosahaku.fi\/index.php?rest_route=\/wp\/v2\/product\/103340","targetHints":{"allow":["GET"]}}],"collection":[{"href":"https:\/\/www.autonvaraosahaku.fi\/index.php?rest_route=\/wp\/v2\/product"}],"about":[{"href":"https:\/\/www.autonvaraosahaku.fi\/index.php?rest_route=\/wp\/v2\/types\/product"}],"wp:attachment":[{"href":"https:\/\/www.autonvaraosahaku.fi\/index.php?rest_route=%2Fwp%2Fv2%2Fmedia&parent=103340"}],"wp:term":[{"taxonomy":"pwb-brand","embeddable":true,"href":"https:\/\/www.autonvaraosahaku.fi\/index.php?rest_route=%2Fwp%2Fv2%2Fpwb-brand&post=103340"},{"taxonomy":"product_cat","embeddable":true,"href":"https:\/\/www.autonvaraosahaku.fi\/index.php?rest_route=%2Fwp%2Fv2%2Fproduct_cat&post=103340"},{"taxonomy":"product_tag","embeddable":true,"href":"https:\/\/www.autonvaraosahaku.fi\/index.php?rest_route=%2Fwp%2Fv2%2Fproduct_tag&post=103340"}],"curies":[{"name":"wp","href":"https:\/\/api.w.org\/{rel}","templated":true}]}}