{"id":103351,"date":"2021-02-21T22:56:36","date_gmt":"2021-02-21T22:56:36","guid":{"rendered":"https:\/\/www.autonvaraosahaku.fi\/?product=champion-cof100506e-oljynsuodatin"},"modified":"2021-02-21T22:56:37","modified_gmt":"2021-02-21T22:56:37","slug":"champion-cof100506e-oljynsuodatin","status":"publish","type":"product","link":"https:\/\/www.autonvaraosahaku.fi\/?product=champion-cof100506e-oljynsuodatin","title":{"rendered":"Champion COF100506E \u00d6ljynsuodatin"},"content":{"rendered":"<p>Korkeus (mm): 160; Sis\u00e4l\u00e4pimitta [mm]: 22; Ulkol\u00e4pimitta [mm]: 62; Pakkaustyyppi: Laatikko; Suodatintyyppi: Suodatinpanos; Pakkauspituus [cm]: 6,4; Pakkausleveys [cm]: 6,4; Pakkauskorkeus [mm]: 17,8; Tuotelinja: EON TITAN; Moottorinumero: 104943; VW: LT 28-46 II Kasten 2DA, 2DD, 2DH,LT 28-35 II Bus 2DB, 2DE, 2DK,LT 28-46 II Pritsche\/Fahrgestell 2DC, 2DF, 2DG, 2DL, 2DM; DAEWOO: MUSSO FJ,KORANDO KJ,REXTON GAB_,KORANDO Cabrio KJ; MERCEDES-BENZ: C-CLASS W203,C-CLASS T-Model S203,C-CLASS W202,SLK R170,E-CLASS W210,C-CLASS Coupe CL203,M-CLASS W163,Stufenheck W124,E-CLASS Kombi S210,CLK C208,SL R129,C-CLASS Kombi S202,KOMBI Kombi S124,E-CLASS W124,G-CLASS W463,VITO Bus 638,CLK Cabriolet A208,COUPE C124,S-CLASS W140,E-CLASS Kombi S124,SPRINTER 3-t Kasten 903,SPRINTER 2-t Bus 901, 902,V-CLASS 638\/2,SPRINTER 2-t Kasten 901, 902,SPRINTER 3-t Bus 903,SPRINTER 3-t Pritsche\/Fahrgestell 903,VITO Kasten 638,E-CLASS Cabriolet A124,E-CLASS Coupe C124,SPRINTER 4-t Pritsche\/Fahrgestell 904,SPRINTER 2-t Pritsche\/Fahrgestell 901, 902,SPRINTER 4-t Kasten 904,CABRIOLET A124,G-CLASS Cabrio W463,SPRINTER 4-t Bus 904; SSANGYONG: REXTON GAB_,KYRON,MUSSO FJ,RODIUS,ACTYON SPORTS I QJ,ACTYON I,KORANDO KJ,KORANDO Cabrio KJ; PUCH: G-MODELL W 463; 1041800109, 1041840225, 1041840325, 1041840425, 1041840825, 1041800109, 1621803009<\/p>\n","protected":false},"excerpt":{"rendered":"<p>CHAMPION \u00d6ljynsuodatin COF100506E  VW,DAEWOO,MERCEDES-BENZ,LT 28-46 II Kasten 2DA, 2DD, 2DH,LT 28-35 II Bus 2DB, 2DE, 2DK<\/p>\n","protected":false},"featured_media":0,"template":"","meta":{"site-sidebar-layout":"default","site-content-layout":"default","ast-global-header-display":"","ast-main-header-display":"","ast-hfb-above-header-display":"","ast-hfb-below-header-display":"","ast-hfb-mobile-header-display":"","site-post-title":"","ast-breadcrumbs-content":"","ast-featured-img":"","footer-sml-layout":"","theme-transparent-header-meta":"","adv-header-id-meta":"","stick-header-meta":"","header-above-stick-meta":"","header-main-stick-meta":"","header-below-stick-meta":""},"pwb-brand":[536],"product_cat":[30],"product_tag":[],"class_list":{"0":"post-103351","1":"product","2":"type-product","3":"status-publish","5":"pwb-brand-champion","6":"product_cat-oljynsuodatin","7":"desktop-align-left","8":"tablet-align-left","9":"mobile-align-left","11":"first","12":"instock","13":"product-type-external"},"brands":[{"id":536,"name":"Champion","slug":"champion"}],"_links":{"self":[{"href":"https:\/\/www.autonvaraosahaku.fi\/index.php?rest_route=\/wp\/v2\/product\/103351","targetHints":{"allow":["GET"]}}],"collection":[{"href":"https:\/\/www.autonvaraosahaku.fi\/index.php?rest_route=\/wp\/v2\/product"}],"about":[{"href":"https:\/\/www.autonvaraosahaku.fi\/index.php?rest_route=\/wp\/v2\/types\/product"}],"wp:attachment":[{"href":"https:\/\/www.autonvaraosahaku.fi\/index.php?rest_route=%2Fwp%2Fv2%2Fmedia&parent=103351"}],"wp:term":[{"taxonomy":"pwb-brand","embeddable":true,"href":"https:\/\/www.autonvaraosahaku.fi\/index.php?rest_route=%2Fwp%2Fv2%2Fpwb-brand&post=103351"},{"taxonomy":"product_cat","embeddable":true,"href":"https:\/\/www.autonvaraosahaku.fi\/index.php?rest_route=%2Fwp%2Fv2%2Fproduct_cat&post=103351"},{"taxonomy":"product_tag","embeddable":true,"href":"https:\/\/www.autonvaraosahaku.fi\/index.php?rest_route=%2Fwp%2Fv2%2Fproduct_tag&post=103351"}],"curies":[{"name":"wp","href":"https:\/\/api.w.org\/{rel}","templated":true}]}}