{"id":103356,"date":"2021-02-21T22:56:36","date_gmt":"2021-02-21T22:56:36","guid":{"rendered":"https:\/\/www.autonvaraosahaku.fi\/?product=champion-oe014-t10-sytytystulpat"},"modified":"2021-02-21T22:56:39","modified_gmt":"2021-02-21T22:56:39","slug":"champion-oe014-t10-sytytystulpat","status":"publish","type":"product","link":"https:\/\/www.autonvaraosahaku.fi\/?product=champion-oe014-t10-sytytystulpat","title":{"rendered":"Champion OE014\/T10 Sytytystulpat"},"content":{"rendered":"<p>K\u00e4rkiv\u00e4li (mm): 0,9; Liittimet: SAE; Kierremitta: M14x1.25; Avainv\u00e4li: 16 mm; Laatu \/ luokka: Cu-core GE; Pakkaustyyppi: Laatikko; Sytytystulppa: 1-maaelektroodi, suoralla istukalla, Kuparikeskielektrodi; Kierteen pituus (mm): 19; Teknisten tietojen numero: RC7YCC; Kipin\u00e4et\u00e4isyys [mm]: 3; Kiristysmomentti > [Nm]: 20; Kiristysmomentti enint\u00e4\u00e4n [Nm]: 30; Pakkauspituus [cm]: 8,85; Pakkausleveys [cm]: 2,6; Pakkauskorkeus [mm]: 2,35; Vastus alkaen [kOhm]: 3; Vastus asti [kOhm]: 9; Ulkonema [mm]: 1,5; Tuotelinja: Powersport; Tarvittava kappalem\u00e4\u00e4r\u00e4: 8; VW: KOMBI Kasten T2,KOMBI Bus T2; AUDI: 80 8C, B4; NISSAN: BLUEBIRD T72 , T12,BLUEBIRD Hatchback T72, T12,BLUEBIRD Station Wagon WU11,BLUEBIRD U11; LADA: PRIORA Schr\u00e4gheck 2172; SUZUKI: LIANA Schr\u00e4gheck; SEAT: MALAGA 023A; HONDA: CIVIC II Shuttle EE,CIVIC I Shuttle AN, AR; JAGUAR: XJ X300; LANCIA: DELTA II 836,DEDRA 835,DEDRA SW 835; IVECO: DAILY III Pritsche\/Fahrgestell,DAILY III Kasten\/Kombi,DAILY III Bus; 12NC, 5894586, 5894588, 60579903, 60810689, 71736276, 7760384, 7772453, 5962S9, 96009090, 96024607, 96064066, 96088669, MYC000007R, ZB9000063U, 5894588, 7760384, 7772453, 7GYSSR, 9GYSR, 9GYSSR, 5099295, 5099727, 5099952, 6080256, 73OF12405JA, 81OF12405AAA, 81SF12405BA, 500334642, 5894586, 7760384, 7772453, 2240170J17, 2240199B17, 596271, 5962C5, 5962F6, 5962H2, 5962H6, 5962K1, 99917018290, 224017726R, 7700260637, 7700745305, 7701414040, 7701414141, NLP10004, NLP1004, 7505142, 2716033, 3517629, 101000013AA, 101000014AA, Z057173; Tulpat,Sytytystulppa<\/p>\n","protected":false},"excerpt":{"rendered":"<p>CHAMPION Sytytystulpat OE014\/T10 Tulpat,Sytytystulppa VW,AUDI,NISSAN,KOMBI Kasten T2,KOMBI Bus T2,80 8C, B4,BLUEBIRD T72 , T12<\/p>\n","protected":false},"featured_media":0,"template":"","meta":{"site-sidebar-layout":"default","site-content-layout":"default","ast-global-header-display":"","ast-main-header-display":"","ast-hfb-above-header-display":"","ast-hfb-below-header-display":"","ast-hfb-mobile-header-display":"","site-post-title":"","ast-breadcrumbs-content":"","ast-featured-img":"","footer-sml-layout":"","theme-transparent-header-meta":"","adv-header-id-meta":"","stick-header-meta":"","header-above-stick-meta":"","header-main-stick-meta":"","header-below-stick-meta":""},"pwb-brand":[536],"product_cat":[165],"product_tag":[],"class_list":{"0":"post-103356","1":"product","2":"type-product","3":"status-publish","5":"pwb-brand-champion","6":"product_cat-sytytystulpat","7":"desktop-align-left","8":"tablet-align-left","9":"mobile-align-left","11":"first","12":"instock","13":"product-type-external"},"brands":[{"id":536,"name":"Champion","slug":"champion"}],"_links":{"self":[{"href":"https:\/\/www.autonvaraosahaku.fi\/index.php?rest_route=\/wp\/v2\/product\/103356","targetHints":{"allow":["GET"]}}],"collection":[{"href":"https:\/\/www.autonvaraosahaku.fi\/index.php?rest_route=\/wp\/v2\/product"}],"about":[{"href":"https:\/\/www.autonvaraosahaku.fi\/index.php?rest_route=\/wp\/v2\/types\/product"}],"wp:attachment":[{"href":"https:\/\/www.autonvaraosahaku.fi\/index.php?rest_route=%2Fwp%2Fv2%2Fmedia&parent=103356"}],"wp:term":[{"taxonomy":"pwb-brand","embeddable":true,"href":"https:\/\/www.autonvaraosahaku.fi\/index.php?rest_route=%2Fwp%2Fv2%2Fpwb-brand&post=103356"},{"taxonomy":"product_cat","embeddable":true,"href":"https:\/\/www.autonvaraosahaku.fi\/index.php?rest_route=%2Fwp%2Fv2%2Fproduct_cat&post=103356"},{"taxonomy":"product_tag","embeddable":true,"href":"https:\/\/www.autonvaraosahaku.fi\/index.php?rest_route=%2Fwp%2Fv2%2Fproduct_tag&post=103356"}],"curies":[{"name":"wp","href":"https:\/\/api.w.org\/{rel}","templated":true}]}}