{"id":103361,"date":"2021-02-21T22:56:36","date_gmt":"2021-02-21T22:56:36","guid":{"rendered":"https:\/\/www.autonvaraosahaku.fi\/?product=champion-cff100528-polttoainesuodatin"},"modified":"2021-02-21T22:56:40","modified_gmt":"2021-02-21T22:56:40","slug":"champion-cff100528-polttoainesuodatin","status":"publish","type":"product","link":"https:\/\/www.autonvaraosahaku.fi\/?product=champion-cff100528-polttoainesuodatin","title":{"rendered":"Champion CFF100528 Polttoainesuodatin"},"content":{"rendered":"<p>Korkeus (mm): 250; Ulkol\u00e4pimitta [mm]: 56; Pakkaustyyppi: Laatikko; Suodatintyyppi: Letkusuodatin; Sis\u00e4\u00e4ntulol\u00e4pimitta [mm]: 8; Ulostulon l\u00e4pimitta [mm]: 10; Pakkauspituus [cm]: 9; Pakkausleveys [cm]: 9; Pakkauskorkeus [mm]: 25; Valmistusvuosi alkaen: 06\/2010; AUDI: A4 Avant 8K5, B8,A4 8K2, B8,Q5 8R,A6 Avant 4G5, C7, 4GD,A5 8T3,A5 Sportback 8TA,Q7 4L,A6 4G2, C7, 4GC,A7 Sportback 4GA, 4GF,A4 Allroad 8KH, B8,A5 Cabriolet 8F7,A8 4H_,A4 Avant 8W5, B9,A4 8W2, B9,A5 Sportback F5A,A5 F53,A4 Allroad 8WH, B9,A5 Cabriolet F57; 8K0127400, 8K0127400A<\/p>\n","protected":false},"excerpt":{"rendered":"<p>CHAMPION Polttoainesuodatin CFF100528  AUDI,A4 Avant 8K5, B8,A4 8K2, B8,Q5 8R,A6 Avant 4G5, C7, 4GD,A5 8T3,A5 Sportback 8TA,Q7 4L,A6 4G2, C7, 4GC<\/p>\n","protected":false},"featured_media":0,"template":"","meta":{"site-sidebar-layout":"default","site-content-layout":"default","ast-global-header-display":"","ast-main-header-display":"","ast-hfb-above-header-display":"","ast-hfb-below-header-display":"","ast-hfb-mobile-header-display":"","site-post-title":"","ast-breadcrumbs-content":"","ast-featured-img":"","footer-sml-layout":"","theme-transparent-header-meta":"","adv-header-id-meta":"","stick-header-meta":"","header-above-stick-meta":"","header-main-stick-meta":"","header-below-stick-meta":""},"pwb-brand":[536],"product_cat":[29],"product_tag":[],"class_list":{"0":"post-103361","1":"product","2":"type-product","3":"status-publish","5":"pwb-brand-champion","6":"product_cat-polttoainesuodatin","7":"desktop-align-left","8":"tablet-align-left","9":"mobile-align-left","11":"first","12":"instock","13":"product-type-external"},"brands":[{"id":536,"name":"Champion","slug":"champion"}],"_links":{"self":[{"href":"https:\/\/www.autonvaraosahaku.fi\/index.php?rest_route=\/wp\/v2\/product\/103361","targetHints":{"allow":["GET"]}}],"collection":[{"href":"https:\/\/www.autonvaraosahaku.fi\/index.php?rest_route=\/wp\/v2\/product"}],"about":[{"href":"https:\/\/www.autonvaraosahaku.fi\/index.php?rest_route=\/wp\/v2\/types\/product"}],"wp:attachment":[{"href":"https:\/\/www.autonvaraosahaku.fi\/index.php?rest_route=%2Fwp%2Fv2%2Fmedia&parent=103361"}],"wp:term":[{"taxonomy":"pwb-brand","embeddable":true,"href":"https:\/\/www.autonvaraosahaku.fi\/index.php?rest_route=%2Fwp%2Fv2%2Fpwb-brand&post=103361"},{"taxonomy":"product_cat","embeddable":true,"href":"https:\/\/www.autonvaraosahaku.fi\/index.php?rest_route=%2Fwp%2Fv2%2Fproduct_cat&post=103361"},{"taxonomy":"product_tag","embeddable":true,"href":"https:\/\/www.autonvaraosahaku.fi\/index.php?rest_route=%2Fwp%2Fv2%2Fproduct_tag&post=103361"}],"curies":[{"name":"wp","href":"https:\/\/api.w.org\/{rel}","templated":true}]}}