{"id":103366,"date":"2021-02-21T22:56:36","date_gmt":"2021-02-21T22:56:36","guid":{"rendered":"https:\/\/www.autonvaraosahaku.fi\/?product=champion-cff100452-polttoainesuodatin"},"modified":"2021-02-21T22:56:42","modified_gmt":"2021-02-21T22:56:42","slug":"champion-cff100452-polttoainesuodatin","status":"publish","type":"product","link":"https:\/\/www.autonvaraosahaku.fi\/?product=champion-cff100452-polttoainesuodatin","title":{"rendered":"Champion CFF100452 Polttoainesuodatin"},"content":{"rendered":"<p>Korkeus (mm): 124; Sis\u00e4l\u00e4pimitta [mm]: 58; Ulkol\u00e4pimitta [mm]: 81; Pakkaustyyppi: Laatikko; Suodatintyyppi: Ruuvattava suodatin; Kierre 1: 3\/4-16; kierre 2: M36x1.5; Pakkauspituus [cm]: 7; Pakkausleveys [cm]: 7; Pakkauskorkeus [mm]: 12,5; MAZDA: 6 Station Wagon GY,323 F VI BJ,PREMACY CP,6 Hatchback GG,6 GG,626 V Hatchback GF,MPV II LW,626 V GF,626 V Station Wagon GW,FAMILIA VI BJ; LEXUS: IS II GSE2_, ALE2_, USE2_; TOYOTA: YARIS SCP9_, NSP9_, KSP9_, NCP9_, ZSP9_,YARIS SCP1_, NLP1_, NCP1_,AVENSIS Kombi T25,COROLLA Verso ZER_, ZZE12_, R1_,RAV 4 III ACA3_, ACE_, ALA3_, GSA3_, ZSA3_,RAV 4 II CLA2_, XA2_, ZCA2_, ACA2_,COROLLA ZZE12_, NDE12_, ZDE12_,AVENSIS Station Wagon ZRT27, ADT27,VERSO _AUR2_, _ZGR2_,AVENSIS T25_,YARIS VERSO _NLP2_, _NCP2_,COROLLA Kombi _E12J_, _E12T_,AVENSIS Stufenheck T25,AVENSIS _T22_,COROLLA Liftback _E11_,IQ KPJ1_, NGJ1_, KGJ1_, NUJ1_,COROLLA Compact _E11_,AVENSIS Station Wagon _T22_,COROLLA Verso ZDE12_, CDE12_,AVENSIS Stufenheck ZRT27, ADT27,RAV 4 IV ZSA4_, ALA4_,PREVIA MCR3_, ACR3_, CLR3_,VERSO S NLP12_, NCP12_, NSP12_,COROLLA Stufenheck _E12J_, _E12T_,AVENSIS Liftback _T22_,PICNIC _XM10,AVENSIS VERSO _CLM2_, _ACM2_,COROLLA _E11_,URBAN CRUISER NSP1_, NLP1_, ZSP1_, NCP11_,COROLLA Wagon __E11_,HILUX VI Pick-up _N1_,HIACE IV Bus LH1_; R2L113ZA5A, R2L113ZA5A9A, R2L113ZA5B9A, 2339033010, 2339033020, 2339033030, 2339033060, 2339064450<\/p>\n","protected":false},"excerpt":{"rendered":"<p>CHAMPION Polttoainesuodatin CFF100452  MAZDA,LEXUS,TOYOTA,6 Station Wagon GY,323 F VI BJ,PREMACY CP,6 Hatchback GG,6 GG,626 V Hatchback GF,MPV II LW<\/p>\n","protected":false},"featured_media":0,"template":"","meta":{"site-sidebar-layout":"default","site-content-layout":"default","ast-global-header-display":"","ast-main-header-display":"","ast-hfb-above-header-display":"","ast-hfb-below-header-display":"","ast-hfb-mobile-header-display":"","site-post-title":"","ast-breadcrumbs-content":"","ast-featured-img":"","footer-sml-layout":"","theme-transparent-header-meta":"","adv-header-id-meta":"","stick-header-meta":"","header-above-stick-meta":"","header-main-stick-meta":"","header-below-stick-meta":""},"pwb-brand":[536],"product_cat":[29],"product_tag":[],"class_list":{"0":"post-103366","1":"product","2":"type-product","3":"status-publish","5":"pwb-brand-champion","6":"product_cat-polttoainesuodatin","7":"desktop-align-left","8":"tablet-align-left","9":"mobile-align-left","11":"first","12":"instock","13":"product-type-external"},"brands":[{"id":536,"name":"Champion","slug":"champion"}],"_links":{"self":[{"href":"https:\/\/www.autonvaraosahaku.fi\/index.php?rest_route=\/wp\/v2\/product\/103366","targetHints":{"allow":["GET"]}}],"collection":[{"href":"https:\/\/www.autonvaraosahaku.fi\/index.php?rest_route=\/wp\/v2\/product"}],"about":[{"href":"https:\/\/www.autonvaraosahaku.fi\/index.php?rest_route=\/wp\/v2\/types\/product"}],"wp:attachment":[{"href":"https:\/\/www.autonvaraosahaku.fi\/index.php?rest_route=%2Fwp%2Fv2%2Fmedia&parent=103366"}],"wp:term":[{"taxonomy":"pwb-brand","embeddable":true,"href":"https:\/\/www.autonvaraosahaku.fi\/index.php?rest_route=%2Fwp%2Fv2%2Fpwb-brand&post=103366"},{"taxonomy":"product_cat","embeddable":true,"href":"https:\/\/www.autonvaraosahaku.fi\/index.php?rest_route=%2Fwp%2Fv2%2Fproduct_cat&post=103366"},{"taxonomy":"product_tag","embeddable":true,"href":"https:\/\/www.autonvaraosahaku.fi\/index.php?rest_route=%2Fwp%2Fv2%2Fproduct_tag&post=103366"}],"curies":[{"name":"wp","href":"https:\/\/api.w.org\/{rel}","templated":true}]}}