{"id":103371,"date":"2021-02-21T22:56:45","date_gmt":"2021-02-21T22:56:45","guid":{"rendered":"https:\/\/www.autonvaraosahaku.fi\/?product=champion-caf100434c-ilmansuodatin"},"modified":"2021-02-21T22:56:45","modified_gmt":"2021-02-21T22:56:45","slug":"champion-caf100434c-ilmansuodatin","status":"publish","type":"product","link":"https:\/\/www.autonvaraosahaku.fi\/?product=champion-caf100434c-ilmansuodatin","title":{"rendered":"Champion CAF100434C Ilmansuodatin"},"content":{"rendered":"<p>Korkeus (mm): 179; Sis\u00e4l\u00e4pimitta [mm]: 72; Ulkol\u00e4pimitta [mm]: 110; Pakkaustyyppi: Laatikko; Suodatintyyppi: Suodatinpanos; Pakkauspituus [cm]: 12; Pakkausleveys [cm]: 12; Pakkauskorkeus [mm]: 21,9; NISSAN: KUBISTAR Kasten X80; HYUNDAI: H100 Bus P,H100 Kasten; RENAULT: TWINGO I C06_,CLIO II BB0\/1\/2_, CB0\/1\/2_,KANGOO KC0\/1_,TWINGO II CN0_,KANGOO Express FC0\/1_,CLIO I B\/C57_, 5\/357_,TWINGO I Kasten S06_,CLIO II Kasten SB0\/1\/2_; 1654600QAG, 7701039857, 7701043709, 7701065985<\/p>\n","protected":false},"excerpt":{"rendered":"<p>CHAMPION Ilmansuodatin CAF100434C  NISSAN,HYUNDAI,RENAULT,KUBISTAR Kasten X80,H100 Bus P,H100 Kasten,TWINGO I C06_,CLIO II BB0\/1\/2_, CB0\/1\/2_<\/p>\n","protected":false},"featured_media":0,"template":"","meta":{"site-sidebar-layout":"default","site-content-layout":"default","ast-global-header-display":"","ast-main-header-display":"","ast-hfb-above-header-display":"","ast-hfb-below-header-display":"","ast-hfb-mobile-header-display":"","site-post-title":"","ast-breadcrumbs-content":"","ast-featured-img":"","footer-sml-layout":"","theme-transparent-header-meta":"","adv-header-id-meta":"","stick-header-meta":"","header-above-stick-meta":"","header-main-stick-meta":"","header-below-stick-meta":""},"pwb-brand":[536],"product_cat":[31],"product_tag":[],"class_list":{"0":"post-103371","1":"product","2":"type-product","3":"status-publish","5":"pwb-brand-champion","6":"product_cat-ilmansuodatin","7":"desktop-align-left","8":"tablet-align-left","9":"mobile-align-left","11":"first","12":"instock","13":"product-type-external"},"brands":[{"id":536,"name":"Champion","slug":"champion"}],"_links":{"self":[{"href":"https:\/\/www.autonvaraosahaku.fi\/index.php?rest_route=\/wp\/v2\/product\/103371","targetHints":{"allow":["GET"]}}],"collection":[{"href":"https:\/\/www.autonvaraosahaku.fi\/index.php?rest_route=\/wp\/v2\/product"}],"about":[{"href":"https:\/\/www.autonvaraosahaku.fi\/index.php?rest_route=\/wp\/v2\/types\/product"}],"wp:attachment":[{"href":"https:\/\/www.autonvaraosahaku.fi\/index.php?rest_route=%2Fwp%2Fv2%2Fmedia&parent=103371"}],"wp:term":[{"taxonomy":"pwb-brand","embeddable":true,"href":"https:\/\/www.autonvaraosahaku.fi\/index.php?rest_route=%2Fwp%2Fv2%2Fpwb-brand&post=103371"},{"taxonomy":"product_cat","embeddable":true,"href":"https:\/\/www.autonvaraosahaku.fi\/index.php?rest_route=%2Fwp%2Fv2%2Fproduct_cat&post=103371"},{"taxonomy":"product_tag","embeddable":true,"href":"https:\/\/www.autonvaraosahaku.fi\/index.php?rest_route=%2Fwp%2Fv2%2Fproduct_tag&post=103371"}],"curies":[{"name":"wp","href":"https:\/\/api.w.org\/{rel}","templated":true}]}}