{"id":103374,"date":"2021-02-21T22:56:45","date_gmt":"2021-02-21T22:56:45","guid":{"rendered":"https:\/\/www.autonvaraosahaku.fi\/?product=champion-cof100539e-oljynsuodatin"},"modified":"2021-02-21T22:56:47","modified_gmt":"2021-02-21T22:56:47","slug":"champion-cof100539e-oljynsuodatin","status":"publish","type":"product","link":"https:\/\/www.autonvaraosahaku.fi\/?product=champion-cof100539e-oljynsuodatin","title":{"rendered":"Champion COF100539E \u00d6ljynsuodatin"},"content":{"rendered":"<p>Korkeus (mm): 171; Sis\u00e4l\u00e4pimitta [mm]: 32; Ulkol\u00e4pimitta [mm]: 82; Pakkaustyyppi: Laatikko; Suodatintyyppi: Suodatinpanos; Sis\u00e4l\u00e4pimitta 1 [mm]: 32; Pakkauspituus [cm]: 8,5; Pakkausleveys [cm]: 8,5; Pakkauskorkeus [mm]: 17,5; Tuotelinja: EON TITAN; Valmistusvuosi alkaen: 02\/1995; DAEWOO: MUSSO FJ; MERCEDES-BENZ: C-CLASS W202,E-CLASS W210,E-CLASS Kombi S210,C-CLASS Kombi S202,E-CLASS W124,G-CLASS W463,VITO Bus 638,S-CLASS W140,E-CLASS Kombi S124,SPRINTER 3-t Kasten 903,SPRINTER 2-t Bus 901, 902,V-CLASS 638\/2,G-CLASS W461,SPRINTER 2-t Kasten 901, 902,SPRINTER 3-t Bus 903,SPRINTER 3-t Pritsche\/Fahrgestell 903,VITO Kasten 638,SPRINTER 4-t Pritsche\/Fahrgestell 904,VARIO Kasten\/Kombi,SPRINTER 2-t Pritsche\/Fahrgestell 901, 902,VARIO Pritsche\/Fahrgestell,SPRINTER 4-t Kasten 904,G-CLASS Cabrio W463,VARIO Kipper,VARIO Bus; SSANGYONG: REXTON GAB_,MUSSO FJ; PUCH: G-MODELL W 461,G-MODELL W 463; 6021800009, 6061800009, 6061840025, 6061840125, 6061840225<\/p>\n","protected":false},"excerpt":{"rendered":"<p>CHAMPION \u00d6ljynsuodatin COF100539E  DAEWOO,MERCEDES-BENZ,SSANGYONG,MUSSO FJ,C-CLASS W202,E-CLASS W210,E-CLASS Kombi S210,C-CLASS Kombi S202<\/p>\n","protected":false},"featured_media":0,"template":"","meta":{"site-sidebar-layout":"default","site-content-layout":"default","ast-global-header-display":"","ast-main-header-display":"","ast-hfb-above-header-display":"","ast-hfb-below-header-display":"","ast-hfb-mobile-header-display":"","site-post-title":"","ast-breadcrumbs-content":"","ast-featured-img":"","footer-sml-layout":"","theme-transparent-header-meta":"","adv-header-id-meta":"","stick-header-meta":"","header-above-stick-meta":"","header-main-stick-meta":"","header-below-stick-meta":""},"pwb-brand":[536],"product_cat":[30],"product_tag":[],"class_list":{"0":"post-103374","1":"product","2":"type-product","3":"status-publish","5":"pwb-brand-champion","6":"product_cat-oljynsuodatin","7":"desktop-align-left","8":"tablet-align-left","9":"mobile-align-left","11":"first","12":"instock","13":"product-type-external"},"brands":[{"id":536,"name":"Champion","slug":"champion"}],"_links":{"self":[{"href":"https:\/\/www.autonvaraosahaku.fi\/index.php?rest_route=\/wp\/v2\/product\/103374","targetHints":{"allow":["GET"]}}],"collection":[{"href":"https:\/\/www.autonvaraosahaku.fi\/index.php?rest_route=\/wp\/v2\/product"}],"about":[{"href":"https:\/\/www.autonvaraosahaku.fi\/index.php?rest_route=\/wp\/v2\/types\/product"}],"wp:attachment":[{"href":"https:\/\/www.autonvaraosahaku.fi\/index.php?rest_route=%2Fwp%2Fv2%2Fmedia&parent=103374"}],"wp:term":[{"taxonomy":"pwb-brand","embeddable":true,"href":"https:\/\/www.autonvaraosahaku.fi\/index.php?rest_route=%2Fwp%2Fv2%2Fpwb-brand&post=103374"},{"taxonomy":"product_cat","embeddable":true,"href":"https:\/\/www.autonvaraosahaku.fi\/index.php?rest_route=%2Fwp%2Fv2%2Fproduct_cat&post=103374"},{"taxonomy":"product_tag","embeddable":true,"href":"https:\/\/www.autonvaraosahaku.fi\/index.php?rest_route=%2Fwp%2Fv2%2Fproduct_tag&post=103374"}],"curies":[{"name":"wp","href":"https:\/\/api.w.org\/{rel}","templated":true}]}}