{"id":103376,"date":"2021-02-21T22:56:45","date_gmt":"2021-02-21T22:56:45","guid":{"rendered":"https:\/\/www.autonvaraosahaku.fi\/?product=champion-caf100450c-ilmansuodatin"},"modified":"2021-02-21T22:56:47","modified_gmt":"2021-02-21T22:56:47","slug":"champion-caf100450c-ilmansuodatin","status":"publish","type":"product","link":"https:\/\/www.autonvaraosahaku.fi\/?product=champion-caf100450c-ilmansuodatin","title":{"rendered":"Champion CAF100450C Ilmansuodatin"},"content":{"rendered":"<p>Korkeus (mm): 246; L\u00e4pimitta 1 [mm]: 191; L\u00e4pimitta 2 [mm]: 143; Sis\u00e4l\u00e4pimitta [mm]: 122; Pakkaustyyppi: Laatikko; Suodatintyyppi: Suodatinpanos; Sis\u00e4l\u00e4pimitta 1 [mm]: 74; Pakkauspituus [cm]: 25,1; Pakkausleveys [cm]: 19,5; Pakkauskorkeus [mm]: 14,7; ALFA ROMEO: 159 Sportwagon 939,159 939,BRERA,SPIDER 939; 55183562<\/p>\n","protected":false},"excerpt":{"rendered":"<p>CHAMPION Ilmansuodatin CAF100450C  ALFA ROMEO,159 Sportwagon 939,159 939,BRERA,SPIDER 939<\/p>\n","protected":false},"featured_media":0,"template":"","meta":{"site-sidebar-layout":"default","site-content-layout":"default","ast-global-header-display":"","ast-main-header-display":"","ast-hfb-above-header-display":"","ast-hfb-below-header-display":"","ast-hfb-mobile-header-display":"","site-post-title":"","ast-breadcrumbs-content":"","ast-featured-img":"","footer-sml-layout":"","theme-transparent-header-meta":"","adv-header-id-meta":"","stick-header-meta":"","header-above-stick-meta":"","header-main-stick-meta":"","header-below-stick-meta":""},"pwb-brand":[536],"product_cat":[31],"product_tag":[],"class_list":{"0":"post-103376","1":"product","2":"type-product","3":"status-publish","5":"pwb-brand-champion","6":"product_cat-ilmansuodatin","7":"desktop-align-left","8":"tablet-align-left","9":"mobile-align-left","11":"first","12":"instock","13":"product-type-external"},"brands":[{"id":536,"name":"Champion","slug":"champion"}],"_links":{"self":[{"href":"https:\/\/www.autonvaraosahaku.fi\/index.php?rest_route=\/wp\/v2\/product\/103376","targetHints":{"allow":["GET"]}}],"collection":[{"href":"https:\/\/www.autonvaraosahaku.fi\/index.php?rest_route=\/wp\/v2\/product"}],"about":[{"href":"https:\/\/www.autonvaraosahaku.fi\/index.php?rest_route=\/wp\/v2\/types\/product"}],"wp:attachment":[{"href":"https:\/\/www.autonvaraosahaku.fi\/index.php?rest_route=%2Fwp%2Fv2%2Fmedia&parent=103376"}],"wp:term":[{"taxonomy":"pwb-brand","embeddable":true,"href":"https:\/\/www.autonvaraosahaku.fi\/index.php?rest_route=%2Fwp%2Fv2%2Fpwb-brand&post=103376"},{"taxonomy":"product_cat","embeddable":true,"href":"https:\/\/www.autonvaraosahaku.fi\/index.php?rest_route=%2Fwp%2Fv2%2Fproduct_cat&post=103376"},{"taxonomy":"product_tag","embeddable":true,"href":"https:\/\/www.autonvaraosahaku.fi\/index.php?rest_route=%2Fwp%2Fv2%2Fproduct_tag&post=103376"}],"curies":[{"name":"wp","href":"https:\/\/api.w.org\/{rel}","templated":true}]}}