{"id":103400,"date":"2021-02-21T22:56:53","date_gmt":"2021-02-21T22:56:53","guid":{"rendered":"https:\/\/www.autonvaraosahaku.fi\/?product=champion-ch154-002-hehkutulppa"},"modified":"2021-02-21T22:56:57","modified_gmt":"2021-02-21T22:56:57","slug":"champion-ch154-002-hehkutulppa","status":"publish","type":"product","link":"https:\/\/www.autonvaraosahaku.fi\/?product=champion-ch154-002-hehkutulppa","title":{"rendered":"Champion CH154\/002 Hehkutulppa"},"content":{"rendered":"<p>J\u00e4nnite (V): 11; Liittimet: M4; L\u00e4pimitta [mm]: 5; Kierremitta: M10x1.25; Kokonaispituus (mm): 95; Avainv\u00e4li: 12; Kiristysmomentti: 12; Hehkutulppatyyppi: Hehkutulppa, puikko; Asennussyvyys (mm): 32,1; Tarvittava kappalem\u00e4\u00e4r\u00e4: 4; VW: TARO; TOYOTA: STARLET _P8_,LAND CRUISER PZJ7_, KZJ7_, HZJ7_, BJ7_, LJ7_, RJ7_,HILUX VI Pick-up _N1_,HILUX V Pick-up LN_, KZN1_, VZN1_,4 RUNNER RN10_, VZN13_, VZN10_, RN13_,HIACE IV Bus LH1_,HIACE IV Kasten LXH1_, RZH1_, LH1_,HIACE III Wagon LH1_, RZH1_,LAND CRUISER Hardtop _J7_,HILUX IV Pick-up _N5_, _N6_,HIACE III Kasten YH7_, LH6_, LH7_, LH5_, YH5_, YH6_,CROWN Stufenheck _S1_,HIACE II Wagon LH7_, LH5_, LH6_, YH7_, YH6_, YH5_,HIACE II Kasten LH5_, YH7_, LH7_, LH6_, YH6_, YH5_,HIACE I Kasten RH1_, LH3_, RH3_, RH2_, LH2_, LH1_,DYNA Pritsche\/Fahrgestell KD_, LY_, TRY2_, KDY2_, XZU4_, XZ,DYNA 150 Pritsche\/Fahrgestell LY_,CRESSIDA Stufenheck _X6_,TERCEL Stufenheck,CRESSIDA Stufenheck GX7_, MX73; 1985054030000, 1985054090000, 1985045030, 1985045031, 1985054030, 1985054031, 1985054090<\/p>\n","protected":false},"excerpt":{"rendered":"<p>CHAMPION Hehkutulppa CH154\/002  VW,TOYOTA,TARO,STARLET _P8_,LAND CRUISER PZJ7_, KZJ7_, HZJ7_, BJ7_, LJ7_, RJ7_,HILUX VI Pick-up _N1_<\/p>\n","protected":false},"featured_media":0,"template":"","meta":{"site-sidebar-layout":"default","site-content-layout":"default","ast-global-header-display":"","ast-main-header-display":"","ast-hfb-above-header-display":"","ast-hfb-below-header-display":"","ast-hfb-mobile-header-display":"","site-post-title":"","ast-breadcrumbs-content":"","ast-featured-img":"","footer-sml-layout":"","theme-transparent-header-meta":"","adv-header-id-meta":"","stick-header-meta":"","header-above-stick-meta":"","header-main-stick-meta":"","header-below-stick-meta":""},"pwb-brand":[536],"product_cat":[52],"product_tag":[],"class_list":{"0":"post-103400","1":"product","2":"type-product","3":"status-publish","5":"pwb-brand-champion","6":"product_cat-hehkutulppa","7":"desktop-align-left","8":"tablet-align-left","9":"mobile-align-left","11":"first","12":"instock","13":"product-type-external"},"brands":[{"id":536,"name":"Champion","slug":"champion"}],"_links":{"self":[{"href":"https:\/\/www.autonvaraosahaku.fi\/index.php?rest_route=\/wp\/v2\/product\/103400","targetHints":{"allow":["GET"]}}],"collection":[{"href":"https:\/\/www.autonvaraosahaku.fi\/index.php?rest_route=\/wp\/v2\/product"}],"about":[{"href":"https:\/\/www.autonvaraosahaku.fi\/index.php?rest_route=\/wp\/v2\/types\/product"}],"wp:attachment":[{"href":"https:\/\/www.autonvaraosahaku.fi\/index.php?rest_route=%2Fwp%2Fv2%2Fmedia&parent=103400"}],"wp:term":[{"taxonomy":"pwb-brand","embeddable":true,"href":"https:\/\/www.autonvaraosahaku.fi\/index.php?rest_route=%2Fwp%2Fv2%2Fpwb-brand&post=103400"},{"taxonomy":"product_cat","embeddable":true,"href":"https:\/\/www.autonvaraosahaku.fi\/index.php?rest_route=%2Fwp%2Fv2%2Fproduct_cat&post=103400"},{"taxonomy":"product_tag","embeddable":true,"href":"https:\/\/www.autonvaraosahaku.fi\/index.php?rest_route=%2Fwp%2Fv2%2Fproduct_tag&post=103400"}],"curies":[{"name":"wp","href":"https:\/\/api.w.org\/{rel}","templated":true}]}}