{"id":103405,"date":"2021-02-21T22:56:53","date_gmt":"2021-02-21T22:56:53","guid":{"rendered":"https:\/\/www.autonvaraosahaku.fi\/?product=champion-oe187-t10-sytytystulpat"},"modified":"2021-02-21T22:56:59","modified_gmt":"2021-02-21T22:56:59","slug":"champion-oe187-t10-sytytystulpat","status":"publish","type":"product","link":"https:\/\/www.autonvaraosahaku.fi\/?product=champion-oe187-t10-sytytystulpat","title":{"rendered":"Champion OE187\/T10 Sytytystulpat"},"content":{"rendered":"<p>K\u00e4rkiv\u00e4li (mm): 0,9; Liittimet: M4\/SAE; Kierremitta: M12x1.25; Avainv\u00e4li: 16 mm; Laatu \/ luokka: Pt GE; Pakkaustyyppi: Laatikko; Sytytystulppa: 1-maaelektroodi, suoralla istukalla, Iridium-keskielektrodi; Kierteen pituus (mm): 19; Teknisten tietojen numero: RA7WHPB3; Kipin\u00e4et\u00e4isyys [mm]: 2,4; Kiristysmomentti > [Nm]: 15; Kiristysmomentti enint\u00e4\u00e4n [Nm]: 25; Pakkauspituus [cm]: 8,65; Pakkausleveys [cm]: 2,45; Pakkauskorkeus [mm]: 2,45; Vastus alkaen [kOhm]: 3; Vastus asti [kOhm]: 10; Ulkonema [mm]: 0,8; Tuotelinja: Platinum CT; Tarvittava kappalem\u00e4\u00e4r\u00e4: 4; SUZUKI: WAGON R+ MM,ALTO HA24,WAGON R+ EM,CAPPUCINO EA; CHEVROLET: SPARK M300,AVEO Schr\u00e4gheck T250, T255,AVEO Stufenheck T250, T255; TOYOTA: bB II QNC2_; BMW: 3 Coupe E46,3 E36,3 E30,3 Cabriolet E46,3 Coupe E36,Z3 E36,Z4 E85,5 E34,3 Cabriolet E30,3 Cabriolet E36,5 Touring E34,5 E28,6 E24,Z3 Coupe E36,Z4 Coupe E86; DAIHATSU: MATERIA M4_,TERIOS J2_; WIESMANN: MF3 Roadster; FERRARI: 328 GTS,TESTAROSSA,MONDIAL,512 TR,328 GTB,MONDIAL Cabriolet; 0948200479; Tulpat,Sytytystulppa<\/p>\n","protected":false},"excerpt":{"rendered":"<p>CHAMPION Sytytystulpat OE187\/T10 Tulpat,Sytytystulppa SUZUKI,CHEVROLET,TOYOTA,WAGON R+ MM,ALTO HA24,WAGON R+ EM,CAPPUCINO EA,SPARK M300<\/p>\n","protected":false},"featured_media":0,"template":"","meta":{"site-sidebar-layout":"default","site-content-layout":"default","ast-global-header-display":"","ast-main-header-display":"","ast-hfb-above-header-display":"","ast-hfb-below-header-display":"","ast-hfb-mobile-header-display":"","site-post-title":"","ast-breadcrumbs-content":"","ast-featured-img":"","footer-sml-layout":"","theme-transparent-header-meta":"","adv-header-id-meta":"","stick-header-meta":"","header-above-stick-meta":"","header-main-stick-meta":"","header-below-stick-meta":""},"pwb-brand":[536],"product_cat":[165],"product_tag":[],"class_list":{"0":"post-103405","1":"product","2":"type-product","3":"status-publish","5":"pwb-brand-champion","6":"product_cat-sytytystulpat","7":"desktop-align-left","8":"tablet-align-left","9":"mobile-align-left","11":"first","12":"instock","13":"product-type-external"},"brands":[{"id":536,"name":"Champion","slug":"champion"}],"_links":{"self":[{"href":"https:\/\/www.autonvaraosahaku.fi\/index.php?rest_route=\/wp\/v2\/product\/103405","targetHints":{"allow":["GET"]}}],"collection":[{"href":"https:\/\/www.autonvaraosahaku.fi\/index.php?rest_route=\/wp\/v2\/product"}],"about":[{"href":"https:\/\/www.autonvaraosahaku.fi\/index.php?rest_route=\/wp\/v2\/types\/product"}],"wp:attachment":[{"href":"https:\/\/www.autonvaraosahaku.fi\/index.php?rest_route=%2Fwp%2Fv2%2Fmedia&parent=103405"}],"wp:term":[{"taxonomy":"pwb-brand","embeddable":true,"href":"https:\/\/www.autonvaraosahaku.fi\/index.php?rest_route=%2Fwp%2Fv2%2Fpwb-brand&post=103405"},{"taxonomy":"product_cat","embeddable":true,"href":"https:\/\/www.autonvaraosahaku.fi\/index.php?rest_route=%2Fwp%2Fv2%2Fproduct_cat&post=103405"},{"taxonomy":"product_tag","embeddable":true,"href":"https:\/\/www.autonvaraosahaku.fi\/index.php?rest_route=%2Fwp%2Fv2%2Fproduct_tag&post=103405"}],"curies":[{"name":"wp","href":"https:\/\/api.w.org\/{rel}","templated":true}]}}