{"id":103425,"date":"2021-02-21T22:57:02","date_gmt":"2021-02-21T22:57:02","guid":{"rendered":"https:\/\/www.autonvaraosahaku.fi\/?product=champion-caf100443c-ilmansuodatin"},"modified":"2021-02-21T22:57:08","modified_gmt":"2021-02-21T22:57:08","slug":"champion-caf100443c-ilmansuodatin","status":"publish","type":"product","link":"https:\/\/www.autonvaraosahaku.fi\/?product=champion-caf100443c-ilmansuodatin","title":{"rendered":"Champion CAF100443C Ilmansuodatin"},"content":{"rendered":"<p>Korkeus (mm): 377; Sis\u00e4l\u00e4pimitta [mm]: 100; Ulkol\u00e4pimitta [mm]: 146; Pakkaustyyppi: Laatikko; Suodatintyyppi: Suodatinpanos; Pakkauspituus [cm]: 38,5; Pakkausleveys [cm]: 15,8; Pakkauskorkeus [mm]: 10,1; Valmistusvuoteen: 08\/2007; LAND ROVER: FREELANDER LN; ROVER: 75 RJ,75 Tourer RJ; BMW: 3 E46,3 Touring E91,3 E90,5 E39,5 E60,1 E87,5 Touring E61,3 Touring E46,X3 E83,5 Touring E39,3 Compact E46,3 Coupe E46,1 E81,3 Cabriolet E46; MG: MG ZT- T,MG ZT; 13712246997, LR007478, PHE100500, PHE100500L<\/p>\n","protected":false},"excerpt":{"rendered":"<p>CHAMPION Ilmansuodatin CAF100443C  LAND ROVER,ROVER,BMW,FREELANDER LN,75 RJ,75 Tourer RJ,3 E46,3 Touring E91,3 E90,5 E39,5 E60,1 E87,5 Touring E61<\/p>\n","protected":false},"featured_media":0,"template":"","meta":{"site-sidebar-layout":"default","site-content-layout":"default","ast-global-header-display":"","ast-main-header-display":"","ast-hfb-above-header-display":"","ast-hfb-below-header-display":"","ast-hfb-mobile-header-display":"","site-post-title":"","ast-breadcrumbs-content":"","ast-featured-img":"","footer-sml-layout":"","theme-transparent-header-meta":"","adv-header-id-meta":"","stick-header-meta":"","header-above-stick-meta":"","header-main-stick-meta":"","header-below-stick-meta":""},"pwb-brand":[536],"product_cat":[31],"product_tag":[],"class_list":{"0":"post-103425","1":"product","2":"type-product","3":"status-publish","5":"pwb-brand-champion","6":"product_cat-ilmansuodatin","7":"desktop-align-left","8":"tablet-align-left","9":"mobile-align-left","11":"first","12":"instock","13":"product-type-external"},"brands":[{"id":536,"name":"Champion","slug":"champion"}],"_links":{"self":[{"href":"https:\/\/www.autonvaraosahaku.fi\/index.php?rest_route=\/wp\/v2\/product\/103425","targetHints":{"allow":["GET"]}}],"collection":[{"href":"https:\/\/www.autonvaraosahaku.fi\/index.php?rest_route=\/wp\/v2\/product"}],"about":[{"href":"https:\/\/www.autonvaraosahaku.fi\/index.php?rest_route=\/wp\/v2\/types\/product"}],"wp:attachment":[{"href":"https:\/\/www.autonvaraosahaku.fi\/index.php?rest_route=%2Fwp%2Fv2%2Fmedia&parent=103425"}],"wp:term":[{"taxonomy":"pwb-brand","embeddable":true,"href":"https:\/\/www.autonvaraosahaku.fi\/index.php?rest_route=%2Fwp%2Fv2%2Fpwb-brand&post=103425"},{"taxonomy":"product_cat","embeddable":true,"href":"https:\/\/www.autonvaraosahaku.fi\/index.php?rest_route=%2Fwp%2Fv2%2Fproduct_cat&post=103425"},{"taxonomy":"product_tag","embeddable":true,"href":"https:\/\/www.autonvaraosahaku.fi\/index.php?rest_route=%2Fwp%2Fv2%2Fproduct_tag&post=103425"}],"curies":[{"name":"wp","href":"https:\/\/api.w.org\/{rel}","templated":true}]}}