{"id":10345,"date":"2021-02-21T14:08:32","date_gmt":"2021-02-21T14:08:32","guid":{"rendered":"https:\/\/www.autonvaraosahaku.fi\/?product=hella-5dv-009-610-001-muut-luokat"},"modified":"2021-02-21T14:08:33","modified_gmt":"2021-02-21T14:08:33","slug":"hella-5dv-009-610-001-muut-luokat","status":"publish","type":"product","link":"https:\/\/www.autonvaraosahaku.fi\/?product=hella-5dv-009-610-001-muut-luokat","title":{"rendered":"HELLA 5DV 009 610-001 Muut luokat"},"content":{"rendered":"<p>Korvaava tuote\/korvaava tiedote 2: Ohjainta\/ohjelmaa EI SAA kouluttaa\/p\u00e4ivitt\u00e4\u00e4; Lyhdyn muoto: Xenon; Nimellisj\u00e4nnite (V): 12; Valmistusvuoteen: 06\/2012; SKODA: OCTAVIA Combi 1Z5,OCTAVIA 1Z3; BMW: X5 E70,X6 E71, E72; NISSAN: QASHQAI \/ QASHQAI +2 J10, JJ10,QASHQAI J11, J11_; MERCEDES-BENZ: VIANO W639,VITO Bus W639,VITO \/ MIXTO Kasten W639,SPRINTER 3,5-t Pritsche\/Fahrgestell 906,SPRINTER 4,6-t Bus,SPRINTER 5-t Bus; 7248050, 724805001, 0008212561, A0008212561, 7PP941597<\/p>\n","protected":false},"excerpt":{"rendered":"<p>HELLA Kytkent\u00e4laite, Kaasupurkauslamppu 5DV 009 610-001  SKODA,BMW,NISSAN,OCTAVIA Combi 1Z5,OCTAVIA 1Z3,X5 E70,X6 E71, E72<\/p>\n","protected":false},"featured_media":0,"template":"","meta":{"site-sidebar-layout":"default","site-content-layout":"default","ast-global-header-display":"","ast-main-header-display":"","ast-hfb-above-header-display":"","ast-hfb-below-header-display":"","ast-hfb-mobile-header-display":"","site-post-title":"","ast-breadcrumbs-content":"","ast-featured-img":"","footer-sml-layout":"","theme-transparent-header-meta":"","adv-header-id-meta":"","stick-header-meta":"","header-above-stick-meta":"","header-main-stick-meta":"","header-below-stick-meta":""},"pwb-brand":[24],"product_cat":[37],"product_tag":[],"class_list":{"0":"post-10345","1":"product","2":"type-product","3":"status-publish","5":"pwb-brand-hella","6":"product_cat-muut-luokat","7":"desktop-align-left","8":"tablet-align-left","9":"mobile-align-left","11":"first","12":"instock","13":"product-type-external"},"brands":[{"id":24,"name":"HELLA","slug":"hella"}],"_links":{"self":[{"href":"https:\/\/www.autonvaraosahaku.fi\/index.php?rest_route=\/wp\/v2\/product\/10345","targetHints":{"allow":["GET"]}}],"collection":[{"href":"https:\/\/www.autonvaraosahaku.fi\/index.php?rest_route=\/wp\/v2\/product"}],"about":[{"href":"https:\/\/www.autonvaraosahaku.fi\/index.php?rest_route=\/wp\/v2\/types\/product"}],"wp:attachment":[{"href":"https:\/\/www.autonvaraosahaku.fi\/index.php?rest_route=%2Fwp%2Fv2%2Fmedia&parent=10345"}],"wp:term":[{"taxonomy":"pwb-brand","embeddable":true,"href":"https:\/\/www.autonvaraosahaku.fi\/index.php?rest_route=%2Fwp%2Fv2%2Fpwb-brand&post=10345"},{"taxonomy":"product_cat","embeddable":true,"href":"https:\/\/www.autonvaraosahaku.fi\/index.php?rest_route=%2Fwp%2Fv2%2Fproduct_cat&post=10345"},{"taxonomy":"product_tag","embeddable":true,"href":"https:\/\/www.autonvaraosahaku.fi\/index.php?rest_route=%2Fwp%2Fv2%2Fproduct_tag&post=10345"}],"curies":[{"name":"wp","href":"https:\/\/api.w.org\/{rel}","templated":true}]}}