{"id":103456,"date":"2021-02-21T22:57:19","date_gmt":"2021-02-21T22:57:19","guid":{"rendered":"https:\/\/www.autonvaraosahaku.fi\/?product=champion-cof102106s-oljynsuodatin"},"modified":"2021-02-21T22:57:22","modified_gmt":"2021-02-21T22:57:22","slug":"champion-cof102106s-oljynsuodatin","status":"publish","type":"product","link":"https:\/\/www.autonvaraosahaku.fi\/?product=champion-cof102106s-oljynsuodatin","title":{"rendered":"Champion COF102106S \u00d6ljynsuodatin"},"content":{"rendered":"<p>Korkeus (mm): 101; Kierremitta: M22x1.5; Sis\u00e4l\u00e4pimitta [mm]: 72; Ulkol\u00e4pimitta [mm]: 97; Pakkaustyyppi: Laatikko; Suodatintyyppi: Ruuvattava suodatin; Pakkauspituus [cm]: 9,8; Pakkausleveys [cm]: 9,8; Pakkauskorkeus [mm]: 10,8; Moottorinumero: MP25SEA; FORD: MONDEO III Kombi BWY,MONDEO III B5Y,MAVERICK,MONDEO III Stufenheck B4Y,MONDEO II Kombi BNP,COUGAR EC_,MONDEO II BAP,MONDEO II Stufenheck BFP,MONDEO I Kombi BNP,MONDEO I GBP,MONDEO I Stufenheck GBP,TAUNUS 15M Coupe 23G; MAZDA: TRIBUTE EP; ROVER: 75 RJ,75 Tourer RJ; MG: MG ZT- T,MG ZT; FORD USA: EXPLORER U2,MUSTANG Coupe,MUSTANG Convertible,TAURUS P5_,TAURUS Wagon P5_; 3652061, 3904728, 4137784, 6636968, AJ0414302B, AJ5714302, LPW000070<\/p>\n","protected":false},"excerpt":{"rendered":"<p>CHAMPION \u00d6ljynsuodatin COF102106S  FORD,MAZDA,ROVER,MONDEO III Kombi BWY,MONDEO III B5Y,MAVERICK,MONDEO III Stufenheck B4Y,MONDEO II Kombi BNP<\/p>\n","protected":false},"featured_media":0,"template":"","meta":{"site-sidebar-layout":"default","site-content-layout":"default","ast-global-header-display":"","ast-main-header-display":"","ast-hfb-above-header-display":"","ast-hfb-below-header-display":"","ast-hfb-mobile-header-display":"","site-post-title":"","ast-breadcrumbs-content":"","ast-featured-img":"","footer-sml-layout":"","theme-transparent-header-meta":"","adv-header-id-meta":"","stick-header-meta":"","header-above-stick-meta":"","header-main-stick-meta":"","header-below-stick-meta":""},"pwb-brand":[536],"product_cat":[30],"product_tag":[],"class_list":{"0":"post-103456","1":"product","2":"type-product","3":"status-publish","5":"pwb-brand-champion","6":"product_cat-oljynsuodatin","7":"desktop-align-left","8":"tablet-align-left","9":"mobile-align-left","11":"first","12":"instock","13":"product-type-external"},"brands":[{"id":536,"name":"Champion","slug":"champion"}],"_links":{"self":[{"href":"https:\/\/www.autonvaraosahaku.fi\/index.php?rest_route=\/wp\/v2\/product\/103456","targetHints":{"allow":["GET"]}}],"collection":[{"href":"https:\/\/www.autonvaraosahaku.fi\/index.php?rest_route=\/wp\/v2\/product"}],"about":[{"href":"https:\/\/www.autonvaraosahaku.fi\/index.php?rest_route=\/wp\/v2\/types\/product"}],"wp:attachment":[{"href":"https:\/\/www.autonvaraosahaku.fi\/index.php?rest_route=%2Fwp%2Fv2%2Fmedia&parent=103456"}],"wp:term":[{"taxonomy":"pwb-brand","embeddable":true,"href":"https:\/\/www.autonvaraosahaku.fi\/index.php?rest_route=%2Fwp%2Fv2%2Fpwb-brand&post=103456"},{"taxonomy":"product_cat","embeddable":true,"href":"https:\/\/www.autonvaraosahaku.fi\/index.php?rest_route=%2Fwp%2Fv2%2Fproduct_cat&post=103456"},{"taxonomy":"product_tag","embeddable":true,"href":"https:\/\/www.autonvaraosahaku.fi\/index.php?rest_route=%2Fwp%2Fv2%2Fproduct_tag&post=103456"}],"curies":[{"name":"wp","href":"https:\/\/api.w.org\/{rel}","templated":true}]}}