{"id":103460,"date":"2021-02-21T22:57:19","date_gmt":"2021-02-21T22:57:19","guid":{"rendered":"https:\/\/www.autonvaraosahaku.fi\/?product=champion-cff100135-polttoainesuodatin"},"modified":"2021-02-21T22:57:24","modified_gmt":"2021-02-21T22:57:24","slug":"champion-cff100135-polttoainesuodatin","status":"publish","type":"product","link":"https:\/\/www.autonvaraosahaku.fi\/?product=champion-cff100135-polttoainesuodatin","title":{"rendered":"Champion CFF100135 Polttoainesuodatin"},"content":{"rendered":"<p>Korkeus (mm): 100; Sis\u00e4l\u00e4pimitta [mm]: 14; Ulkol\u00e4pimitta [mm]: 65; Pakkaustyyppi: Laatikko; Suodatintyyppi: Suodatinpanos; Pakkauspituus [cm]: 6,6; Pakkausleveys [cm]: 6,6; Pakkauskorkeus [mm]: 10,3; Valmistaja rajaus: Bosch; OPEL: MOVANO Kasten F9,MOVANO Combi J9,MOVANO Pritsche\/Fahrgestell U9, E9; RENAULT: SAFRANE I B54_; CITRO\u00cbN: XM Y4,BX XB-_,C25 Bus 280_, 290_,XM Y3,CX II,XM Break Y4,BX Break XB-_,C15 VD-_,CX II Break,XM Break Y3,C15 Kombi; PEUGEOT: 205 II 20A\/C,J5 Pritsche\/Fahrgestell 280L,J5 Pritsche\/Fahrgestell 290L,J5 Bus 290P,309 II 3C, 3A,205 I 741A\/C,J5 Kasten 290L,J5 Bus 280P,405 I 15B,605 6B,309 I 10C, 10A,405 I Break 15E,205 Kasten; MITSUBISHI: SPACE STAR DG_A,CARISMA DA_,CARISMA Stufenheck DA_; ARO: 240-244; VAUXHALL: VIVARO Kasten F7,VIVARO Combi J7,VIVARO Pritsche\/Fahrgestell E7; 9560890101, 95608910, 5017832, 190601, 190611, 7701203657<\/p>\n","protected":false},"excerpt":{"rendered":"<p>CHAMPION Polttoainesuodatin CFF100135  OPEL,RENAULT,CITRO\u00cbN,MOVANO Kasten F9,MOVANO Combi J9,MOVANO Pritsche\/Fahrgestell U9, E9,SAFRANE I B54_,XM Y4<\/p>\n","protected":false},"featured_media":0,"template":"","meta":{"site-sidebar-layout":"default","site-content-layout":"default","ast-global-header-display":"","ast-main-header-display":"","ast-hfb-above-header-display":"","ast-hfb-below-header-display":"","ast-hfb-mobile-header-display":"","site-post-title":"","ast-breadcrumbs-content":"","ast-featured-img":"","footer-sml-layout":"","theme-transparent-header-meta":"","adv-header-id-meta":"","stick-header-meta":"","header-above-stick-meta":"","header-main-stick-meta":"","header-below-stick-meta":""},"pwb-brand":[536],"product_cat":[29],"product_tag":[],"class_list":{"0":"post-103460","1":"product","2":"type-product","3":"status-publish","5":"pwb-brand-champion","6":"product_cat-polttoainesuodatin","7":"desktop-align-left","8":"tablet-align-left","9":"mobile-align-left","11":"first","12":"instock","13":"product-type-external"},"brands":[{"id":536,"name":"Champion","slug":"champion"}],"_links":{"self":[{"href":"https:\/\/www.autonvaraosahaku.fi\/index.php?rest_route=\/wp\/v2\/product\/103460","targetHints":{"allow":["GET"]}}],"collection":[{"href":"https:\/\/www.autonvaraosahaku.fi\/index.php?rest_route=\/wp\/v2\/product"}],"about":[{"href":"https:\/\/www.autonvaraosahaku.fi\/index.php?rest_route=\/wp\/v2\/types\/product"}],"wp:attachment":[{"href":"https:\/\/www.autonvaraosahaku.fi\/index.php?rest_route=%2Fwp%2Fv2%2Fmedia&parent=103460"}],"wp:term":[{"taxonomy":"pwb-brand","embeddable":true,"href":"https:\/\/www.autonvaraosahaku.fi\/index.php?rest_route=%2Fwp%2Fv2%2Fpwb-brand&post=103460"},{"taxonomy":"product_cat","embeddable":true,"href":"https:\/\/www.autonvaraosahaku.fi\/index.php?rest_route=%2Fwp%2Fv2%2Fproduct_cat&post=103460"},{"taxonomy":"product_tag","embeddable":true,"href":"https:\/\/www.autonvaraosahaku.fi\/index.php?rest_route=%2Fwp%2Fv2%2Fproduct_tag&post=103460"}],"curies":[{"name":"wp","href":"https:\/\/api.w.org\/{rel}","templated":true}]}}