{"id":103463,"date":"2021-02-21T22:57:19","date_gmt":"2021-02-21T22:57:19","guid":{"rendered":"https:\/\/www.autonvaraosahaku.fi\/?product=champion-cof100209s-oljynsuodatin"},"modified":"2021-02-21T22:57:25","modified_gmt":"2021-02-21T22:57:25","slug":"champion-cof100209s-oljynsuodatin","status":"publish","type":"product","link":"https:\/\/www.autonvaraosahaku.fi\/?product=champion-cof100209s-oljynsuodatin","title":{"rendered":"Champion COF100209S \u00d6ljynsuodatin"},"content":{"rendered":"<p>Korkeus (mm): 102; Kierremitta: 3\/4-16 UNF; Sis\u00e4l\u00e4pimitta [mm]: 72; Ulkol\u00e4pimitta [mm]: 93; Pakkaustyyppi: Laatikko; Suodatintyyppi: Ruuvattava suodatin; Pakkauspituus [cm]: 9,5; Pakkausleveys [cm]: 9,5; Pakkauskorkeus [mm]: 10,5; Valmistusvuosi alkaen: 10\/1992; NISSAN: ALMERA I Hatchback N15,ALMERA I N15,PICK UP D21,SERENA C23M,PATROL GR I Y60, GR,PRIMERA P10,TERRANO I WD21,280 ZX,ZXT HGS130,PATROL Hardtop K160,PATROL Hardtop K260,SUNNY III N14,VANETTE Bus C22,PULSAR V Schr\u00e4gheck N14,SUNNY III Liftback N14,PRIMERA Hatchback P10,PRIMERA Traveller W10,PATROL Station Wagon W160,SUNNY II Hatchback N13,SILVIA S12,BLUEBIRD T72 , T12,LAUREL JC32,SUNNY III Traveller Y10,VANETTE CARGO Kasten HC 23,PICK UP 720,BLUEBIRD Hatchback T72, T12,VANETTE CARGO Bus HC 23,SUNNY II N13,BLUEBIRD Station Wagon WU11,BLUEBIRD U11,SUNNY Kasten Y10,PRAIRIE M10, NM10,TRADE Pritsche\/Fahrgestell,SUNNY II Traveller B12,VANETTE Kasten C22,LAUREL JC31,CHERRY III N12,SUNNY I B11,LAUREL HLC230,BLUEBIRD 910,SUNNY I Traveller B11,BLUEBIRD Traveller W910,BLUEBIRD Stufenheck 910; 15208W1111, A5208W1103<\/p>\n","protected":false},"excerpt":{"rendered":"<p>CHAMPION \u00d6ljynsuodatin COF100209S  NISSAN,ALMERA I Hatchback N15,ALMERA I N15,PICK UP D21,SERENA C23M,PATROL GR I Y60, GR,PRIMERA P10,TERRANO I WD21<\/p>\n","protected":false},"featured_media":0,"template":"","meta":{"site-sidebar-layout":"default","site-content-layout":"default","ast-global-header-display":"","ast-main-header-display":"","ast-hfb-above-header-display":"","ast-hfb-below-header-display":"","ast-hfb-mobile-header-display":"","site-post-title":"","ast-breadcrumbs-content":"","ast-featured-img":"","footer-sml-layout":"","theme-transparent-header-meta":"","adv-header-id-meta":"","stick-header-meta":"","header-above-stick-meta":"","header-main-stick-meta":"","header-below-stick-meta":""},"pwb-brand":[536],"product_cat":[30],"product_tag":[],"class_list":{"0":"post-103463","1":"product","2":"type-product","3":"status-publish","5":"pwb-brand-champion","6":"product_cat-oljynsuodatin","7":"desktop-align-left","8":"tablet-align-left","9":"mobile-align-left","11":"first","12":"instock","13":"product-type-external"},"brands":[{"id":536,"name":"Champion","slug":"champion"}],"_links":{"self":[{"href":"https:\/\/www.autonvaraosahaku.fi\/index.php?rest_route=\/wp\/v2\/product\/103463","targetHints":{"allow":["GET"]}}],"collection":[{"href":"https:\/\/www.autonvaraosahaku.fi\/index.php?rest_route=\/wp\/v2\/product"}],"about":[{"href":"https:\/\/www.autonvaraosahaku.fi\/index.php?rest_route=\/wp\/v2\/types\/product"}],"wp:attachment":[{"href":"https:\/\/www.autonvaraosahaku.fi\/index.php?rest_route=%2Fwp%2Fv2%2Fmedia&parent=103463"}],"wp:term":[{"taxonomy":"pwb-brand","embeddable":true,"href":"https:\/\/www.autonvaraosahaku.fi\/index.php?rest_route=%2Fwp%2Fv2%2Fpwb-brand&post=103463"},{"taxonomy":"product_cat","embeddable":true,"href":"https:\/\/www.autonvaraosahaku.fi\/index.php?rest_route=%2Fwp%2Fv2%2Fproduct_cat&post=103463"},{"taxonomy":"product_tag","embeddable":true,"href":"https:\/\/www.autonvaraosahaku.fi\/index.php?rest_route=%2Fwp%2Fv2%2Fproduct_tag&post=103463"}],"curies":[{"name":"wp","href":"https:\/\/api.w.org\/{rel}","templated":true}]}}