{"id":103468,"date":"2021-02-21T22:57:19","date_gmt":"2021-02-21T22:57:19","guid":{"rendered":"https:\/\/www.autonvaraosahaku.fi\/?product=champion-ch204-002-hehkutulppa"},"modified":"2021-02-21T22:57:27","modified_gmt":"2021-02-21T22:57:27","slug":"champion-ch204-002-hehkutulppa","status":"publish","type":"product","link":"https:\/\/www.autonvaraosahaku.fi\/?product=champion-ch204-002-hehkutulppa","title":{"rendered":"Champion CH204\/002 Hehkutulppa"},"content":{"rendered":"<p>J\u00e4nnite (V): 11,5; Liittimet: Pin 4mm; L\u00e4pimitta [mm]: 5; Kierremitta: M12x1.25; Kokonaispituus (mm): 87; Avainv\u00e4li: 12; Kiristysmomentti: 20; Hehkutulppatyyppi: Hehkutulppa, puikko; Asennussyvyys (mm): 27,3; Moottorinumerosta: 9850; MERCEDES-BENZ: E-CLASS W210,E-CLASS Kombi S210,SPRINTER 3-t Kasten 903,SPRINTER 2-t Bus 901, 902,SPRINTER 2-t Kasten 901, 902,SPRINTER 3-t Bus 903,SPRINTER 3-t Pritsche\/Fahrgestell 903,SPRINTER 4-t Pritsche\/Fahrgestell 904,VARIO Kasten\/Kombi,SPRINTER 2-t Pritsche\/Fahrgestell 901, 902,VARIO Pritsche\/Fahrgestell,SPRINTER 4-t Kasten 904,VARIO Kipper; 0011592601, A0011592601<\/p>\n","protected":false},"excerpt":{"rendered":"<p>CHAMPION Hehkutulppa CH204\/002  MERCEDES-BENZ,E-CLASS W210,E-CLASS Kombi S210,SPRINTER 3-t Kasten 903,SPRINTER 2-t Bus 901, 902<\/p>\n","protected":false},"featured_media":0,"template":"","meta":{"site-sidebar-layout":"default","site-content-layout":"default","ast-global-header-display":"","ast-main-header-display":"","ast-hfb-above-header-display":"","ast-hfb-below-header-display":"","ast-hfb-mobile-header-display":"","site-post-title":"","ast-breadcrumbs-content":"","ast-featured-img":"","footer-sml-layout":"","theme-transparent-header-meta":"","adv-header-id-meta":"","stick-header-meta":"","header-above-stick-meta":"","header-main-stick-meta":"","header-below-stick-meta":""},"pwb-brand":[536],"product_cat":[52],"product_tag":[],"class_list":{"0":"post-103468","1":"product","2":"type-product","3":"status-publish","5":"pwb-brand-champion","6":"product_cat-hehkutulppa","7":"desktop-align-left","8":"tablet-align-left","9":"mobile-align-left","11":"first","12":"instock","13":"product-type-external"},"brands":[{"id":536,"name":"Champion","slug":"champion"}],"_links":{"self":[{"href":"https:\/\/www.autonvaraosahaku.fi\/index.php?rest_route=\/wp\/v2\/product\/103468","targetHints":{"allow":["GET"]}}],"collection":[{"href":"https:\/\/www.autonvaraosahaku.fi\/index.php?rest_route=\/wp\/v2\/product"}],"about":[{"href":"https:\/\/www.autonvaraosahaku.fi\/index.php?rest_route=\/wp\/v2\/types\/product"}],"wp:attachment":[{"href":"https:\/\/www.autonvaraosahaku.fi\/index.php?rest_route=%2Fwp%2Fv2%2Fmedia&parent=103468"}],"wp:term":[{"taxonomy":"pwb-brand","embeddable":true,"href":"https:\/\/www.autonvaraosahaku.fi\/index.php?rest_route=%2Fwp%2Fv2%2Fpwb-brand&post=103468"},{"taxonomy":"product_cat","embeddable":true,"href":"https:\/\/www.autonvaraosahaku.fi\/index.php?rest_route=%2Fwp%2Fv2%2Fproduct_cat&post=103468"},{"taxonomy":"product_tag","embeddable":true,"href":"https:\/\/www.autonvaraosahaku.fi\/index.php?rest_route=%2Fwp%2Fv2%2Fproduct_tag&post=103468"}],"curies":[{"name":"wp","href":"https:\/\/api.w.org\/{rel}","templated":true}]}}