{"id":103490,"date":"2021-02-21T22:57:37","date_gmt":"2021-02-21T22:57:37","guid":{"rendered":"https:\/\/www.autonvaraosahaku.fi\/?product=champion-oe030-t10-sytytystulpat"},"modified":"2021-02-21T22:57:37","modified_gmt":"2021-02-21T22:57:37","slug":"champion-oe030-t10-sytytystulpat","status":"publish","type":"product","link":"https:\/\/www.autonvaraosahaku.fi\/?product=champion-oe030-t10-sytytystulpat","title":{"rendered":"Champion OE030\/T10 Sytytystulpat"},"content":{"rendered":"<p>K\u00e4rkiv\u00e4li (mm): 0,9; Liittimet: SAE; Kierremitta: M14x1.25; Avainv\u00e4li: 16 mm; Laatu \/ luokka: Nickel GE; Pakkaustyyppi: Laatikko; Sytytystulppa: 2-maaelektroodia, suoralla istukalla, Kuparikeskielektrodi; Kierteen pituus (mm): 19; Teknisten tietojen numero: RC8BYC; Kipin\u00e4et\u00e4isyys [mm]: 3; Kiristysmomentti > [Nm]: 20; Kiristysmomentti enint\u00e4\u00e4n [Nm]: 30; Pakkauspituus [cm]: 8,85; Pakkausleveys [cm]: 2,6; Pakkauskorkeus [mm]: 2,35; Vastus alkaen [kOhm]: 3; Vastus asti [kOhm]: 9; Ulkonema [mm]: 1,5; Tuotelinja: Igniter Industrial; Tarvittava kappalem\u00e4\u00e4r\u00e4: 5; LANCIA: Y 840A,LYBRA SW 839BX,KAPPA 838A,LYBRA 839AX,KAPPA SW 838B,KAPPA Coupe 838; DAIHATSU: CHARADE IV Stufenheck G203; FIAT: DOBLO 119,MULTIPLA 186,BRAVO I 182,BRAVA 182,MAREA 185,SIENA 178_; LOTUS: ESPRIT S4 082; 12NDK, 71736282, 59622T, 46463801, 46472021, 596018, 59622T, 9626195980, 9626575480; Tulpat,Sytytystulppa<\/p>\n","protected":false},"excerpt":{"rendered":"<p>CHAMPION Sytytystulpat OE030\/T10 Tulpat,Sytytystulppa LANCIA,DAIHATSU,FIAT,Y 840A,LYBRA SW 839BX,KAPPA 838A,LYBRA 839AX,KAPPA SW 838B,KAPPA Coupe 838<\/p>\n","protected":false},"featured_media":0,"template":"","meta":{"site-sidebar-layout":"default","site-content-layout":"default","ast-global-header-display":"","ast-main-header-display":"","ast-hfb-above-header-display":"","ast-hfb-below-header-display":"","ast-hfb-mobile-header-display":"","site-post-title":"","ast-breadcrumbs-content":"","ast-featured-img":"","footer-sml-layout":"","theme-transparent-header-meta":"","adv-header-id-meta":"","stick-header-meta":"","header-above-stick-meta":"","header-main-stick-meta":"","header-below-stick-meta":""},"pwb-brand":[536],"product_cat":[165],"product_tag":[],"class_list":{"0":"post-103490","1":"product","2":"type-product","3":"status-publish","5":"pwb-brand-champion","6":"product_cat-sytytystulpat","7":"desktop-align-left","8":"tablet-align-left","9":"mobile-align-left","11":"first","12":"instock","13":"product-type-external"},"brands":[{"id":536,"name":"Champion","slug":"champion"}],"_links":{"self":[{"href":"https:\/\/www.autonvaraosahaku.fi\/index.php?rest_route=\/wp\/v2\/product\/103490","targetHints":{"allow":["GET"]}}],"collection":[{"href":"https:\/\/www.autonvaraosahaku.fi\/index.php?rest_route=\/wp\/v2\/product"}],"about":[{"href":"https:\/\/www.autonvaraosahaku.fi\/index.php?rest_route=\/wp\/v2\/types\/product"}],"wp:attachment":[{"href":"https:\/\/www.autonvaraosahaku.fi\/index.php?rest_route=%2Fwp%2Fv2%2Fmedia&parent=103490"}],"wp:term":[{"taxonomy":"pwb-brand","embeddable":true,"href":"https:\/\/www.autonvaraosahaku.fi\/index.php?rest_route=%2Fwp%2Fv2%2Fpwb-brand&post=103490"},{"taxonomy":"product_cat","embeddable":true,"href":"https:\/\/www.autonvaraosahaku.fi\/index.php?rest_route=%2Fwp%2Fv2%2Fproduct_cat&post=103490"},{"taxonomy":"product_tag","embeddable":true,"href":"https:\/\/www.autonvaraosahaku.fi\/index.php?rest_route=%2Fwp%2Fv2%2Fproduct_tag&post=103490"}],"curies":[{"name":"wp","href":"https:\/\/api.w.org\/{rel}","templated":true}]}}