{"id":103499,"date":"2021-02-21T22:57:37","date_gmt":"2021-02-21T22:57:37","guid":{"rendered":"https:\/\/www.autonvaraosahaku.fi\/?product=champion-cof100271s-oljynsuodatin"},"modified":"2021-02-21T22:57:41","modified_gmt":"2021-02-21T22:57:41","slug":"champion-cof100271s-oljynsuodatin","status":"publish","type":"product","link":"https:\/\/www.autonvaraosahaku.fi\/?product=champion-cof100271s-oljynsuodatin","title":{"rendered":"Champion COF100271S \u00d6ljynsuodatin"},"content":{"rendered":"<p>Korkeus (mm): 126; Kierremitta: M26x1.5; Sis\u00e4l\u00e4pimitta [mm]: 88; Ulkol\u00e4pimitta [mm]: 90; Pakkaustyyppi: Laatikko; Suodatintyyppi: Ruuvattava suodatin; Pakkauspituus [cm]: 9,5; Pakkausleveys [cm]: 9,5; Pakkauskorkeus [mm]: 13; Moottorinumero: RFM; MAZDA: 626 IV Hatchback GE,626 IV GE,626 III GD,626 III Hatchback GD,626 III Station Wagon GV; SUZUKI: GRAND VITARA I FT,VITARA ET, TA; OPEL: FRONTERA A Sport 5_SUD2,FRONTERA A 5_MWL4,CAMPO TF_; VAUXHALL: FRONTERA Mk I A,BRAVA Pick-up,MONTEREY,FRONTERA Mk I A Sport; ISUZU: TROOPER UBS,TROOPER UB,TROOPER Soft Top UB; RFYO14302, 1651678E00<\/p>\n","protected":false},"excerpt":{"rendered":"<p>CHAMPION \u00d6ljynsuodatin COF100271S  MAZDA,SUZUKI,OPEL,626 IV Hatchback GE,626 IV GE,626 III GD,626 III Hatchback GD,626 III Station Wagon GV<\/p>\n","protected":false},"featured_media":0,"template":"","meta":{"site-sidebar-layout":"default","site-content-layout":"default","ast-global-header-display":"","ast-main-header-display":"","ast-hfb-above-header-display":"","ast-hfb-below-header-display":"","ast-hfb-mobile-header-display":"","site-post-title":"","ast-breadcrumbs-content":"","ast-featured-img":"","footer-sml-layout":"","theme-transparent-header-meta":"","adv-header-id-meta":"","stick-header-meta":"","header-above-stick-meta":"","header-main-stick-meta":"","header-below-stick-meta":""},"pwb-brand":[536],"product_cat":[30],"product_tag":[],"class_list":{"0":"post-103499","1":"product","2":"type-product","3":"status-publish","5":"pwb-brand-champion","6":"product_cat-oljynsuodatin","7":"desktop-align-left","8":"tablet-align-left","9":"mobile-align-left","11":"first","12":"instock","13":"product-type-external"},"brands":[{"id":536,"name":"Champion","slug":"champion"}],"_links":{"self":[{"href":"https:\/\/www.autonvaraosahaku.fi\/index.php?rest_route=\/wp\/v2\/product\/103499","targetHints":{"allow":["GET"]}}],"collection":[{"href":"https:\/\/www.autonvaraosahaku.fi\/index.php?rest_route=\/wp\/v2\/product"}],"about":[{"href":"https:\/\/www.autonvaraosahaku.fi\/index.php?rest_route=\/wp\/v2\/types\/product"}],"wp:attachment":[{"href":"https:\/\/www.autonvaraosahaku.fi\/index.php?rest_route=%2Fwp%2Fv2%2Fmedia&parent=103499"}],"wp:term":[{"taxonomy":"pwb-brand","embeddable":true,"href":"https:\/\/www.autonvaraosahaku.fi\/index.php?rest_route=%2Fwp%2Fv2%2Fpwb-brand&post=103499"},{"taxonomy":"product_cat","embeddable":true,"href":"https:\/\/www.autonvaraosahaku.fi\/index.php?rest_route=%2Fwp%2Fv2%2Fproduct_cat&post=103499"},{"taxonomy":"product_tag","embeddable":true,"href":"https:\/\/www.autonvaraosahaku.fi\/index.php?rest_route=%2Fwp%2Fv2%2Fproduct_tag&post=103499"}],"curies":[{"name":"wp","href":"https:\/\/api.w.org\/{rel}","templated":true}]}}