{"id":103504,"date":"2021-02-21T22:57:37","date_gmt":"2021-02-21T22:57:37","guid":{"rendered":"https:\/\/www.autonvaraosahaku.fi\/?product=champion-caf100106r-ilmansuodatin"},"modified":"2021-02-21T22:57:43","modified_gmt":"2021-02-21T22:57:43","slug":"champion-caf100106r-ilmansuodatin","status":"publish","type":"product","link":"https:\/\/www.autonvaraosahaku.fi\/?product=champion-caf100106r-ilmansuodatin","title":{"rendered":"Champion CAF100106R Ilmansuodatin"},"content":{"rendered":"<p>Korkeus (mm): 63; Sis\u00e4l\u00e4pimitta [mm]: 182; Ulkol\u00e4pimitta [mm]: 231; Pakkaustyyppi: Laatikko; Suodatintyyppi: Suodatinpanos; Pakkauspituus [cm]: 23,3; Pakkausleveys [cm]: 23,3; Pakkauskorkeus [mm]: 6,4; Valmistusvuoteen: 09\/1980; LADA: NIVA 2121,1200-1600,1200-1500 Kombi,SAMARA 2108, 2109, 2115, 2113, 2114,NOVA 2105,TOSCANA 2107,NOVA Kombi 2104,SAMARA Stufenheck 21099, 2115; SEAT: 124,131,124 Kombi,132,RONDA 022A; LANCIA: BETA Spider 828BS,BETA Coupe 828BC,BETA  H.P.E. 828BF,BETA 828_B_,TREVI 828DB; DAIHATSU: CHARADE IV G200, G202,CHARADE III G100, G101, G102,CHARADE II G11, G30,CHARADE I G10; RENAULT: ESTAFETTE 213_; FIAT: 124 Spider,1500 Cabriolet,1500-2300,125,131,124 Coupe,RITMO I 138A,124,132,ARGENTA 132A,RITMO Cabriolet,124 Familiare,131 Familiare\/Panorama; MORGAN: PLUS FOUR,FOUR FOUR; PIAGGIO: PORTER Kasten; TALBOT: SIMCA SUNBEAM; 4363009, 21011109100, 2101110910001, 2101110910002, 21211109100, 0003897993<\/p>\n","protected":false},"excerpt":{"rendered":"<p>CHAMPION Ilmansuodatin CAF100106R  LADA,SEAT,LANCIA,NIVA 2121,1200-1600,1200-1500 Kombi,SAMARA 2108, 2109, 2115, 2113, 2114,NOVA 2105,TOSCANA 2107<\/p>\n","protected":false},"featured_media":0,"template":"","meta":{"site-sidebar-layout":"default","site-content-layout":"default","ast-global-header-display":"","ast-main-header-display":"","ast-hfb-above-header-display":"","ast-hfb-below-header-display":"","ast-hfb-mobile-header-display":"","site-post-title":"","ast-breadcrumbs-content":"","ast-featured-img":"","footer-sml-layout":"","theme-transparent-header-meta":"","adv-header-id-meta":"","stick-header-meta":"","header-above-stick-meta":"","header-main-stick-meta":"","header-below-stick-meta":""},"pwb-brand":[536],"product_cat":[31],"product_tag":[],"class_list":{"0":"post-103504","1":"product","2":"type-product","3":"status-publish","5":"pwb-brand-champion","6":"product_cat-ilmansuodatin","7":"desktop-align-left","8":"tablet-align-left","9":"mobile-align-left","11":"first","12":"instock","13":"product-type-external"},"brands":[{"id":536,"name":"Champion","slug":"champion"}],"_links":{"self":[{"href":"https:\/\/www.autonvaraosahaku.fi\/index.php?rest_route=\/wp\/v2\/product\/103504","targetHints":{"allow":["GET"]}}],"collection":[{"href":"https:\/\/www.autonvaraosahaku.fi\/index.php?rest_route=\/wp\/v2\/product"}],"about":[{"href":"https:\/\/www.autonvaraosahaku.fi\/index.php?rest_route=\/wp\/v2\/types\/product"}],"wp:attachment":[{"href":"https:\/\/www.autonvaraosahaku.fi\/index.php?rest_route=%2Fwp%2Fv2%2Fmedia&parent=103504"}],"wp:term":[{"taxonomy":"pwb-brand","embeddable":true,"href":"https:\/\/www.autonvaraosahaku.fi\/index.php?rest_route=%2Fwp%2Fv2%2Fpwb-brand&post=103504"},{"taxonomy":"product_cat","embeddable":true,"href":"https:\/\/www.autonvaraosahaku.fi\/index.php?rest_route=%2Fwp%2Fv2%2Fproduct_cat&post=103504"},{"taxonomy":"product_tag","embeddable":true,"href":"https:\/\/www.autonvaraosahaku.fi\/index.php?rest_route=%2Fwp%2Fv2%2Fproduct_tag&post=103504"}],"curies":[{"name":"wp","href":"https:\/\/api.w.org\/{rel}","templated":true}]}}