{"id":103506,"date":"2021-02-21T22:57:37","date_gmt":"2021-02-21T22:57:37","guid":{"rendered":"https:\/\/www.autonvaraosahaku.fi\/?product=champion-cof100586e-oljynsuodatin"},"modified":"2021-02-21T22:57:44","modified_gmt":"2021-02-21T22:57:44","slug":"champion-cof100586e-oljynsuodatin","status":"publish","type":"product","link":"https:\/\/www.autonvaraosahaku.fi\/?product=champion-cof100586e-oljynsuodatin","title":{"rendered":"Champion COF100586E \u00d6ljynsuodatin"},"content":{"rendered":"<p>Korkeus (mm): 83; Sis\u00e4l\u00e4pimitta [mm]: 21; Ulkol\u00e4pimitta [mm]: 65; Pakkaustyyppi: Laatikko; Suodatintyyppi: Suodatinpanos; Pakkauspituus [cm]: 7,2; Pakkausleveys [cm]: 7,2; Pakkauskorkeus [mm]: 9,6; lis\u00e4tieto: TITAN; TECDOC-moottorinumero: 19203; CHEVROLET: CAPTIVA C100, C140,NUBIRA Kombi,CRUZE J300,EPICA KL1_,CRUZE Schr\u00e4gheck J305,LACETTI J200,NUBIRA Stufenheck; OPEL: ANTARA; VAUXHALL: ANTARA J26, H26; 4807966<\/p>\n","protected":false},"excerpt":{"rendered":"<p>CHAMPION \u00d6ljynsuodatin COF100586E  CHEVROLET,OPEL,VAUXHALL,CAPTIVA C100, C140,NUBIRA Kombi,CRUZE J300,EPICA KL1_,CRUZE Schr\u00e4gheck J305,LACETTI J200<\/p>\n","protected":false},"featured_media":0,"template":"","meta":{"site-sidebar-layout":"default","site-content-layout":"default","ast-global-header-display":"","ast-main-header-display":"","ast-hfb-above-header-display":"","ast-hfb-below-header-display":"","ast-hfb-mobile-header-display":"","site-post-title":"","ast-breadcrumbs-content":"","ast-featured-img":"","footer-sml-layout":"","theme-transparent-header-meta":"","adv-header-id-meta":"","stick-header-meta":"","header-above-stick-meta":"","header-main-stick-meta":"","header-below-stick-meta":""},"pwb-brand":[536],"product_cat":[30],"product_tag":[],"class_list":{"0":"post-103506","1":"product","2":"type-product","3":"status-publish","5":"pwb-brand-champion","6":"product_cat-oljynsuodatin","7":"desktop-align-left","8":"tablet-align-left","9":"mobile-align-left","11":"first","12":"instock","13":"product-type-external"},"brands":[{"id":536,"name":"Champion","slug":"champion"}],"_links":{"self":[{"href":"https:\/\/www.autonvaraosahaku.fi\/index.php?rest_route=\/wp\/v2\/product\/103506","targetHints":{"allow":["GET"]}}],"collection":[{"href":"https:\/\/www.autonvaraosahaku.fi\/index.php?rest_route=\/wp\/v2\/product"}],"about":[{"href":"https:\/\/www.autonvaraosahaku.fi\/index.php?rest_route=\/wp\/v2\/types\/product"}],"wp:attachment":[{"href":"https:\/\/www.autonvaraosahaku.fi\/index.php?rest_route=%2Fwp%2Fv2%2Fmedia&parent=103506"}],"wp:term":[{"taxonomy":"pwb-brand","embeddable":true,"href":"https:\/\/www.autonvaraosahaku.fi\/index.php?rest_route=%2Fwp%2Fv2%2Fpwb-brand&post=103506"},{"taxonomy":"product_cat","embeddable":true,"href":"https:\/\/www.autonvaraosahaku.fi\/index.php?rest_route=%2Fwp%2Fv2%2Fproduct_cat&post=103506"},{"taxonomy":"product_tag","embeddable":true,"href":"https:\/\/www.autonvaraosahaku.fi\/index.php?rest_route=%2Fwp%2Fv2%2Fproduct_tag&post=103506"}],"curies":[{"name":"wp","href":"https:\/\/api.w.org\/{rel}","templated":true}]}}