{"id":103509,"date":"2021-02-21T22:57:37","date_gmt":"2021-02-21T22:57:37","guid":{"rendered":"https:\/\/www.autonvaraosahaku.fi\/?product=champion-cof101105s-oljynsuodatin"},"modified":"2021-02-21T22:57:45","modified_gmt":"2021-02-21T22:57:45","slug":"champion-cof101105s-oljynsuodatin","status":"publish","type":"product","link":"https:\/\/www.autonvaraosahaku.fi\/?product=champion-cof101105s-oljynsuodatin","title":{"rendered":"Champion COF101105S \u00d6ljynsuodatin"},"content":{"rendered":"<p>Korkeus (mm): 100; Kierremitta: M18x1.5; Sis\u00e4l\u00e4pimitta [mm]: 71; Ulkol\u00e4pimitta [mm]: 76; Pakkaustyyppi: Laatikko; Suodatintyyppi: Ruuvattava suodatin; Pakkauspituus [cm]: 7,8; Pakkausleveys [cm]: 7,8; Pakkauskorkeus [mm]: 10,2; OPEL: ASTRA F CC 53_, 54_, 58_, 59_,ASTRA F Caravan 51_, 52_,VECTRA A 86_, 87_,ASTRA F 56_, 57_,KADETT E CC 33_, 34_, 43_, 44_,VECTRA A CC 88_, 89_,ASCONA C 81_, 86_, 87_, 88_,KADETT D 31_-34_, 41_-44_,KADETT E 39_, 49_,ASCONA C CC 84_, 89_,KADETT E Caravan 35_, 36_, 45_, 46_,ASTRA F Van 55_,KADETT D 32_,37_,39, _42,KADETT D Caravan 35_, 36_, 45_, 46_,KADETT E Kasten 37_, 47_,KADETT E Combo 38_, 48_; CHEVROLET: BLAZER S10,CAMARO F; OLDSMOBILE: CUTLASS SUPREME Coupe; BUICK: SKYLARK N,CENTURY Stufenheck; PONTIAC: FIREBIRD,TRANS SPORT; VAUXHALL: ASTRA Mk III F CC,ASTRA Mk II CC,CAVALIER Mk III 87,ASTRA Mk III F Estate,CAVALIER Mk III CC,ASTRAVAN Mk III F<\/p>\n","protected":false},"excerpt":{"rendered":"<p>CHAMPION \u00d6ljynsuodatin COF101105S  OPEL,CHEVROLET,OLDSMOBILE,ASTRA F CC 53_, 54_, 58_, 59_,ASTRA F Caravan 51_, 52_,VECTRA A 86_, 87_,ASTRA F 56_, 57_<\/p>\n","protected":false},"featured_media":0,"template":"","meta":{"site-sidebar-layout":"default","site-content-layout":"default","ast-global-header-display":"","ast-main-header-display":"","ast-hfb-above-header-display":"","ast-hfb-below-header-display":"","ast-hfb-mobile-header-display":"","site-post-title":"","ast-breadcrumbs-content":"","ast-featured-img":"","footer-sml-layout":"","theme-transparent-header-meta":"","adv-header-id-meta":"","stick-header-meta":"","header-above-stick-meta":"","header-main-stick-meta":"","header-below-stick-meta":""},"pwb-brand":[536],"product_cat":[30],"product_tag":[],"class_list":{"0":"post-103509","1":"product","2":"type-product","3":"status-publish","5":"pwb-brand-champion","6":"product_cat-oljynsuodatin","7":"desktop-align-left","8":"tablet-align-left","9":"mobile-align-left","11":"first","12":"instock","13":"product-type-external"},"brands":[{"id":536,"name":"Champion","slug":"champion"}],"_links":{"self":[{"href":"https:\/\/www.autonvaraosahaku.fi\/index.php?rest_route=\/wp\/v2\/product\/103509","targetHints":{"allow":["GET"]}}],"collection":[{"href":"https:\/\/www.autonvaraosahaku.fi\/index.php?rest_route=\/wp\/v2\/product"}],"about":[{"href":"https:\/\/www.autonvaraosahaku.fi\/index.php?rest_route=\/wp\/v2\/types\/product"}],"wp:attachment":[{"href":"https:\/\/www.autonvaraosahaku.fi\/index.php?rest_route=%2Fwp%2Fv2%2Fmedia&parent=103509"}],"wp:term":[{"taxonomy":"pwb-brand","embeddable":true,"href":"https:\/\/www.autonvaraosahaku.fi\/index.php?rest_route=%2Fwp%2Fv2%2Fpwb-brand&post=103509"},{"taxonomy":"product_cat","embeddable":true,"href":"https:\/\/www.autonvaraosahaku.fi\/index.php?rest_route=%2Fwp%2Fv2%2Fproduct_cat&post=103509"},{"taxonomy":"product_tag","embeddable":true,"href":"https:\/\/www.autonvaraosahaku.fi\/index.php?rest_route=%2Fwp%2Fv2%2Fproduct_tag&post=103509"}],"curies":[{"name":"wp","href":"https:\/\/api.w.org\/{rel}","templated":true}]}}