{"id":103512,"date":"2021-02-21T22:57:46","date_gmt":"2021-02-21T22:57:46","guid":{"rendered":"https:\/\/www.autonvaraosahaku.fi\/?product=champion-oe182-t10-sytytystulpat"},"modified":"2021-02-21T22:57:47","modified_gmt":"2021-02-21T22:57:47","slug":"champion-oe182-t10-sytytystulpat","status":"publish","type":"product","link":"https:\/\/www.autonvaraosahaku.fi\/?product=champion-oe182-t10-sytytystulpat","title":{"rendered":"Champion OE182\/T10 Sytytystulpat"},"content":{"rendered":"<p>K\u00e4rkiv\u00e4li (mm): 1; Liittimet: M4\/SAE; Kierremitta: M14x1.25; Avainv\u00e4li: 16 mm; Laatu \/ luokka: Pt GE; Pakkaustyyppi: Laatikko; Sytytystulppa: 1-maaelektroodi, suoralla istukalla, Iridium-keskielektrodi; Kierteen pituus (mm): 19; Teknisten tietojen numero: RC9WMPB4; Kipin\u00e4et\u00e4isyys [mm]: 4; Kiristysmomentti > [Nm]: 20; Kiristysmomentti enint\u00e4\u00e4n [Nm]: 30; Pakkauspituus [cm]: 8,65; Pakkausleveys [cm]: 2,45; Pakkauskorkeus [mm]: 2,45; Vastus alkaen [kOhm]: 3; Vastus asti [kOhm]: 10; Ulkonema [mm]: 2,54; Tuotelinja: Platinum CT; Tarvittava kappalem\u00e4\u00e4r\u00e4: 4; SKODA: FABIA Combi 6Y5,FABIA 6Y2,OCTAVIA 1U2,FABIA Stufenheck 6Y3,FELICIA I 6U1,FELICIA II 6U1,FELICIA I Fun 797,FABIA Praktik,FELICIA I Kombi 6U5,FELICIA II Kombi 6U5; LEXUS: RX MHU3_, GSU3_, MCU3_,IS I JCE1_, GXE1_,GS GRS19_, UZS19_, GWS19_,GS UZS161, JZS160,IS SportCross,RX MCU15,SC UZZ40_,LS UCF30,LX UZJ100,GX _J12_,ES MCV_, VZV_,HS ANF10; TOYOTA: YARIS SCP9_, NSP9_, KSP9_, NCP9_, ZSP9_,YARIS SCP1_, NLP1_, NCP1_,AVENSIS Kombi T25,COROLLA Verso ZER_, ZZE12_, R1_,RAV 4 III ACA3_, ACE_, ALA3_, GSA3_, ZSA3_,RAV 4 II CLA2_, XA2_, ZCA2_, ACA2_,COROLLA ZZE12_, NDE12_, ZDE12_,AVENSIS T25_,YARIS VERSO _NLP2_, _NCP2_,YARIS NHP13_, NSP13_, NCP13_, KSP13_, NLP13_,COROLLA Kombi _E12J_, _E12T_,AVENSIS Stufenheck T25,AVENSIS _T22_,COROLLA Liftback _E11_,COROLLA Compact _E11_,AVENSIS Station Wagon _T22_,COROLLA Verso ZDE12_, CDE12_,CELICA ZZT23_,PREVIA MCR3_, ACR3_, CLR3_,COROLLA Stufenheck _E12J_, _E12T_,AVENSIS Liftback _T22_,AVENSIS VERSO _CLM2_, _ACM2_,VIOS\/YARIS Stufenheck ZSP9_, NCP9_,MR 2 III ZZW3_,LAND CRUISER 100 UZJ100,LAND CRUISER 80 _J8_,COROLLA _E11_,COROLLA Wagon __E11_,CAMRY MCV3_, ACV3_, _XV3_,LAND CRUISER VDJ20_, UZJ20_,CAMRY Stufenheck _XV4_,SIENNA MCL2_, GSL2_,CAMRY Stufenheck AVV5_, XV5_,PREVIA III ACR5_, GSR5_,CAMRY SOLARA Coupe MCV3_, ACV3_,MATRIX ZZE13_,ALPHARD ATH1_, MNH1_, ANH1_,bB I NCP3_,ALPHARD \/ VELLFI; DAIHATSU: SIRION M1; SAAB: 9-3 YS3D,9-3 Cabriolet YS3D; FORD: SCORPIO II GFR, GGR,SCORPIO II Kombi GNR, GGR; CITRO\u00cbN: C-CROSSER EP_,C-CROSSER ENTERPRISE; PEUGEOT: 4007 GP_; MITSUBISHI: ASX GA_W_,OUTLANDER XL II CW_W,OUTLANDER III GG_W, GF_W, ZJ,LANCER Stufenheck CY\/Z_A; LOTUS: ELISE,EXIGE SCC_; 9091901191, 9091901210, 9091901237; Tulpat,Sytytystulppa<\/p>\n","protected":false},"excerpt":{"rendered":"<p>CHAMPION Sytytystulpat OE182\/T10 Tulpat,Sytytystulppa SKODA,LEXUS,TOYOTA,FABIA Combi 6Y5,FABIA 6Y2,OCTAVIA 1U2,FABIA Stufenheck 6Y3,FELICIA I 6U1<\/p>\n","protected":false},"featured_media":0,"template":"","meta":{"site-sidebar-layout":"default","site-content-layout":"default","ast-global-header-display":"","ast-main-header-display":"","ast-hfb-above-header-display":"","ast-hfb-below-header-display":"","ast-hfb-mobile-header-display":"","site-post-title":"","ast-breadcrumbs-content":"","ast-featured-img":"","footer-sml-layout":"","theme-transparent-header-meta":"","adv-header-id-meta":"","stick-header-meta":"","header-above-stick-meta":"","header-main-stick-meta":"","header-below-stick-meta":""},"pwb-brand":[536],"product_cat":[165],"product_tag":[],"class_list":{"0":"post-103512","1":"product","2":"type-product","3":"status-publish","5":"pwb-brand-champion","6":"product_cat-sytytystulpat","7":"desktop-align-left","8":"tablet-align-left","9":"mobile-align-left","11":"first","12":"instock","13":"product-type-external"},"brands":[{"id":536,"name":"Champion","slug":"champion"}],"_links":{"self":[{"href":"https:\/\/www.autonvaraosahaku.fi\/index.php?rest_route=\/wp\/v2\/product\/103512","targetHints":{"allow":["GET"]}}],"collection":[{"href":"https:\/\/www.autonvaraosahaku.fi\/index.php?rest_route=\/wp\/v2\/product"}],"about":[{"href":"https:\/\/www.autonvaraosahaku.fi\/index.php?rest_route=\/wp\/v2\/types\/product"}],"wp:attachment":[{"href":"https:\/\/www.autonvaraosahaku.fi\/index.php?rest_route=%2Fwp%2Fv2%2Fmedia&parent=103512"}],"wp:term":[{"taxonomy":"pwb-brand","embeddable":true,"href":"https:\/\/www.autonvaraosahaku.fi\/index.php?rest_route=%2Fwp%2Fv2%2Fpwb-brand&post=103512"},{"taxonomy":"product_cat","embeddable":true,"href":"https:\/\/www.autonvaraosahaku.fi\/index.php?rest_route=%2Fwp%2Fv2%2Fproduct_cat&post=103512"},{"taxonomy":"product_tag","embeddable":true,"href":"https:\/\/www.autonvaraosahaku.fi\/index.php?rest_route=%2Fwp%2Fv2%2Fproduct_tag&post=103512"}],"curies":[{"name":"wp","href":"https:\/\/api.w.org\/{rel}","templated":true}]}}