{"id":103537,"date":"2021-02-21T22:57:54","date_gmt":"2021-02-21T22:57:54","guid":{"rendered":"https:\/\/www.autonvaraosahaku.fi\/?product=champion-cof100151s-oljynsuodatin"},"modified":"2021-02-21T22:57:58","modified_gmt":"2021-02-21T22:57:58","slug":"champion-cof100151s-oljynsuodatin","status":"publish","type":"product","link":"https:\/\/www.autonvaraosahaku.fi\/?product=champion-cof100151s-oljynsuodatin","title":{"rendered":"Champion COF100151S \u00d6ljynsuodatin"},"content":{"rendered":"<p>Korkeus (mm): 142; Kierremitta: 3\/4-16 UNF; Sis\u00e4l\u00e4pimitta [mm]: 71; Ulkol\u00e4pimitta [mm]: 76; Pakkaustyyppi: Laatikko; Suodatintyyppi: Ruuvattava suodatin; Pakkauspituus [cm]: 7,8; Pakkausleveys [cm]: 7,8; Pakkauskorkeus [mm]: 14,5; VW: TRANSPORTER III Bus,TRANSPORTER III Kasten,TRANSPORTER III Pritsche\/Fahrgestell; FORD USA: WINDSTAR A3,MUSTANG Coupe C,MUSTANG Convertible C,TAURUS P5_,TAURUS Wagon P5_; FORD: ESCORT IV GAF, AWF, ABFT,FIESTA II FBD,ESCORT III GAA,FIESTA Kasten FVD,ORION II AFF,ESCORT IV Kombi AWF, AVF,ESCORT &#8217;86 Express AVF,ESCORT III Kombi AWA,ORION I AFD,ESCORT &#8217;81 Express AVA; 6112420<\/p>\n","protected":false},"excerpt":{"rendered":"<p>CHAMPION \u00d6ljynsuodatin COF100151S  VW,FORD USA,FORD,TRANSPORTER III Bus,TRANSPORTER III Kasten,TRANSPORTER III Pritsche\/Fahrgestell,WINDSTAR A3<\/p>\n","protected":false},"featured_media":0,"template":"","meta":{"site-sidebar-layout":"default","site-content-layout":"default","ast-global-header-display":"","ast-main-header-display":"","ast-hfb-above-header-display":"","ast-hfb-below-header-display":"","ast-hfb-mobile-header-display":"","site-post-title":"","ast-breadcrumbs-content":"","ast-featured-img":"","footer-sml-layout":"","theme-transparent-header-meta":"","adv-header-id-meta":"","stick-header-meta":"","header-above-stick-meta":"","header-main-stick-meta":"","header-below-stick-meta":""},"pwb-brand":[536],"product_cat":[30],"product_tag":[],"class_list":{"0":"post-103537","1":"product","2":"type-product","3":"status-publish","5":"pwb-brand-champion","6":"product_cat-oljynsuodatin","7":"desktop-align-left","8":"tablet-align-left","9":"mobile-align-left","11":"first","12":"instock","13":"product-type-external"},"brands":[{"id":536,"name":"Champion","slug":"champion"}],"_links":{"self":[{"href":"https:\/\/www.autonvaraosahaku.fi\/index.php?rest_route=\/wp\/v2\/product\/103537","targetHints":{"allow":["GET"]}}],"collection":[{"href":"https:\/\/www.autonvaraosahaku.fi\/index.php?rest_route=\/wp\/v2\/product"}],"about":[{"href":"https:\/\/www.autonvaraosahaku.fi\/index.php?rest_route=\/wp\/v2\/types\/product"}],"wp:attachment":[{"href":"https:\/\/www.autonvaraosahaku.fi\/index.php?rest_route=%2Fwp%2Fv2%2Fmedia&parent=103537"}],"wp:term":[{"taxonomy":"pwb-brand","embeddable":true,"href":"https:\/\/www.autonvaraosahaku.fi\/index.php?rest_route=%2Fwp%2Fv2%2Fpwb-brand&post=103537"},{"taxonomy":"product_cat","embeddable":true,"href":"https:\/\/www.autonvaraosahaku.fi\/index.php?rest_route=%2Fwp%2Fv2%2Fproduct_cat&post=103537"},{"taxonomy":"product_tag","embeddable":true,"href":"https:\/\/www.autonvaraosahaku.fi\/index.php?rest_route=%2Fwp%2Fv2%2Fproduct_tag&post=103537"}],"curies":[{"name":"wp","href":"https:\/\/api.w.org\/{rel}","templated":true}]}}