{"id":103549,"date":"2021-02-21T22:57:54","date_gmt":"2021-02-21T22:57:54","guid":{"rendered":"https:\/\/www.autonvaraosahaku.fi\/?product=champion-ccf0137-raitisilmasuodatin"},"modified":"2021-02-21T22:58:02","modified_gmt":"2021-02-21T22:58:02","slug":"champion-ccf0137-raitisilmasuodatin","status":"publish","type":"product","link":"https:\/\/www.autonvaraosahaku.fi\/?product=champion-ccf0137-raitisilmasuodatin","title":{"rendered":"Champion CCF0137 Raitisilmasuodatin"},"content":{"rendered":"<p>Pituus (mm): 292; Leveys (mm): 94; Korkeus (mm): 30; Pakkaustyyppi: Laatikko; Suodatintyyppi: Siitep\u00f6lysuodin, Hiukkassuodatin; Pakkauspituus [cm]: 31,8; Pakkausleveys [cm]: 25,2; Pakkauskorkeus [mm]: 3,9; TOYOTA: PROACE Bus MPY_,PROACE Kasten MDZ_; CITRO\u00cbN: BERLINGO MF,BERLINGO B9,C4 Picasso I UD_,C4 Grand Picasso I UA_,BERLINGO Kasten M_,BERLINGO Kasten B9,C4 Grand Picasso II,C4 Picasso II,DS5,BERLINGO Pritsche\/Fahrgestell B9,JUMPY Kasten,SPACETOURER,JUMPY,JUMPY Pritsche\/Fahrgestell; PEUGEOT: 5008,3008,PARTNER Tepee,PARTNER Kasten,PARTNER Pritsche\/Fahrgestell,3008 SUV,EXPERT Kasten,5008 II,TRAVELLER; 1609998980, 6447XF, 9807746380, 1609998980, 6447XF, 647992; Sis\u00e4ilmansuodatin,Suodatin, Sis\u00e4ilma<\/p>\n","protected":false},"excerpt":{"rendered":"<p>CHAMPION Raitisilmasuodatin CCF0137 Sis\u00e4ilmansuodatin,Suodatin, Sis\u00e4ilma TOYOTA,CITRO\u00cbN,PEUGEOT,PROACE Bus MPY_,PROACE Kasten MDZ_,BERLINGO MF<\/p>\n","protected":false},"featured_media":0,"template":"","meta":{"site-sidebar-layout":"default","site-content-layout":"default","ast-global-header-display":"","ast-main-header-display":"","ast-hfb-above-header-display":"","ast-hfb-below-header-display":"","ast-hfb-mobile-header-display":"","site-post-title":"","ast-breadcrumbs-content":"","ast-featured-img":"","footer-sml-layout":"","theme-transparent-header-meta":"","adv-header-id-meta":"","stick-header-meta":"","header-above-stick-meta":"","header-main-stick-meta":"","header-below-stick-meta":""},"pwb-brand":[536],"product_cat":[19],"product_tag":[],"class_list":{"0":"post-103549","1":"product","2":"type-product","3":"status-publish","5":"pwb-brand-champion","6":"product_cat-raitisilmasuodatin","7":"desktop-align-left","8":"tablet-align-left","9":"mobile-align-left","11":"first","12":"instock","13":"product-type-external"},"brands":[{"id":536,"name":"Champion","slug":"champion"}],"_links":{"self":[{"href":"https:\/\/www.autonvaraosahaku.fi\/index.php?rest_route=\/wp\/v2\/product\/103549","targetHints":{"allow":["GET"]}}],"collection":[{"href":"https:\/\/www.autonvaraosahaku.fi\/index.php?rest_route=\/wp\/v2\/product"}],"about":[{"href":"https:\/\/www.autonvaraosahaku.fi\/index.php?rest_route=\/wp\/v2\/types\/product"}],"wp:attachment":[{"href":"https:\/\/www.autonvaraosahaku.fi\/index.php?rest_route=%2Fwp%2Fv2%2Fmedia&parent=103549"}],"wp:term":[{"taxonomy":"pwb-brand","embeddable":true,"href":"https:\/\/www.autonvaraosahaku.fi\/index.php?rest_route=%2Fwp%2Fv2%2Fpwb-brand&post=103549"},{"taxonomy":"product_cat","embeddable":true,"href":"https:\/\/www.autonvaraosahaku.fi\/index.php?rest_route=%2Fwp%2Fv2%2Fproduct_cat&post=103549"},{"taxonomy":"product_tag","embeddable":true,"href":"https:\/\/www.autonvaraosahaku.fi\/index.php?rest_route=%2Fwp%2Fv2%2Fproduct_tag&post=103549"}],"curies":[{"name":"wp","href":"https:\/\/api.w.org\/{rel}","templated":true}]}}