{"id":103550,"date":"2021-02-21T22:58:03","date_gmt":"2021-02-21T22:58:03","guid":{"rendered":"https:\/\/www.autonvaraosahaku.fi\/?product=champion-ccf0116-raitisilmasuodatin"},"modified":"2021-02-21T22:58:03","modified_gmt":"2021-02-21T22:58:03","slug":"champion-ccf0116-raitisilmasuodatin","status":"publish","type":"product","link":"https:\/\/www.autonvaraosahaku.fi\/?product=champion-ccf0116-raitisilmasuodatin","title":{"rendered":"Champion CCF0116 Raitisilmasuodatin"},"content":{"rendered":"<p>Pituus (mm): 194; Leveys (mm): 215; Korkeus (mm): 25; Pakkaustyyppi: Laatikko; Suodatintyyppi: Siitep\u00f6lysuodin, Hiukkassuodatin; Pakkauspituus [cm]: 22,5; Pakkausleveys [cm]: 21,5; Pakkauskorkeus [mm]: 3,5; MAZDA: 6 Station Wagon GY,2 DY,6 Kombi GH,CX-7 ER,6 Hatchback GG,6 GG,6 Schr\u00e4gheck GH,6 GH; DD1061P11, GI6A61P11A, GJ6A61P11A, GS1D61P11; Sis\u00e4ilmansuodatin,Suodatin, Sis\u00e4ilma<\/p>\n","protected":false},"excerpt":{"rendered":"<p>CHAMPION Raitisilmasuodatin CCF0116 Sis\u00e4ilmansuodatin,Suodatin, Sis\u00e4ilma MAZDA,6 Station Wagon GY,2 DY,6 Kombi GH,CX-7 ER,6 Hatchback GG,6 GG<\/p>\n","protected":false},"featured_media":0,"template":"","meta":{"site-sidebar-layout":"default","site-content-layout":"default","ast-global-header-display":"","ast-main-header-display":"","ast-hfb-above-header-display":"","ast-hfb-below-header-display":"","ast-hfb-mobile-header-display":"","site-post-title":"","ast-breadcrumbs-content":"","ast-featured-img":"","footer-sml-layout":"","theme-transparent-header-meta":"","adv-header-id-meta":"","stick-header-meta":"","header-above-stick-meta":"","header-main-stick-meta":"","header-below-stick-meta":""},"pwb-brand":[536],"product_cat":[19],"product_tag":[],"class_list":{"0":"post-103550","1":"product","2":"type-product","3":"status-publish","5":"pwb-brand-champion","6":"product_cat-raitisilmasuodatin","7":"desktop-align-left","8":"tablet-align-left","9":"mobile-align-left","11":"first","12":"instock","13":"product-type-external"},"brands":[{"id":536,"name":"Champion","slug":"champion"}],"_links":{"self":[{"href":"https:\/\/www.autonvaraosahaku.fi\/index.php?rest_route=\/wp\/v2\/product\/103550","targetHints":{"allow":["GET"]}}],"collection":[{"href":"https:\/\/www.autonvaraosahaku.fi\/index.php?rest_route=\/wp\/v2\/product"}],"about":[{"href":"https:\/\/www.autonvaraosahaku.fi\/index.php?rest_route=\/wp\/v2\/types\/product"}],"wp:attachment":[{"href":"https:\/\/www.autonvaraosahaku.fi\/index.php?rest_route=%2Fwp%2Fv2%2Fmedia&parent=103550"}],"wp:term":[{"taxonomy":"pwb-brand","embeddable":true,"href":"https:\/\/www.autonvaraosahaku.fi\/index.php?rest_route=%2Fwp%2Fv2%2Fpwb-brand&post=103550"},{"taxonomy":"product_cat","embeddable":true,"href":"https:\/\/www.autonvaraosahaku.fi\/index.php?rest_route=%2Fwp%2Fv2%2Fproduct_cat&post=103550"},{"taxonomy":"product_tag","embeddable":true,"href":"https:\/\/www.autonvaraosahaku.fi\/index.php?rest_route=%2Fwp%2Fv2%2Fproduct_tag&post=103550"}],"curies":[{"name":"wp","href":"https:\/\/api.w.org\/{rel}","templated":true}]}}