{"id":103559,"date":"2021-02-21T22:58:03","date_gmt":"2021-02-21T22:58:03","guid":{"rendered":"https:\/\/www.autonvaraosahaku.fi\/?product=champion-cof100105c-oljynsuodatin"},"modified":"2021-02-21T22:58:07","modified_gmt":"2021-02-21T22:58:07","slug":"champion-cof100105c-oljynsuodatin","status":"publish","type":"product","link":"https:\/\/www.autonvaraosahaku.fi\/?product=champion-cof100105c-oljynsuodatin","title":{"rendered":"Champion COF100105C \u00d6ljynsuodatin"},"content":{"rendered":"<p>Korkeus (mm): 106; Sis\u00e4l\u00e4pimitta [mm]: 20; Ulkol\u00e4pimitta [mm]: 59; Pakkaustyyppi: Laatikko; Suodatintyyppi: Suodatinpanos; Pakkauspituus [cm]: 6; Pakkausleveys [cm]: 6; Pakkauskorkeus [mm]: 12; Valmistusvuoteen: 04\/1984; MERCEDES-BENZ: Stufenheck W123,G-CLASS W460,COUPE C123,KOMBI Kombi S123; 5010234, 5017049, A820X6744BA, 1021800009, 1021840325, 1021840825, A1021800009, A1021840325, A1021840825<\/p>\n","protected":false},"excerpt":{"rendered":"<p>CHAMPION \u00d6ljynsuodatin COF100105C  MERCEDES-BENZ,Stufenheck W123,G-CLASS W460,COUPE C123,KOMBI Kombi S123<\/p>\n","protected":false},"featured_media":0,"template":"","meta":{"site-sidebar-layout":"default","site-content-layout":"default","ast-global-header-display":"","ast-main-header-display":"","ast-hfb-above-header-display":"","ast-hfb-below-header-display":"","ast-hfb-mobile-header-display":"","site-post-title":"","ast-breadcrumbs-content":"","ast-featured-img":"","footer-sml-layout":"","theme-transparent-header-meta":"","adv-header-id-meta":"","stick-header-meta":"","header-above-stick-meta":"","header-main-stick-meta":"","header-below-stick-meta":""},"pwb-brand":[536],"product_cat":[30],"product_tag":[],"class_list":{"0":"post-103559","1":"product","2":"type-product","3":"status-publish","5":"pwb-brand-champion","6":"product_cat-oljynsuodatin","7":"desktop-align-left","8":"tablet-align-left","9":"mobile-align-left","11":"first","12":"instock","13":"product-type-external"},"brands":[{"id":536,"name":"Champion","slug":"champion"}],"_links":{"self":[{"href":"https:\/\/www.autonvaraosahaku.fi\/index.php?rest_route=\/wp\/v2\/product\/103559","targetHints":{"allow":["GET"]}}],"collection":[{"href":"https:\/\/www.autonvaraosahaku.fi\/index.php?rest_route=\/wp\/v2\/product"}],"about":[{"href":"https:\/\/www.autonvaraosahaku.fi\/index.php?rest_route=\/wp\/v2\/types\/product"}],"wp:attachment":[{"href":"https:\/\/www.autonvaraosahaku.fi\/index.php?rest_route=%2Fwp%2Fv2%2Fmedia&parent=103559"}],"wp:term":[{"taxonomy":"pwb-brand","embeddable":true,"href":"https:\/\/www.autonvaraosahaku.fi\/index.php?rest_route=%2Fwp%2Fv2%2Fpwb-brand&post=103559"},{"taxonomy":"product_cat","embeddable":true,"href":"https:\/\/www.autonvaraosahaku.fi\/index.php?rest_route=%2Fwp%2Fv2%2Fproduct_cat&post=103559"},{"taxonomy":"product_tag","embeddable":true,"href":"https:\/\/www.autonvaraosahaku.fi\/index.php?rest_route=%2Fwp%2Fv2%2Fproduct_tag&post=103559"}],"curies":[{"name":"wp","href":"https:\/\/api.w.org\/{rel}","templated":true}]}}