{"id":103564,"date":"2021-02-21T22:58:03","date_gmt":"2021-02-21T22:58:03","guid":{"rendered":"https:\/\/www.autonvaraosahaku.fi\/?product=champion-cff100133-polttoainesuodatin"},"modified":"2021-02-21T22:58:09","modified_gmt":"2021-02-21T22:58:09","slug":"champion-cff100133-polttoainesuodatin","status":"publish","type":"product","link":"https:\/\/www.autonvaraosahaku.fi\/?product=champion-cff100133-polttoainesuodatin","title":{"rendered":"Champion CFF100133 Polttoainesuodatin"},"content":{"rendered":"<p>Korkeus (mm): 91; Sis\u00e4l\u00e4pimitta [mm]: 72; Ulkol\u00e4pimitta [mm]: 76; Pakkaustyyppi: Laatikko; Suodatintyyppi: Ruuvattava suodatin; Kierre 1: M14x1.5; Pakkauspituus [cm]: 8; Pakkausleveys [cm]: 8; Pakkauskorkeus [mm]: 9,3; MERCEDES-BENZ: Stufenheck W123,G-CLASS W460,COUPE C123,KOMBI Kombi S123,T1 Bus 601,100 Bus 631,T1 Pritsche\/Fahrgestell 602,T1 Kasten 602,100 Kasten 631,T1 Pritsche\/Fahrgestell 601,T1 Kasten 601,100 Pritsche\/Fahrgestell 631; 5008874, 5014353, 0000929001, 0000929501, 0010920401, 0010920501, 0010922501, 0010923201<\/p>\n","protected":false},"excerpt":{"rendered":"<p>CHAMPION Polttoainesuodatin CFF100133  MERCEDES-BENZ,Stufenheck W123,G-CLASS W460,COUPE C123,KOMBI Kombi S123,T1 Bus 601,100 Bus 631<\/p>\n","protected":false},"featured_media":0,"template":"","meta":{"site-sidebar-layout":"default","site-content-layout":"default","ast-global-header-display":"","ast-main-header-display":"","ast-hfb-above-header-display":"","ast-hfb-below-header-display":"","ast-hfb-mobile-header-display":"","site-post-title":"","ast-breadcrumbs-content":"","ast-featured-img":"","footer-sml-layout":"","theme-transparent-header-meta":"","adv-header-id-meta":"","stick-header-meta":"","header-above-stick-meta":"","header-main-stick-meta":"","header-below-stick-meta":""},"pwb-brand":[536],"product_cat":[29],"product_tag":[],"class_list":{"0":"post-103564","1":"product","2":"type-product","3":"status-publish","5":"pwb-brand-champion","6":"product_cat-polttoainesuodatin","7":"desktop-align-left","8":"tablet-align-left","9":"mobile-align-left","11":"first","12":"instock","13":"product-type-external"},"brands":[{"id":536,"name":"Champion","slug":"champion"}],"_links":{"self":[{"href":"https:\/\/www.autonvaraosahaku.fi\/index.php?rest_route=\/wp\/v2\/product\/103564","targetHints":{"allow":["GET"]}}],"collection":[{"href":"https:\/\/www.autonvaraosahaku.fi\/index.php?rest_route=\/wp\/v2\/product"}],"about":[{"href":"https:\/\/www.autonvaraosahaku.fi\/index.php?rest_route=\/wp\/v2\/types\/product"}],"wp:attachment":[{"href":"https:\/\/www.autonvaraosahaku.fi\/index.php?rest_route=%2Fwp%2Fv2%2Fmedia&parent=103564"}],"wp:term":[{"taxonomy":"pwb-brand","embeddable":true,"href":"https:\/\/www.autonvaraosahaku.fi\/index.php?rest_route=%2Fwp%2Fv2%2Fpwb-brand&post=103564"},{"taxonomy":"product_cat","embeddable":true,"href":"https:\/\/www.autonvaraosahaku.fi\/index.php?rest_route=%2Fwp%2Fv2%2Fproduct_cat&post=103564"},{"taxonomy":"product_tag","embeddable":true,"href":"https:\/\/www.autonvaraosahaku.fi\/index.php?rest_route=%2Fwp%2Fv2%2Fproduct_tag&post=103564"}],"curies":[{"name":"wp","href":"https:\/\/api.w.org\/{rel}","templated":true}]}}