{"id":103590,"date":"2021-02-21T22:58:21","date_gmt":"2021-02-21T22:58:21","guid":{"rendered":"https:\/\/www.autonvaraosahaku.fi\/?product=champion-ccf0116c-raitisilmasuodatin"},"modified":"2021-02-21T22:58:22","modified_gmt":"2021-02-21T22:58:22","slug":"champion-ccf0116c-raitisilmasuodatin","status":"publish","type":"product","link":"https:\/\/www.autonvaraosahaku.fi\/?product=champion-ccf0116c-raitisilmasuodatin","title":{"rendered":"Champion CCF0116C Raitisilmasuodatin"},"content":{"rendered":"<p>Pituus (mm): 197; Leveys (mm): 216; Korkeus (mm): 25; Pakkaustyyppi: Laatikko; Suodatintyyppi: Aktiivihiilisuodatin; Erittely: Activated Carbon; Pakkauspituus [cm]: 24,3; Pakkausleveys [cm]: 22,7; Pakkauskorkeus [mm]: 3,6; MAZDA: 6 Station Wagon GY,2 DY,6 Kombi GH,CX-7 ER,6 Hatchback GG,6 GG,6 Schr\u00e4gheck GH,6 GH; GJ6B61P11; Sis\u00e4ilmansuodatin,Suodatin, Sis\u00e4ilma<\/p>\n","protected":false},"excerpt":{"rendered":"<p>CHAMPION Raitisilmasuodatin CCF0116C Sis\u00e4ilmansuodatin,Suodatin, Sis\u00e4ilma MAZDA,6 Station Wagon GY,2 DY,6 Kombi GH,CX-7 ER,6 Hatchback GG,6 GG<\/p>\n","protected":false},"featured_media":0,"template":"","meta":{"site-sidebar-layout":"default","site-content-layout":"default","ast-global-header-display":"","ast-main-header-display":"","ast-hfb-above-header-display":"","ast-hfb-below-header-display":"","ast-hfb-mobile-header-display":"","site-post-title":"","ast-breadcrumbs-content":"","ast-featured-img":"","footer-sml-layout":"","theme-transparent-header-meta":"","adv-header-id-meta":"","stick-header-meta":"","header-above-stick-meta":"","header-main-stick-meta":"","header-below-stick-meta":""},"pwb-brand":[536],"product_cat":[19],"product_tag":[],"class_list":{"0":"post-103590","1":"product","2":"type-product","3":"status-publish","5":"pwb-brand-champion","6":"product_cat-raitisilmasuodatin","7":"desktop-align-left","8":"tablet-align-left","9":"mobile-align-left","11":"first","12":"instock","13":"product-type-external"},"brands":[{"id":536,"name":"Champion","slug":"champion"}],"_links":{"self":[{"href":"https:\/\/www.autonvaraosahaku.fi\/index.php?rest_route=\/wp\/v2\/product\/103590","targetHints":{"allow":["GET"]}}],"collection":[{"href":"https:\/\/www.autonvaraosahaku.fi\/index.php?rest_route=\/wp\/v2\/product"}],"about":[{"href":"https:\/\/www.autonvaraosahaku.fi\/index.php?rest_route=\/wp\/v2\/types\/product"}],"wp:attachment":[{"href":"https:\/\/www.autonvaraosahaku.fi\/index.php?rest_route=%2Fwp%2Fv2%2Fmedia&parent=103590"}],"wp:term":[{"taxonomy":"pwb-brand","embeddable":true,"href":"https:\/\/www.autonvaraosahaku.fi\/index.php?rest_route=%2Fwp%2Fv2%2Fpwb-brand&post=103590"},{"taxonomy":"product_cat","embeddable":true,"href":"https:\/\/www.autonvaraosahaku.fi\/index.php?rest_route=%2Fwp%2Fv2%2Fproduct_cat&post=103590"},{"taxonomy":"product_tag","embeddable":true,"href":"https:\/\/www.autonvaraosahaku.fi\/index.php?rest_route=%2Fwp%2Fv2%2Fproduct_tag&post=103590"}],"curies":[{"name":"wp","href":"https:\/\/api.w.org\/{rel}","templated":true}]}}