{"id":103599,"date":"2021-02-21T22:58:21","date_gmt":"2021-02-21T22:58:21","guid":{"rendered":"https:\/\/www.autonvaraosahaku.fi\/?product=champion-caf100487c-ilmansuodatin"},"modified":"2021-02-21T22:58:25","modified_gmt":"2021-02-21T22:58:25","slug":"champion-caf100487c-ilmansuodatin","status":"publish","type":"product","link":"https:\/\/www.autonvaraosahaku.fi\/?product=champion-caf100487c-ilmansuodatin","title":{"rendered":"Champion CAF100487C Ilmansuodatin"},"content":{"rendered":"<p>Korkeus (mm): 170; Sis\u00e4l\u00e4pimitta [mm]: 74; Ulkol\u00e4pimitta [mm]: 149; Pakkaustyyppi: Laatikko; Suodatintyyppi: Suodatinpanos; Pakkauspituus [cm]: 15; Pakkausleveys [cm]: 15; Pakkauskorkeus [mm]: 18,5; VW: POLO 6R, 6C; AUDI: A1 8X1, 8XF,A1 Sportback 8XA, 8XK; SKODA: FABIA,FABIA Combi,ROOMSTER 5J,RAPID Spaceback NH1,ROOMSTER Praktik 5J,RAPID NH3; SEAT: IBIZA V 6J5, 6P5,IBIZA V ST 6J8, 6P8,IBIZA V SPORTCOUPE 6J1, 6P1,TOLEDO IV KG3<\/p>\n","protected":false},"excerpt":{"rendered":"<p>CHAMPION Ilmansuodatin CAF100487C  VW,AUDI,SKODA,POLO 6R, 6C,A1 8X1, 8XF,A1 Sportback 8XA, 8XK,FABIA,FABIA Combi,ROOMSTER 5J,RAPID Spaceback NH1<\/p>\n","protected":false},"featured_media":0,"template":"","meta":{"site-sidebar-layout":"default","site-content-layout":"default","ast-global-header-display":"","ast-main-header-display":"","ast-hfb-above-header-display":"","ast-hfb-below-header-display":"","ast-hfb-mobile-header-display":"","site-post-title":"","ast-breadcrumbs-content":"","ast-featured-img":"","footer-sml-layout":"","theme-transparent-header-meta":"","adv-header-id-meta":"","stick-header-meta":"","header-above-stick-meta":"","header-main-stick-meta":"","header-below-stick-meta":""},"pwb-brand":[536],"product_cat":[31],"product_tag":[],"class_list":{"0":"post-103599","1":"product","2":"type-product","3":"status-publish","5":"pwb-brand-champion","6":"product_cat-ilmansuodatin","7":"desktop-align-left","8":"tablet-align-left","9":"mobile-align-left","11":"first","12":"instock","13":"product-type-external"},"brands":[{"id":536,"name":"Champion","slug":"champion"}],"_links":{"self":[{"href":"https:\/\/www.autonvaraosahaku.fi\/index.php?rest_route=\/wp\/v2\/product\/103599","targetHints":{"allow":["GET"]}}],"collection":[{"href":"https:\/\/www.autonvaraosahaku.fi\/index.php?rest_route=\/wp\/v2\/product"}],"about":[{"href":"https:\/\/www.autonvaraosahaku.fi\/index.php?rest_route=\/wp\/v2\/types\/product"}],"wp:attachment":[{"href":"https:\/\/www.autonvaraosahaku.fi\/index.php?rest_route=%2Fwp%2Fv2%2Fmedia&parent=103599"}],"wp:term":[{"taxonomy":"pwb-brand","embeddable":true,"href":"https:\/\/www.autonvaraosahaku.fi\/index.php?rest_route=%2Fwp%2Fv2%2Fpwb-brand&post=103599"},{"taxonomy":"product_cat","embeddable":true,"href":"https:\/\/www.autonvaraosahaku.fi\/index.php?rest_route=%2Fwp%2Fv2%2Fproduct_cat&post=103599"},{"taxonomy":"product_tag","embeddable":true,"href":"https:\/\/www.autonvaraosahaku.fi\/index.php?rest_route=%2Fwp%2Fv2%2Fproduct_tag&post=103599"}],"curies":[{"name":"wp","href":"https:\/\/api.w.org\/{rel}","templated":true}]}}