{"id":10361,"date":"2021-02-21T14:08:36","date_gmt":"2021-02-21T14:08:36","guid":{"rendered":"https:\/\/www.autonvaraosahaku.fi\/?product=tedgum-00053355-iskunvaimentimen-suojakumi-pohjaanlyontikumi"},"modified":"2021-02-21T14:08:36","modified_gmt":"2021-02-21T14:08:36","slug":"tedgum-00053355-iskunvaimentimen-suojakumi-pohjaanlyontikumi","status":"publish","type":"product","link":"https:\/\/www.autonvaraosahaku.fi\/?product=tedgum-00053355-iskunvaimentimen-suojakumi-pohjaanlyontikumi","title":{"rendered":"TEDGUM 00053355 Iskunvaimentimen suojakumi &#038; pohjaanly\u00f6ntikumi"},"content":{"rendered":"<p>Tarvittava kappalem\u00e4\u00e4r\u00e4: 2, 2; Asennuspuoli: etuakseli molemminpuoleinen; Sis\u00e4l\u00e4pimitta [mm]: 23; Ulkol\u00e4pimitta [mm]: 63; Korkeus (mm): 64; AUDI: A6 Avant 4F5, C6,A6 Avant 4B5, C5,A6 4F2, C6,A6 4B2, C5,A6 Allroad 4FH, C6,100 44, 44Q, C3,A6 Avant 4A, C4,A6 4A, C4,100 Avant 44, 44Q, C3,V8 44_, 4C_,200 44, 44Q,200 Avant 44, 44Q,100 43, C2,200 43,100 Avant 43, C2; 443412131A; Vaimennuskumi, Jousitus<\/p>\n","protected":false},"excerpt":{"rendered":"<p>TEDGUM Pohjaanly\u00f6ntikumi 00053355 Vaimennuskumi, Jousitus AUDI,A6 Avant 4F5, C6,A6 Avant 4B5, C5,A6 4F2, C6,A6 4B2, C5,A6 Allroad 4FH, C6<\/p>\n","protected":false},"featured_media":0,"template":"","meta":{"site-sidebar-layout":"default","site-content-layout":"default","ast-global-header-display":"","ast-main-header-display":"","ast-hfb-above-header-display":"","ast-hfb-below-header-display":"","ast-hfb-mobile-header-display":"","site-post-title":"","ast-breadcrumbs-content":"","ast-featured-img":"","footer-sml-layout":"","theme-transparent-header-meta":"","adv-header-id-meta":"","stick-header-meta":"","header-above-stick-meta":"","header-main-stick-meta":"","header-below-stick-meta":""},"pwb-brand":[155],"product_cat":[92],"product_tag":[],"class_list":{"0":"post-10361","1":"product","2":"type-product","3":"status-publish","5":"pwb-brand-tedgum","6":"product_cat-iskunvaimentimen-suojakumi-pohjaanlyontikumi","7":"desktop-align-left","8":"tablet-align-left","9":"mobile-align-left","11":"first","12":"instock","13":"product-type-external"},"brands":[{"id":155,"name":"TEDGUM","slug":"tedgum"}],"_links":{"self":[{"href":"https:\/\/www.autonvaraosahaku.fi\/index.php?rest_route=\/wp\/v2\/product\/10361","targetHints":{"allow":["GET"]}}],"collection":[{"href":"https:\/\/www.autonvaraosahaku.fi\/index.php?rest_route=\/wp\/v2\/product"}],"about":[{"href":"https:\/\/www.autonvaraosahaku.fi\/index.php?rest_route=\/wp\/v2\/types\/product"}],"wp:attachment":[{"href":"https:\/\/www.autonvaraosahaku.fi\/index.php?rest_route=%2Fwp%2Fv2%2Fmedia&parent=10361"}],"wp:term":[{"taxonomy":"pwb-brand","embeddable":true,"href":"https:\/\/www.autonvaraosahaku.fi\/index.php?rest_route=%2Fwp%2Fv2%2Fpwb-brand&post=10361"},{"taxonomy":"product_cat","embeddable":true,"href":"https:\/\/www.autonvaraosahaku.fi\/index.php?rest_route=%2Fwp%2Fv2%2Fproduct_cat&post=10361"},{"taxonomy":"product_tag","embeddable":true,"href":"https:\/\/www.autonvaraosahaku.fi\/index.php?rest_route=%2Fwp%2Fv2%2Fproduct_tag&post=10361"}],"curies":[{"name":"wp","href":"https:\/\/api.w.org\/{rel}","templated":true}]}}