{"id":103647,"date":"2021-02-21T22:58:39","date_gmt":"2021-02-21T22:58:39","guid":{"rendered":"https:\/\/www.autonvaraosahaku.fi\/?product=champion-ccf0029c-raitisilmasuodatin"},"modified":"2021-02-21T22:58:46","modified_gmt":"2021-02-21T22:58:46","slug":"champion-ccf0029c-raitisilmasuodatin","status":"publish","type":"product","link":"https:\/\/www.autonvaraosahaku.fi\/?product=champion-ccf0029c-raitisilmasuodatin","title":{"rendered":"Champion CCF0029C Raitisilmasuodatin"},"content":{"rendered":"<p>Pituus (mm): 281; Leveys (mm): 242; Korkeus (mm): 42; Pakkaustyyppi: Laatikko; Pituus 1 (mm): 258; Suodatintyyppi: Aktiivihiilisuodatin; Pakkauspituus [cm]: 29; Pakkausleveys [cm]: 25,5; Pakkauskorkeus [mm]: 4,5; Vasen \/ oikea liikenne: f\u00fcr Linkslenker; VOLVO: V70 II SW,XC90 I,S60 I,S80 I TS, XY,XC70 CROSS COUNTRY; 30630754, 30676413, 9171756; Sis\u00e4ilmansuodatin,Suodatin, Sis\u00e4ilma<\/p>\n","protected":false},"excerpt":{"rendered":"<p>CHAMPION Raitisilmasuodatin CCF0029C Sis\u00e4ilmansuodatin,Suodatin, Sis\u00e4ilma VOLVO,V70 II SW,XC90 I,S60 I,S80 I TS, XY,XC70 CROSS COUNTRY<\/p>\n","protected":false},"featured_media":0,"template":"","meta":{"site-sidebar-layout":"default","site-content-layout":"default","ast-global-header-display":"","ast-main-header-display":"","ast-hfb-above-header-display":"","ast-hfb-below-header-display":"","ast-hfb-mobile-header-display":"","site-post-title":"","ast-breadcrumbs-content":"","ast-featured-img":"","footer-sml-layout":"","theme-transparent-header-meta":"","adv-header-id-meta":"","stick-header-meta":"","header-above-stick-meta":"","header-main-stick-meta":"","header-below-stick-meta":""},"pwb-brand":[536],"product_cat":[19],"product_tag":[],"class_list":{"0":"post-103647","1":"product","2":"type-product","3":"status-publish","5":"pwb-brand-champion","6":"product_cat-raitisilmasuodatin","7":"desktop-align-left","8":"tablet-align-left","9":"mobile-align-left","11":"first","12":"instock","13":"product-type-external"},"brands":[{"id":536,"name":"Champion","slug":"champion"}],"_links":{"self":[{"href":"https:\/\/www.autonvaraosahaku.fi\/index.php?rest_route=\/wp\/v2\/product\/103647","targetHints":{"allow":["GET"]}}],"collection":[{"href":"https:\/\/www.autonvaraosahaku.fi\/index.php?rest_route=\/wp\/v2\/product"}],"about":[{"href":"https:\/\/www.autonvaraosahaku.fi\/index.php?rest_route=\/wp\/v2\/types\/product"}],"wp:attachment":[{"href":"https:\/\/www.autonvaraosahaku.fi\/index.php?rest_route=%2Fwp%2Fv2%2Fmedia&parent=103647"}],"wp:term":[{"taxonomy":"pwb-brand","embeddable":true,"href":"https:\/\/www.autonvaraosahaku.fi\/index.php?rest_route=%2Fwp%2Fv2%2Fpwb-brand&post=103647"},{"taxonomy":"product_cat","embeddable":true,"href":"https:\/\/www.autonvaraosahaku.fi\/index.php?rest_route=%2Fwp%2Fv2%2Fproduct_cat&post=103647"},{"taxonomy":"product_tag","embeddable":true,"href":"https:\/\/www.autonvaraosahaku.fi\/index.php?rest_route=%2Fwp%2Fv2%2Fproduct_tag&post=103647"}],"curies":[{"name":"wp","href":"https:\/\/api.w.org\/{rel}","templated":true}]}}