{"id":103653,"date":"2021-02-21T22:58:47","date_gmt":"2021-02-21T22:58:47","guid":{"rendered":"https:\/\/www.autonvaraosahaku.fi\/?product=champion-eon9-286-sytytystulpat"},"modified":"2021-02-21T22:58:49","modified_gmt":"2021-02-21T22:58:49","slug":"champion-eon9-286-sytytystulpat","status":"publish","type":"product","link":"https:\/\/www.autonvaraosahaku.fi\/?product=champion-eon9-286-sytytystulpat","title":{"rendered":"Champion EON9\/286 Sytytystulpat"},"content":{"rendered":"<p>K\u00e4rkiv\u00e4li (mm): 1; Liittimet: M4\/BRASS SAE; Kierremitta: M14x1,25; Avainv\u00e4li: 16 mm; Sytytystulppa: 1-maaelektroodi; Kierteen pituus (mm): 26,5; Versio: with gasket seat; Vastus alkaen [kOhm]: 3; Vastus asti [kOhm]: 10; lis\u00e4tieto: Igniter Industrial; Tarvittava kappalem\u00e4\u00e4r\u00e4: 4; MERCEDES-BENZ: CLK C209,CLS C219,G-CLASS W463; FORD: FOCUS II DA_; RENAULT: CLIO II BB0\/1\/2_, CB0\/1\/2_,ESPACE IV JK0\/1_,LAGUNA II Grandtour KG0\/1_,LAGUNA II BG0\/1_,KANGOO Express FC0\/1_,VEL SATIS BJ0_,AVANTIME DE0_; FIAT: ULYSSE 179AX,ULYSSE 220,SCUDO Kasten 220L,SCUDO Combinato 220P; PEUGEOT: 206 Schr\u00e4gheck 2A\/C,206 CC 2D,207 WA_, WC_,307 SW 3H,307 CC 3B,407 SW 6E_,307 3A\/C,107,308 SW,206 SW 2E\/K,807 E,308 4A_, 4C_,307 Break 3E,607 9D, 9U,407 6D_,406 Break 8E\/F,PARTNER Tepee,1007 KM_,PARTNER Combispace 5F,406 Coupe 8C,406 8B,806 221,407 Coupe 6C_,EXPERT Tepee VF3V_,EXPERT Kasten VF3A_, VF3U_, VF3X_,PARTNER Kasten,EXPERT Kasten 222,206 Stufenheck,EXPERT 224; TOYOTA: YARIS SCP9_, NSP9_, KSP9_, NCP9_, ZSP9_,AYGO WNB1_, KGB1_,RAV 4 III ACA3_, ACE_, ALA3_, GSA3_, ZSA3_,YARIS NHP13_, NSP13_, NCP13_, KSP13_, NLP13_,IQ KPJ1_, NGJ1_, KGJ1_, NUJ1_,PREVIA MCR3_, ACR3_, CLR3_,LAND CRUISER KDJ12_, GRJ12_,HILUX III Pick-up TGN1_, GGN2_, GGN1_, KUN2_, KUN1_,VIOS\/YARIS Stufenheck ZSP9_, NCP9_,4 RUNNER KZN18_, VZN18_, RZN18_,FJ CRUISER GSJ1_,PREVIA III ACR5_, GSR5_,FORTUNER Gel\u00e4ndewagen geschlossen TGN6_, KUN6_, GGN6_, TGN5; HYUNDAI: ix35 LM, EL, ELH,SANTA F\u00c9 I SM,SANTA F\u00c9 II CM,SONATA V NF,SONATA IV EF,GRANDEUR TG,SONATA VI YF,GRANDEUR HG; CITRO\u00cbN: C1 PM_, PN_,BERLINGO MF,XSARA PICASSO N68,C2 JM_,C3 I FC_,BERLINGO B9,C5 III Break TD_,C4 Picasso I UD_,C4 Grand Picasso I UA_,C8 EA_, EB_,C4 I LC_,SAXO S0, S1,BERLINGO Kasten M_,C5 II Break RE_,C5 I DC_,C5 I Break DE_,C5 III RD_,XSARA N1,C4 Coupe LA_,C3 Pluriel HB_,C5 II RC_,XSARA Break N2,JUMPY,BERLINGO Kasten B9,C6 TD_,JUMPY Kasten,XSARA Coupe N0,EVASION 22, U6,C4 Stufenheck L,JUMPY U6U,JUMPY Kasten BS_, BT_, BY_, BZ_,JUMPY Pritsche\/Fahrgestell BU_, BV_, BW_, BX_; NISSAN: MICRA III K12,X-TRAIL T30,NOTE E11,ALMERA TINO V10,ALMERA II Hatchback N16,PATHFINDER R51,PRIMERA Kombi WP12,PRIMERA P12,TERRANO II R20,350 Z Z33,MICRA C+C K12,MURANO Z50,PRIMERA Hatchback P12,PATHFINDER R50,ALMERA Mk II N16,350 Z Roadster Z33,MAXIMA QX A33,ALMERA Classic B10,ALTIMA,SENTRA B15,TEANA I J31; KIA: SORENTO I JC,SPORTAGE SL,SORENTO II XM,CARNIVAL \/ GRAND CARNIVAL III VQ,MAGENTIS MG,OPIRUS GH,CERATO II Stufenheck TD,CERATO KOUP TD; Tulpat,Sytytystulppa<\/p>\n","protected":false},"excerpt":{"rendered":"<p>CHAMPION Sytytystulpat EON9\/286 Tulpat,Sytytystulppa MERCEDES-BENZ,FORD,RENAULT,CLK C209,CLS C219,G-CLASS W463,FOCUS II DA_,CLIO II BB0\/1\/2_, CB0\/1\/2_<\/p>\n","protected":false},"featured_media":0,"template":"","meta":{"site-sidebar-layout":"default","site-content-layout":"default","ast-global-header-display":"","ast-main-header-display":"","ast-hfb-above-header-display":"","ast-hfb-below-header-display":"","ast-hfb-mobile-header-display":"","site-post-title":"","ast-breadcrumbs-content":"","ast-featured-img":"","footer-sml-layout":"","theme-transparent-header-meta":"","adv-header-id-meta":"","stick-header-meta":"","header-above-stick-meta":"","header-main-stick-meta":"","header-below-stick-meta":""},"pwb-brand":[536],"product_cat":[165],"product_tag":[],"class_list":{"0":"post-103653","1":"product","2":"type-product","3":"status-publish","5":"pwb-brand-champion","6":"product_cat-sytytystulpat","7":"desktop-align-left","8":"tablet-align-left","9":"mobile-align-left","11":"first","12":"instock","13":"product-type-external"},"brands":[{"id":536,"name":"Champion","slug":"champion"}],"_links":{"self":[{"href":"https:\/\/www.autonvaraosahaku.fi\/index.php?rest_route=\/wp\/v2\/product\/103653","targetHints":{"allow":["GET"]}}],"collection":[{"href":"https:\/\/www.autonvaraosahaku.fi\/index.php?rest_route=\/wp\/v2\/product"}],"about":[{"href":"https:\/\/www.autonvaraosahaku.fi\/index.php?rest_route=\/wp\/v2\/types\/product"}],"wp:attachment":[{"href":"https:\/\/www.autonvaraosahaku.fi\/index.php?rest_route=%2Fwp%2Fv2%2Fmedia&parent=103653"}],"wp:term":[{"taxonomy":"pwb-brand","embeddable":true,"href":"https:\/\/www.autonvaraosahaku.fi\/index.php?rest_route=%2Fwp%2Fv2%2Fpwb-brand&post=103653"},{"taxonomy":"product_cat","embeddable":true,"href":"https:\/\/www.autonvaraosahaku.fi\/index.php?rest_route=%2Fwp%2Fv2%2Fproduct_cat&post=103653"},{"taxonomy":"product_tag","embeddable":true,"href":"https:\/\/www.autonvaraosahaku.fi\/index.php?rest_route=%2Fwp%2Fv2%2Fproduct_tag&post=103653"}],"curies":[{"name":"wp","href":"https:\/\/api.w.org\/{rel}","templated":true}]}}