{"id":10367,"date":"2021-02-21T14:08:36","date_gmt":"2021-02-21T14:08:36","guid":{"rendered":"https:\/\/www.autonvaraosahaku.fi\/?product=abakus-552-2004n-ue-sumuvalot"},"modified":"2021-02-21T14:08:37","modified_gmt":"2021-02-21T14:08:37","slug":"abakus-552-2004n-ue-sumuvalot","status":"publish","type":"product","link":"https:\/\/www.autonvaraosahaku.fi\/?product=abakus-552-2004n-ue-sumuvalot","title":{"rendered":"ABAKUS 552-2004N-UE Sumuvalot"},"content":{"rendered":"<p>Asennuspuoli: Molemminpuolin; Lamppumalli: H1; Erittely: 2001 &#8211; 2005; Rekister\u00f6ity tyyppi: E-hyv\u00e4ksytty; Lis\u00e4tarvike\/lis\u00e4tieto: Ilman lampun kantaa, Ilman polttimoa; FIAT: SCUDO 270_,SCUDO Kasten 270_,SCUDO Pritsche\/Fahrgestell 270_; CITRO\u00cbN: C2 JM_,C3 I FC_,BERLINGO B9,XSARA N1,C3 Pluriel HB_,XSARA Break N2,JUMPY,BERLINGO Kasten B9,JUMPY Kasten,XSARA Coupe N0,JUMPY U6U,JUMPY Kasten BS_, BT_, BY_, BZ_,JUMPY Pritsche\/Fahrgestell BU_, BV_, BW_, BX_; PEUGEOT: PARTNER Tepee,1007 KM_,PARTNER Kasten; 00006204Q0, 00006206J6, 6204Q0, 6206J6, 62080, 92060, 9648947780, 6204Q0, 9648947780, 6204Q0, 96384979; Sumuvalo<\/p>\n","protected":false},"excerpt":{"rendered":"<p>ABAKUS Sumuvalot 552-2004N-UE Sumuvalo FIAT,CITRO\u00cbN,PEUGEOT,SCUDO 270_,SCUDO Kasten 270_,SCUDO Pritsche\/Fahrgestell 270_,C2 JM_,C3 I FC_,BERLINGO B9<\/p>\n","protected":false},"featured_media":0,"template":"","meta":{"site-sidebar-layout":"default","site-content-layout":"default","ast-global-header-display":"","ast-main-header-display":"","ast-hfb-above-header-display":"","ast-hfb-below-header-display":"","ast-hfb-mobile-header-display":"","site-post-title":"","ast-breadcrumbs-content":"","ast-featured-img":"","footer-sml-layout":"","theme-transparent-header-meta":"","adv-header-id-meta":"","stick-header-meta":"","header-above-stick-meta":"","header-main-stick-meta":"","header-below-stick-meta":""},"pwb-brand":[148],"product_cat":[119],"product_tag":[],"class_list":{"0":"post-10367","1":"product","2":"type-product","3":"status-publish","5":"pwb-brand-abakus","6":"product_cat-sumuvalot","7":"desktop-align-left","8":"tablet-align-left","9":"mobile-align-left","11":"first","12":"instock","13":"product-type-external"},"brands":[{"id":148,"name":"ABAKUS","slug":"abakus"}],"_links":{"self":[{"href":"https:\/\/www.autonvaraosahaku.fi\/index.php?rest_route=\/wp\/v2\/product\/10367","targetHints":{"allow":["GET"]}}],"collection":[{"href":"https:\/\/www.autonvaraosahaku.fi\/index.php?rest_route=\/wp\/v2\/product"}],"about":[{"href":"https:\/\/www.autonvaraosahaku.fi\/index.php?rest_route=\/wp\/v2\/types\/product"}],"wp:attachment":[{"href":"https:\/\/www.autonvaraosahaku.fi\/index.php?rest_route=%2Fwp%2Fv2%2Fmedia&parent=10367"}],"wp:term":[{"taxonomy":"pwb-brand","embeddable":true,"href":"https:\/\/www.autonvaraosahaku.fi\/index.php?rest_route=%2Fwp%2Fv2%2Fpwb-brand&post=10367"},{"taxonomy":"product_cat","embeddable":true,"href":"https:\/\/www.autonvaraosahaku.fi\/index.php?rest_route=%2Fwp%2Fv2%2Fproduct_cat&post=10367"},{"taxonomy":"product_tag","embeddable":true,"href":"https:\/\/www.autonvaraosahaku.fi\/index.php?rest_route=%2Fwp%2Fv2%2Fproduct_tag&post=10367"}],"curies":[{"name":"wp","href":"https:\/\/api.w.org\/{rel}","templated":true}]}}