{"id":103670,"date":"2021-02-21T22:58:56","date_gmt":"2021-02-21T22:58:56","guid":{"rendered":"https:\/\/www.autonvaraosahaku.fi\/?product=champion-cof100509e-oljynsuodatin"},"modified":"2021-02-21T22:58:56","modified_gmt":"2021-02-21T22:58:56","slug":"champion-cof100509e-oljynsuodatin","status":"publish","type":"product","link":"https:\/\/www.autonvaraosahaku.fi\/?product=champion-cof100509e-oljynsuodatin","title":{"rendered":"Champion COF100509E \u00d6ljynsuodatin"},"content":{"rendered":"<p>Korkeus (mm): 115; Sis\u00e4l\u00e4pimitta [mm]: 26; Ulkol\u00e4pimitta [mm]: 64; Pakkaustyyppi: Laatikko; Suodatintyyppi: Suodatinpanos; Sis\u00e4l\u00e4pimitta 1 [mm]: 33; Pakkauspituus [cm]: 6,5; Pakkausleveys [cm]: 6,5; Pakkauskorkeus [mm]: 12,5; Tuotelinja: EON TITAN; Moottorinumero: 272974; MERCEDES-BENZ: C-CLASS W203,E-CLASS W211,C-CLASS W204,C-CLASS T-Model S204,C-CLASS T-Model S203,C-CLASS W202,E-CLASS T-Model S211,SLK R170,E-CLASS W210,E-CLASS W212,VIANO W639,M-CLASS W164,C-CLASS Coupe CL203,M-CLASS W163,E-CLASS T-Model S212,GLK-CLASS X204,E-CLASS Kombi S210,VITO Bus W639,SLK R171,CLK C208,SL R129,CLK C209,C-CLASS Kombi S202,S-CLASS W220,VITO \/ MIXTO Kasten W639,SPRINTER 3,5-t Kasten 906,S-CLASS W221,CLS C219,SL R230,R-CLASS W251, V251,G-CLASS W463,E-CLASS Coupe C207,CLK Cabriolet A208,CLK Cabriolet A209,SPRINTER 3,5-t Bus 906,SPRINTER 3-t Kasten 906,E-CLASS Cabriolet A207,CLC-CLASS CL203,GL-CLASS X164,SPRINTER 3,5-t Pritsche\/Fahrgestell 906,S-CLASS Coupe C215,S-CLASS Coupe C216,SPRINTER 3-t Bus 906,SPRINTER 5-t Kasten 906,SPRINTER 5-t Pritsche\/Fahrgestell 906,G-CLASS Cabrio W463,SPRINTER 3-t Pritsche\/Fahrgestell 906,SPRINTER 4,6-t Pritsche\/Fahrgestell 906,SPRINTER 4,6-t Kasten 906; CHRYSLER: CROSSFIRE,CROSSFIRE Roadster; PUCH: G-MODELL W 463; 05102905AA, 05102905AB, K05102905AA, K05102905AB, 0001802209, 0001802309, 0001802609, 0001803109, 0001842309, 0011849425, 1121800009, 1121840025, 1121840125, 1121840225, 1121840425, 1121840525, 11849425, 6111800967<\/p>\n","protected":false},"excerpt":{"rendered":"<p>CHAMPION \u00d6ljynsuodatin COF100509E  MERCEDES-BENZ,CHRYSLER,PUCH,C-CLASS W203,E-CLASS W211,C-CLASS W204,C-CLASS T-Model S204,C-CLASS T-Model S203<\/p>\n","protected":false},"featured_media":0,"template":"","meta":{"site-sidebar-layout":"default","site-content-layout":"default","ast-global-header-display":"","ast-main-header-display":"","ast-hfb-above-header-display":"","ast-hfb-below-header-display":"","ast-hfb-mobile-header-display":"","site-post-title":"","ast-breadcrumbs-content":"","ast-featured-img":"","footer-sml-layout":"","theme-transparent-header-meta":"","adv-header-id-meta":"","stick-header-meta":"","header-above-stick-meta":"","header-main-stick-meta":"","header-below-stick-meta":""},"pwb-brand":[536],"product_cat":[30],"product_tag":[],"class_list":{"0":"post-103670","1":"product","2":"type-product","3":"status-publish","5":"pwb-brand-champion","6":"product_cat-oljynsuodatin","7":"desktop-align-left","8":"tablet-align-left","9":"mobile-align-left","11":"first","12":"instock","13":"product-type-external"},"brands":[{"id":536,"name":"Champion","slug":"champion"}],"_links":{"self":[{"href":"https:\/\/www.autonvaraosahaku.fi\/index.php?rest_route=\/wp\/v2\/product\/103670","targetHints":{"allow":["GET"]}}],"collection":[{"href":"https:\/\/www.autonvaraosahaku.fi\/index.php?rest_route=\/wp\/v2\/product"}],"about":[{"href":"https:\/\/www.autonvaraosahaku.fi\/index.php?rest_route=\/wp\/v2\/types\/product"}],"wp:attachment":[{"href":"https:\/\/www.autonvaraosahaku.fi\/index.php?rest_route=%2Fwp%2Fv2%2Fmedia&parent=103670"}],"wp:term":[{"taxonomy":"pwb-brand","embeddable":true,"href":"https:\/\/www.autonvaraosahaku.fi\/index.php?rest_route=%2Fwp%2Fv2%2Fpwb-brand&post=103670"},{"taxonomy":"product_cat","embeddable":true,"href":"https:\/\/www.autonvaraosahaku.fi\/index.php?rest_route=%2Fwp%2Fv2%2Fproduct_cat&post=103670"},{"taxonomy":"product_tag","embeddable":true,"href":"https:\/\/www.autonvaraosahaku.fi\/index.php?rest_route=%2Fwp%2Fv2%2Fproduct_tag&post=103670"}],"curies":[{"name":"wp","href":"https:\/\/api.w.org\/{rel}","templated":true}]}}