{"id":103684,"date":"2021-02-21T22:58:56","date_gmt":"2021-02-21T22:58:56","guid":{"rendered":"https:\/\/www.autonvaraosahaku.fi\/?product=champion-bae800b-245-sytytyspuola"},"modified":"2021-02-21T22:59:02","modified_gmt":"2021-02-21T22:59:02","slug":"champion-bae800b-245-sytytyspuola","status":"publish","type":"product","link":"https:\/\/www.autonvaraosahaku.fi\/?product=champion-bae800b-245-sytytyspuola","title":{"rendered":"Champion BAE800B\/245 Sytytyspuola"},"content":{"rendered":"<p>J\u00e4nnite (V): 12; Liittimet: DIN; Tarvittava kappalem\u00e4\u00e4r\u00e4: 2; Napojen m\u00e4\u00e4r\u00e4: 2; Liittimi\u00e4: 2; Pakkaustyyppi: Laatikko; Sytytyspuola: Liit\u00e4nt\u00e4 DIN; Pakkauspituus [cm]: 12,6; Pakkausleveys [cm]: 9,2; Pakkauskorkeus [mm]: 9,2; Pakokaasunormi: Euro 4 (D4); LANCIA: YPSILON 843,Y 840A,DELTA I 831AB0,THEMA 834,DELTA II 836,YPSILON 312, 846,DEDRA 835,DEDRA SW 835,THEMA SW 834; ALFA ROMEO: 145 930,155 167,146 930,33 907A,33 905,33 Sportwagon 907B,33 Sportwagon 905A; LAMBORGHINI: DIABLO; 60805420, 60809492, 46543562, 46548037, 46790073, 60815150, 7626232, 7672018, A8808M, 16004528, 57165300, 639187, GU05716530<\/p>\n","protected":false},"excerpt":{"rendered":"<p>CHAMPION Sytytyspuola BAE800B\/245  LANCIA,ALFA ROMEO,LAMBORGHINI,YPSILON 843,Y 840A,DELTA I 831AB0,THEMA 834,DELTA II 836,YPSILON 312, 846,DEDRA 835<\/p>\n","protected":false},"featured_media":0,"template":"","meta":{"site-sidebar-layout":"default","site-content-layout":"default","ast-global-header-display":"","ast-main-header-display":"","ast-hfb-above-header-display":"","ast-hfb-below-header-display":"","ast-hfb-mobile-header-display":"","site-post-title":"","ast-breadcrumbs-content":"","ast-featured-img":"","footer-sml-layout":"","theme-transparent-header-meta":"","adv-header-id-meta":"","stick-header-meta":"","header-above-stick-meta":"","header-main-stick-meta":"","header-below-stick-meta":""},"pwb-brand":[536],"product_cat":[25],"product_tag":[],"class_list":{"0":"post-103684","1":"product","2":"type-product","3":"status-publish","5":"pwb-brand-champion","6":"product_cat-sytytyspuola","7":"desktop-align-left","8":"tablet-align-left","9":"mobile-align-left","11":"first","12":"instock","13":"product-type-external"},"brands":[{"id":536,"name":"Champion","slug":"champion"}],"_links":{"self":[{"href":"https:\/\/www.autonvaraosahaku.fi\/index.php?rest_route=\/wp\/v2\/product\/103684","targetHints":{"allow":["GET"]}}],"collection":[{"href":"https:\/\/www.autonvaraosahaku.fi\/index.php?rest_route=\/wp\/v2\/product"}],"about":[{"href":"https:\/\/www.autonvaraosahaku.fi\/index.php?rest_route=\/wp\/v2\/types\/product"}],"wp:attachment":[{"href":"https:\/\/www.autonvaraosahaku.fi\/index.php?rest_route=%2Fwp%2Fv2%2Fmedia&parent=103684"}],"wp:term":[{"taxonomy":"pwb-brand","embeddable":true,"href":"https:\/\/www.autonvaraosahaku.fi\/index.php?rest_route=%2Fwp%2Fv2%2Fpwb-brand&post=103684"},{"taxonomy":"product_cat","embeddable":true,"href":"https:\/\/www.autonvaraosahaku.fi\/index.php?rest_route=%2Fwp%2Fv2%2Fproduct_cat&post=103684"},{"taxonomy":"product_tag","embeddable":true,"href":"https:\/\/www.autonvaraosahaku.fi\/index.php?rest_route=%2Fwp%2Fv2%2Fproduct_tag&post=103684"}],"curies":[{"name":"wp","href":"https:\/\/api.w.org\/{rel}","templated":true}]}}