{"id":103690,"date":"2021-02-21T22:59:05","date_gmt":"2021-02-21T22:59:05","guid":{"rendered":"https:\/\/www.autonvaraosahaku.fi\/?product=champion-a55-b01-pyyhkijansulat"},"modified":"2021-02-21T22:59:05","modified_gmt":"2021-02-21T22:59:05","slug":"champion-a55-b01-pyyhkijansulat","status":"publish","type":"product","link":"https:\/\/www.autonvaraosahaku.fi\/?product=champion-a55-b01-pyyhkijansulat","title":{"rendered":"Champion A55\/B01 Pyyhkij\u00e4nsulat"},"content":{"rendered":"<p>Pituus (mm): 550; Pituus (tuumaa): 22; Lis\u00e4adapteri: CR5078, CH24; M\u00e4\u00e4r\u00e4: 1; Pakkaustyyppi: Kuplapakkaus; Tuotelinja: Aerovantage Standard; Pyyhkij\u00e4nsulkatyyppi: Tavallinen; Asennuspuoli: fahrerseitig; VW: TRANSPORTER V Bus 7HB, 7HJ, 7EB, 7EJ, 7EF,MULTIVAN V 7HM, 7HN, 7HF, 7EF, 7EM, 7EN,TRANSPORTER V Kasten 7HA, 7HH, 7EA, 7EH,LT 28-46 II Kasten 2DA, 2DD, 2DH,TRANSPORTER V Pritsche\/Fahrgestell 7JD, 7JE, 7JL, 7JY, 7JZ,,LT 28-35 II Bus 2DB, 2DE, 2DK,LT 28-46 II Pritsche\/Fahrgestell 2DC, 2DF, 2DG, 2DL, 2DM; AUDI: A6 Avant 4B5, C5,A6 4B2, C5,CABRIOLET 8G7, B4,100 4A, C4,A8 4D2, 4D8,A6 Avant 4A, C4,A6 4A, C4,COUPE 89, 8B,100 Avant 4A, C4,ALLROAD 4BH, C5,V8 44_, 4C_; MAZDA: 6 Station Wagon GY,6 Hatchback GG,6 GG,626 IV Hatchback GE,626 III Hatchback GD,MPV I LV,2 DL, DJ; BMW: X3 E83,X5 E53,Z4 E89; CHEVROLET: MATIZ M200, M250,NUBIRA Kombi,AVEO Schr\u00e4gheck T250, T255,AVEO Stufenheck T250, T255,CORVETTE C5,KALOS Stufenheck,TRAILBLAZER KC_,EVANDA,NUBIRA Stufenheck,CORVETTE Convertible,SPARK M200 M250,AVEO Stufenheck T200; JEEP: COMPASS MK49,PATRIOT MK74; DAEWOO: KALOS KLAS,EVANDA KLAL,LACETTI Schr\u00e4gheck KLAN,NUBIRA Stufenheck KLAN,KALOS Stufenheck KLAS,NUBIRA Wagon KLAN,LUBLIN II Pritsche\/Fahrgestell,LUBLIN II Bus,LUBLIN II Kasten; NISSAN: JUKE F15,PIXO UA0,NV200 EVALIA,NV200 Kasten,PATHFINDER R50,MAXIMA QX A32,VANETTE Bus C22,VANETTE Kasten C22,MAXIMA Station Wagon; KIA: PICANTO BA,RIO II JB,PICANTO TA,MAGENTIS GD,RIO II Stufenheck JB,JOICE,ROADSTER; LEXUS: RX MHU3_, GSU3_, MCU3_,IS I JCE1_, GXE1_,IS SportCross,LS UCF20; 6426G7, 288907672R, 71804093, 2T1A17528CA, 4U7J17528CA, 6153467, 86VB17528A1B, YS7J17528CA, 76620SM4A01, 76620SM4G01, FB0267330, G22667330, G22667330A, 4158240626, A1708200845, 7701040774, 7701040775, 7701040776, 7701040777, 7701040778, 7701040779, 7701410008, 7701423034, 7701423212, 7701423214, 7711170144, 8521271010, 8522271010; Tuulilasinpyyhkimet,Pyyhkij\u00e4t,Pyyhkij\u00e4nsulka<\/p>\n","protected":false},"excerpt":{"rendered":"<p>CHAMPION Pyyhkij\u00e4nsulat A55\/B01 Tuulilasinpyyhkimet,Pyyhkij\u00e4t VW,AUDI,MAZDA,TRANSPORTER V Bus 7HB, 7HJ, 7EB, 7EJ, 7EF<\/p>\n","protected":false},"featured_media":0,"template":"","meta":{"site-sidebar-layout":"default","site-content-layout":"default","ast-global-header-display":"","ast-main-header-display":"","ast-hfb-above-header-display":"","ast-hfb-below-header-display":"","ast-hfb-mobile-header-display":"","site-post-title":"","ast-breadcrumbs-content":"","ast-featured-img":"","footer-sml-layout":"","theme-transparent-header-meta":"","adv-header-id-meta":"","stick-header-meta":"","header-above-stick-meta":"","header-main-stick-meta":"","header-below-stick-meta":""},"pwb-brand":[536],"product_cat":[33],"product_tag":[],"class_list":{"0":"post-103690","1":"product","2":"type-product","3":"status-publish","5":"pwb-brand-champion","6":"product_cat-pyyhkijansulat","7":"desktop-align-left","8":"tablet-align-left","9":"mobile-align-left","11":"first","12":"instock","13":"product-type-external"},"brands":[{"id":536,"name":"Champion","slug":"champion"}],"_links":{"self":[{"href":"https:\/\/www.autonvaraosahaku.fi\/index.php?rest_route=\/wp\/v2\/product\/103690","targetHints":{"allow":["GET"]}}],"collection":[{"href":"https:\/\/www.autonvaraosahaku.fi\/index.php?rest_route=\/wp\/v2\/product"}],"about":[{"href":"https:\/\/www.autonvaraosahaku.fi\/index.php?rest_route=\/wp\/v2\/types\/product"}],"wp:attachment":[{"href":"https:\/\/www.autonvaraosahaku.fi\/index.php?rest_route=%2Fwp%2Fv2%2Fmedia&parent=103690"}],"wp:term":[{"taxonomy":"pwb-brand","embeddable":true,"href":"https:\/\/www.autonvaraosahaku.fi\/index.php?rest_route=%2Fwp%2Fv2%2Fpwb-brand&post=103690"},{"taxonomy":"product_cat","embeddable":true,"href":"https:\/\/www.autonvaraosahaku.fi\/index.php?rest_route=%2Fwp%2Fv2%2Fproduct_cat&post=103690"},{"taxonomy":"product_tag","embeddable":true,"href":"https:\/\/www.autonvaraosahaku.fi\/index.php?rest_route=%2Fwp%2Fv2%2Fproduct_tag&post=103690"}],"curies":[{"name":"wp","href":"https:\/\/api.w.org\/{rel}","templated":true}]}}