{"id":103694,"date":"2021-02-21T22:59:05","date_gmt":"2021-02-21T22:59:05","guid":{"rendered":"https:\/\/www.autonvaraosahaku.fi\/?product=champion-afl6048e-c02-pyyhkijansulat"},"modified":"2021-02-21T22:59:06","modified_gmt":"2021-02-21T22:59:06","slug":"champion-afl6048e-c02-pyyhkijansulat","status":"publish","type":"product","link":"https:\/\/www.autonvaraosahaku.fi\/?product=champion-afl6048e-c02-pyyhkijansulat","title":{"rendered":"Champion AFL6048E\/C02 Pyyhkij\u00e4nsulat"},"content":{"rendered":"<p>Pituus 1 \/ pituus 2: 600\/ 480; Lis\u00e4adapteri: CR1213, CR1202; Muoto: Litte\u00e4; Muotoilu: Spoilerilla; Pakkaustyyppi: Laatikko; M\u00e4\u00e4r\u00e4yksikk\u00f6: Sarja; Pituus1\/pituus2 [tuuma]: 24\/ 19; Tuotelinja: Aerovantage Flat; Pyyhkij\u00e4nsulkatyyppi: Rungottomat; Valmistusvuoteen: 09\/2011; VW: GOLF V 1K1; AUDI: A3 8P1,A3 Sportback 8PA; SKODA: OCTAVIA Combi 1Z5,OCTAVIA 1Z3; BMW: 3 Touring E91,3 E90,X5 E70,X6 E71, E72; ALPINA: D3 E90,D3 Kombi E91; 8P0998002, 8P0998002A, 8P1955425A, 8P1955425J, 8P1955426A, 8P1955426J, 0405167, 405167, 61610038893, 61610427668, 61617118216, 61617118223, 61617170545, 61617170549, 61617198668, 61617198669, 1768202800, A1768202800, 1J0955429A, 1Z1955425A, 1Z1955425B, 1Z1955426A, 1Z1955426B, 1Z1998001, 8P0998002, 1K0998002A, 1K1955425, 1K1955425A, 1K1955426, 1K1955426A, 1Z1955425, 1Z1955425A, 1Z1955426, 1Z1955426A, 2K0998002A, 2K1955425A, 2K1955426A, 8P0998002, 8P1955425A, 8P1955426A; Tuulilasinpyyhkimet,Pyyhkij\u00e4t,Pyyhkij\u00e4nsulka<\/p>\n","protected":false},"excerpt":{"rendered":"<p>CHAMPION Pyyhkij\u00e4nsulat AFL6048E\/C02 Tuulilasinpyyhkimet,Pyyhkij\u00e4t VW,AUDI,SKODA,GOLF V 1K1,A3 8P1,A3 Sportback 8PA,OCTAVIA Combi 1Z5,OCTAVIA 1Z3<\/p>\n","protected":false},"featured_media":0,"template":"","meta":{"site-sidebar-layout":"default","site-content-layout":"default","ast-global-header-display":"","ast-main-header-display":"","ast-hfb-above-header-display":"","ast-hfb-below-header-display":"","ast-hfb-mobile-header-display":"","site-post-title":"","ast-breadcrumbs-content":"","ast-featured-img":"","footer-sml-layout":"","theme-transparent-header-meta":"","adv-header-id-meta":"","stick-header-meta":"","header-above-stick-meta":"","header-main-stick-meta":"","header-below-stick-meta":""},"pwb-brand":[536],"product_cat":[33],"product_tag":[],"class_list":{"0":"post-103694","1":"product","2":"type-product","3":"status-publish","5":"pwb-brand-champion","6":"product_cat-pyyhkijansulat","7":"desktop-align-left","8":"tablet-align-left","9":"mobile-align-left","11":"first","12":"instock","13":"product-type-external"},"brands":[{"id":536,"name":"Champion","slug":"champion"}],"_links":{"self":[{"href":"https:\/\/www.autonvaraosahaku.fi\/index.php?rest_route=\/wp\/v2\/product\/103694","targetHints":{"allow":["GET"]}}],"collection":[{"href":"https:\/\/www.autonvaraosahaku.fi\/index.php?rest_route=\/wp\/v2\/product"}],"about":[{"href":"https:\/\/www.autonvaraosahaku.fi\/index.php?rest_route=\/wp\/v2\/types\/product"}],"wp:attachment":[{"href":"https:\/\/www.autonvaraosahaku.fi\/index.php?rest_route=%2Fwp%2Fv2%2Fmedia&parent=103694"}],"wp:term":[{"taxonomy":"pwb-brand","embeddable":true,"href":"https:\/\/www.autonvaraosahaku.fi\/index.php?rest_route=%2Fwp%2Fv2%2Fpwb-brand&post=103694"},{"taxonomy":"product_cat","embeddable":true,"href":"https:\/\/www.autonvaraosahaku.fi\/index.php?rest_route=%2Fwp%2Fv2%2Fproduct_cat&post=103694"},{"taxonomy":"product_tag","embeddable":true,"href":"https:\/\/www.autonvaraosahaku.fi\/index.php?rest_route=%2Fwp%2Fv2%2Fproduct_tag&post=103694"}],"curies":[{"name":"wp","href":"https:\/\/api.w.org\/{rel}","templated":true}]}}