{"id":103695,"date":"2021-02-21T22:59:05","date_gmt":"2021-02-21T22:59:05","guid":{"rendered":"https:\/\/www.autonvaraosahaku.fi\/?product=champion-afl6040g-c02-pyyhkijansulat"},"modified":"2021-02-21T22:59:06","modified_gmt":"2021-02-21T22:59:06","slug":"champion-afl6040g-c02-pyyhkijansulat","status":"publish","type":"product","link":"https:\/\/www.autonvaraosahaku.fi\/?product=champion-afl6040g-c02-pyyhkijansulat","title":{"rendered":"Champion AFL6040G\/C02 Pyyhkij\u00e4nsulat"},"content":{"rendered":"<p>Pituus 1 \/ pituus 2: 600\/ 400; Lis\u00e4adapteri: CR1207; Muoto: Litte\u00e4; Muotoilu: Spoilerilla; Pakkaustyyppi: Laatikko; M\u00e4\u00e4r\u00e4yksikk\u00f6: Sarja; Pituus1\/pituus2 [tuuma]: 24\/ 16; Tuotelinja: Aerovantage Flat; Pyyhkij\u00e4nsulkatyyppi: Rungottomat; Asennuspuoli: vorne; CITRO\u00cbN: DS3,C3 Picasso,DS3 Cabriolet,C-ELYSEE; PEUGEOT: 301; RENAULT: CLIO III BR0\/1, CR0\/1,MEGANE III Grandtour KZ0\/1,MEGANE III Schr\u00e4gheck BZ0_,MEGANE III Coupe DZ0\/1_,CLIO Grandtour KR0\/1_,MEGANE CC EZ0\/1_,FLUENCE L30_,CLIO III Kasten SB_, SR_,THALIA II LU1\/2_,THALIA III; DS: DS 3,DS 3 Cabriolet; 6423K0, 6423K0, 288902593R, 288905450R, 288905755R, 288908041R, 288908085R, 2889096, 288909690R, 7701061593, 7701061597, 288902593R, 288905450R, 2889096; Tuulilasinpyyhkimet,Pyyhkij\u00e4t,Pyyhkij\u00e4nsulka<\/p>\n","protected":false},"excerpt":{"rendered":"<p>CHAMPION Pyyhkij\u00e4nsulat AFL6040G\/C02 Tuulilasinpyyhkimet,Pyyhkij\u00e4t CITRO\u00cbN,PEUGEOT,RENAULT,DS3,C3 Picasso,DS3 Cabriolet,C-ELYSEE,301<\/p>\n","protected":false},"featured_media":0,"template":"","meta":{"site-sidebar-layout":"default","site-content-layout":"default","ast-global-header-display":"","ast-main-header-display":"","ast-hfb-above-header-display":"","ast-hfb-below-header-display":"","ast-hfb-mobile-header-display":"","site-post-title":"","ast-breadcrumbs-content":"","ast-featured-img":"","footer-sml-layout":"","theme-transparent-header-meta":"","adv-header-id-meta":"","stick-header-meta":"","header-above-stick-meta":"","header-main-stick-meta":"","header-below-stick-meta":""},"pwb-brand":[536],"product_cat":[33],"product_tag":[],"class_list":{"0":"post-103695","1":"product","2":"type-product","3":"status-publish","5":"pwb-brand-champion","6":"product_cat-pyyhkijansulat","7":"desktop-align-left","8":"tablet-align-left","9":"mobile-align-left","11":"first","12":"instock","13":"product-type-external"},"brands":[{"id":536,"name":"Champion","slug":"champion"}],"_links":{"self":[{"href":"https:\/\/www.autonvaraosahaku.fi\/index.php?rest_route=\/wp\/v2\/product\/103695","targetHints":{"allow":["GET"]}}],"collection":[{"href":"https:\/\/www.autonvaraosahaku.fi\/index.php?rest_route=\/wp\/v2\/product"}],"about":[{"href":"https:\/\/www.autonvaraosahaku.fi\/index.php?rest_route=\/wp\/v2\/types\/product"}],"wp:attachment":[{"href":"https:\/\/www.autonvaraosahaku.fi\/index.php?rest_route=%2Fwp%2Fv2%2Fmedia&parent=103695"}],"wp:term":[{"taxonomy":"pwb-brand","embeddable":true,"href":"https:\/\/www.autonvaraosahaku.fi\/index.php?rest_route=%2Fwp%2Fv2%2Fpwb-brand&post=103695"},{"taxonomy":"product_cat","embeddable":true,"href":"https:\/\/www.autonvaraosahaku.fi\/index.php?rest_route=%2Fwp%2Fv2%2Fproduct_cat&post=103695"},{"taxonomy":"product_tag","embeddable":true,"href":"https:\/\/www.autonvaraosahaku.fi\/index.php?rest_route=%2Fwp%2Fv2%2Fproduct_tag&post=103695"}],"curies":[{"name":"wp","href":"https:\/\/api.w.org\/{rel}","templated":true}]}}