{"id":103710,"date":"2021-02-21T22:59:11","date_gmt":"2021-02-21T22:59:11","guid":{"rendered":"https:\/\/www.autonvaraosahaku.fi\/?product=champion-ch230-002-hehkutulppa"},"modified":"2021-02-21T22:59:11","modified_gmt":"2021-02-21T22:59:11","slug":"champion-ch230-002-hehkutulppa","status":"publish","type":"product","link":"https:\/\/www.autonvaraosahaku.fi\/?product=champion-ch230-002-hehkutulppa","title":{"rendered":"Champion CH230\/002 Hehkutulppa"},"content":{"rendered":"<p>J\u00e4nnite (V): 11; Liittimet: M4; L\u00e4pimitta [mm]: 5; Kierremitta: M10x1; Kokonaispituus (mm): 135; Avainv\u00e4li: 10; Kiristysmomentti: 12; Hehkutulppatyyppi: Hehkutulppa, puikko; Asennussyvyys (mm): 20,5; Tarvittava kappalem\u00e4\u00e4r\u00e4: 4; NISSAN: X-TRAIL T30,ALMERA TINO V10,ALMERA II Hatchback N16,NAVARA D40,PATHFINDER R51,PRIMERA Kombi WP12,PRIMERA P12,NAVARA Pritsche\/Fahrgestell D40,PRIMERA Hatchback P12,PICK UP D22,ALMERA Mk II N16,NP300,NV400 Kasten,NV400 Bus,NV400 Pritsche\/Fahrgestell; 11065AD200, 11065AD201, 11065AD20A, 11065AD210, 11065AD220<\/p>\n","protected":false},"excerpt":{"rendered":"<p>CHAMPION Hehkutulppa CH230\/002  NISSAN,X-TRAIL T30,ALMERA TINO V10,ALMERA II Hatchback N16,NAVARA D40,PATHFINDER R51,PRIMERA Kombi WP12,PRIMERA P12<\/p>\n","protected":false},"featured_media":0,"template":"","meta":{"site-sidebar-layout":"default","site-content-layout":"default","ast-global-header-display":"","ast-main-header-display":"","ast-hfb-above-header-display":"","ast-hfb-below-header-display":"","ast-hfb-mobile-header-display":"","site-post-title":"","ast-breadcrumbs-content":"","ast-featured-img":"","footer-sml-layout":"","theme-transparent-header-meta":"","adv-header-id-meta":"","stick-header-meta":"","header-above-stick-meta":"","header-main-stick-meta":"","header-below-stick-meta":""},"pwb-brand":[536],"product_cat":[52],"product_tag":[],"class_list":{"0":"post-103710","1":"product","2":"type-product","3":"status-publish","5":"pwb-brand-champion","6":"product_cat-hehkutulppa","7":"desktop-align-left","8":"tablet-align-left","9":"mobile-align-left","11":"first","12":"instock","13":"product-type-external"},"brands":[{"id":536,"name":"Champion","slug":"champion"}],"_links":{"self":[{"href":"https:\/\/www.autonvaraosahaku.fi\/index.php?rest_route=\/wp\/v2\/product\/103710","targetHints":{"allow":["GET"]}}],"collection":[{"href":"https:\/\/www.autonvaraosahaku.fi\/index.php?rest_route=\/wp\/v2\/product"}],"about":[{"href":"https:\/\/www.autonvaraosahaku.fi\/index.php?rest_route=\/wp\/v2\/types\/product"}],"wp:attachment":[{"href":"https:\/\/www.autonvaraosahaku.fi\/index.php?rest_route=%2Fwp%2Fv2%2Fmedia&parent=103710"}],"wp:term":[{"taxonomy":"pwb-brand","embeddable":true,"href":"https:\/\/www.autonvaraosahaku.fi\/index.php?rest_route=%2Fwp%2Fv2%2Fpwb-brand&post=103710"},{"taxonomy":"product_cat","embeddable":true,"href":"https:\/\/www.autonvaraosahaku.fi\/index.php?rest_route=%2Fwp%2Fv2%2Fproduct_cat&post=103710"},{"taxonomy":"product_tag","embeddable":true,"href":"https:\/\/www.autonvaraosahaku.fi\/index.php?rest_route=%2Fwp%2Fv2%2Fproduct_tag&post=103710"}],"curies":[{"name":"wp","href":"https:\/\/api.w.org\/{rel}","templated":true}]}}