{"id":103721,"date":"2021-02-21T22:59:11","date_gmt":"2021-02-21T22:59:11","guid":{"rendered":"https:\/\/www.autonvaraosahaku.fi\/?product=champion-caf100107r-ilmansuodatin"},"modified":"2021-02-21T22:59:14","modified_gmt":"2021-02-21T22:59:14","slug":"champion-caf100107r-ilmansuodatin","status":"publish","type":"product","link":"https:\/\/www.autonvaraosahaku.fi\/?product=champion-caf100107r-ilmansuodatin","title":{"rendered":"Champion CAF100107R Ilmansuodatin"},"content":{"rendered":"<p>Korkeus (mm): 50; Sis\u00e4l\u00e4pimitta [mm]: 156; Ulkol\u00e4pimitta [mm]: 203; Pakkaustyyppi: Laatikko; Suodatintyyppi: Suodatinpanos; Pakkauspituus [cm]: 22,3; Pakkausleveys [cm]: 21,7; Pakkauskorkeus [mm]: 5,8; Valmistusvuoteen: 12\/1983; SUZUKI: ALTO HA12, HA23,ALTO HA11,ALTO,ALTO SS80; SEAT: 127 127A,FURA 025A; LANCIA: A 112; FIAT: PANDA 141A_,127,FIORINO Kasten 146,128 Coupe,128,RITMO I 138A,FIORINO 147,127 Panorama,128 Familiare,FIORINO 127; AUTOBIANCHI: A 112; ZASTAVA: 101 1100,YUGO; 4371570, 0003897995<\/p>\n","protected":false},"excerpt":{"rendered":"<p>CHAMPION Ilmansuodatin CAF100107R  SUZUKI,SEAT,LANCIA,ALTO HA12, HA23,ALTO HA11,ALTO,ALTO SS80,127 127A,FURA 025A,A 112,PANDA 141A_,127<\/p>\n","protected":false},"featured_media":0,"template":"","meta":{"site-sidebar-layout":"default","site-content-layout":"default","ast-global-header-display":"","ast-main-header-display":"","ast-hfb-above-header-display":"","ast-hfb-below-header-display":"","ast-hfb-mobile-header-display":"","site-post-title":"","ast-breadcrumbs-content":"","ast-featured-img":"","footer-sml-layout":"","theme-transparent-header-meta":"","adv-header-id-meta":"","stick-header-meta":"","header-above-stick-meta":"","header-main-stick-meta":"","header-below-stick-meta":""},"pwb-brand":[536],"product_cat":[31],"product_tag":[],"class_list":{"0":"post-103721","1":"product","2":"type-product","3":"status-publish","5":"pwb-brand-champion","6":"product_cat-ilmansuodatin","7":"desktop-align-left","8":"tablet-align-left","9":"mobile-align-left","11":"first","12":"instock","13":"product-type-external"},"brands":[{"id":536,"name":"Champion","slug":"champion"}],"_links":{"self":[{"href":"https:\/\/www.autonvaraosahaku.fi\/index.php?rest_route=\/wp\/v2\/product\/103721","targetHints":{"allow":["GET"]}}],"collection":[{"href":"https:\/\/www.autonvaraosahaku.fi\/index.php?rest_route=\/wp\/v2\/product"}],"about":[{"href":"https:\/\/www.autonvaraosahaku.fi\/index.php?rest_route=\/wp\/v2\/types\/product"}],"wp:attachment":[{"href":"https:\/\/www.autonvaraosahaku.fi\/index.php?rest_route=%2Fwp%2Fv2%2Fmedia&parent=103721"}],"wp:term":[{"taxonomy":"pwb-brand","embeddable":true,"href":"https:\/\/www.autonvaraosahaku.fi\/index.php?rest_route=%2Fwp%2Fv2%2Fpwb-brand&post=103721"},{"taxonomy":"product_cat","embeddable":true,"href":"https:\/\/www.autonvaraosahaku.fi\/index.php?rest_route=%2Fwp%2Fv2%2Fproduct_cat&post=103721"},{"taxonomy":"product_tag","embeddable":true,"href":"https:\/\/www.autonvaraosahaku.fi\/index.php?rest_route=%2Fwp%2Fv2%2Fproduct_tag&post=103721"}],"curies":[{"name":"wp","href":"https:\/\/api.w.org\/{rel}","templated":true}]}}