{"id":103724,"date":"2021-02-21T22:59:11","date_gmt":"2021-02-21T22:59:11","guid":{"rendered":"https:\/\/www.autonvaraosahaku.fi\/?product=champion-afr6045a-c02-pyyhkijansulat"},"modified":"2021-02-21T22:59:15","modified_gmt":"2021-02-21T22:59:15","slug":"champion-afr6045a-c02-pyyhkijansulat","status":"publish","type":"product","link":"https:\/\/www.autonvaraosahaku.fi\/?product=champion-afr6045a-c02-pyyhkijansulat","title":{"rendered":"Champion AFR6045A\/C02 Pyyhkij\u00e4nsulat"},"content":{"rendered":"<p>Pituus 1 \/ pituus 2: 600\/ 450; Lis\u00e4adapteri: CR1206, CR1202; Muoto: Litte\u00e4; Muotoilu: Spoilerilla; Pakkaustyyppi: Laatikko; M\u00e4\u00e4r\u00e4yksikk\u00f6: Sarja; Pituus1\/pituus2 [tuuma]: 24\/ 18; Tuotelinja: Aerovantage Flat; Pyyhkij\u00e4nsulkatyyppi: Rungottomat; Asennuspuoli: vorne; VW: TOURAN 1T1, 1T2,CADDY III Kombi 2KB, 2KJ, 2CB, 2CJ,TOURAN 1T3,CADDY III Kasten 2KA, 2KH, 2CA, 2CH,CADDY IV Kombi SAB, SAJ,CADDY IV Kasten SAA, SAH,CADDY ALLTRACK Kasten SAA,CADDY ALLTRACK Kombi SAB; SKODA: SUPERB Kombi 3T5,SUPERB 3T4; KIA: CEE&#8217;D SW ED,CEE&#8217;D Schr\u00e4gheck ED,PRO CEE&#8217;D ED; HYUNDAI: i30 FD,i30 CW FD; LANCIA: DELTA III 844; FIAT: BRAVO II 198; PEUGEOT: 308 II,308 SW II; 50509399, 50509401, 51843980, 51843981, 1T2998002, 2K2955425C, 2K2955426C; Tuulilasinpyyhkimet,Pyyhkij\u00e4t,Pyyhkij\u00e4nsulka<\/p>\n","protected":false},"excerpt":{"rendered":"<p>CHAMPION Pyyhkij\u00e4nsulat AFR6045A\/C02 Tuulilasinpyyhkimet,Pyyhkij\u00e4t VW,SKODA,KIA,TOURAN 1T1, 1T2,CADDY III Kombi 2KB, 2KJ, 2CB, 2CJ,TOURAN 1T3<\/p>\n","protected":false},"featured_media":0,"template":"","meta":{"site-sidebar-layout":"default","site-content-layout":"default","ast-global-header-display":"","ast-main-header-display":"","ast-hfb-above-header-display":"","ast-hfb-below-header-display":"","ast-hfb-mobile-header-display":"","site-post-title":"","ast-breadcrumbs-content":"","ast-featured-img":"","footer-sml-layout":"","theme-transparent-header-meta":"","adv-header-id-meta":"","stick-header-meta":"","header-above-stick-meta":"","header-main-stick-meta":"","header-below-stick-meta":""},"pwb-brand":[536],"product_cat":[33],"product_tag":[],"class_list":{"0":"post-103724","1":"product","2":"type-product","3":"status-publish","5":"pwb-brand-champion","6":"product_cat-pyyhkijansulat","7":"desktop-align-left","8":"tablet-align-left","9":"mobile-align-left","11":"first","12":"instock","13":"product-type-external"},"brands":[{"id":536,"name":"Champion","slug":"champion"}],"_links":{"self":[{"href":"https:\/\/www.autonvaraosahaku.fi\/index.php?rest_route=\/wp\/v2\/product\/103724","targetHints":{"allow":["GET"]}}],"collection":[{"href":"https:\/\/www.autonvaraosahaku.fi\/index.php?rest_route=\/wp\/v2\/product"}],"about":[{"href":"https:\/\/www.autonvaraosahaku.fi\/index.php?rest_route=\/wp\/v2\/types\/product"}],"wp:attachment":[{"href":"https:\/\/www.autonvaraosahaku.fi\/index.php?rest_route=%2Fwp%2Fv2%2Fmedia&parent=103724"}],"wp:term":[{"taxonomy":"pwb-brand","embeddable":true,"href":"https:\/\/www.autonvaraosahaku.fi\/index.php?rest_route=%2Fwp%2Fv2%2Fpwb-brand&post=103724"},{"taxonomy":"product_cat","embeddable":true,"href":"https:\/\/www.autonvaraosahaku.fi\/index.php?rest_route=%2Fwp%2Fv2%2Fproduct_cat&post=103724"},{"taxonomy":"product_tag","embeddable":true,"href":"https:\/\/www.autonvaraosahaku.fi\/index.php?rest_route=%2Fwp%2Fv2%2Fproduct_tag&post=103724"}],"curies":[{"name":"wp","href":"https:\/\/api.w.org\/{rel}","templated":true}]}}