{"id":103743,"date":"2021-02-21T22:59:17","date_gmt":"2021-02-21T22:59:17","guid":{"rendered":"https:\/\/www.autonvaraosahaku.fi\/?product=delphi-9109-903-muut-luokat"},"modified":"2021-02-21T22:59:21","modified_gmt":"2021-02-21T22:59:21","slug":"delphi-9109-903-muut-luokat","status":"publish","type":"product","link":"https:\/\/www.autonvaraosahaku.fi\/?product=delphi-9109-903-muut-luokat","title":{"rendered":"Delphi 9109-903 Muut luokat"},"content":{"rendered":"<p>NISSAN: MICRA III K12,NOTE E11,ALMERA II Hatchback N16,ALMERA Mk II N16,KUBISTAR Kasten X80; SUZUKI: JIMNY FJ,LIANA Schr\u00e4gheck,LIANA ER; KIA: CARNIVAL II GQ,CARNIVAL I UP; JAGUAR: X-TYPE CF1,X-TYPE Estate; DACIA: DUSTER,LOGAN MCV KS_,SANDERO II,DOKKER,LOGAN LS_,DOKKER Express,LOGAN EXPRESS FS_,LOGAN II; SSANGYONG: REXTON GAB_,KYRON,RODIUS,ACTYON SPORTS I QJ,ACTYON I; HYUNDAI: TERRACAN HP; FORD: MONDEO III Kombi BWY,FOCUS Kombi DNW,FOCUS DAW, DBW,MONDEO III B5Y,MONDEO III Stufenheck B4Y,FOCUS Stufenheck DFW,TRANSIT Kasten FA_ _,TRANSIT CONNECT P65_, P70_, P80_,TRANSIT Bus FD_ _, FB_ _, FS_ _, FZ_ _, FC_ _,TOURNEO CONNECT,TRANSIT Pritsche\/Fahrgestell FM_ _, FN_ _; RENAULT: CLIO II BB0\/1\/2_, CB0\/1\/2_,CLIO III BR0\/1, CR0\/1,SC\u00c9NIC II JM0\/1_,KANGOO KC0\/1_,TWINGO II CN0_,MODUS \/ GRAND MODUS F\/JP0_,MEGANE II Kombi KM0\/1_,SC\u00c9NIC III JZ0\/1_,MEGANE II BM0\/1_, CM0\/1_,GRAND SC\u00c9NIC III JZ0\/1_,KANGOO \/ GRAND KANGOO KW0\/1_,KANGOO Express FC0\/1_,CLIO Grandtour KR0\/1_,GRAND SC\u00c9NIC II JM0\/1_,CAPTUR,KANGOO Express FW0\/1_,MEGANE II Stufenheck LM0\/1_,CLIO II Kasten SB0\/1\/2_,FLUENCE L30_,THALIA I LB0\/1\/2_,DUSTER,LOGAN I Kombi KS_,LOGAN I LS_,LOGAN EXPRESS,SANDERO\/STEPWAY II; CITRO\u00cbN: C3 I FC_; 193329, 7701206905, 1329098, 4S4Q9G586AA, 17065BN700, 7701206905, 66507A0401, 1521384A01; Paineens\u00e4\u00e4t\u00f6venttiili, Common-Rail-J\u00e4rjestelm\u00e4<\/p>\n","protected":false},"excerpt":{"rendered":"<p>DELPHI Polttoaineen Paineens\u00e4\u00e4din 9109-903 Paineens\u00e4\u00e4t\u00f6venttiili, Common-Rail-J\u00e4rjestelm\u00e4 NISSAN,SUZUKI,KIA,MICRA III K12,NOTE E11<\/p>\n","protected":false},"featured_media":0,"template":"","meta":{"site-sidebar-layout":"default","site-content-layout":"default","ast-global-header-display":"","ast-main-header-display":"","ast-hfb-above-header-display":"","ast-hfb-below-header-display":"","ast-hfb-mobile-header-display":"","site-post-title":"","ast-breadcrumbs-content":"","ast-featured-img":"","footer-sml-layout":"","theme-transparent-header-meta":"","adv-header-id-meta":"","stick-header-meta":"","header-above-stick-meta":"","header-main-stick-meta":"","header-below-stick-meta":""},"pwb-brand":[538],"product_cat":[37],"product_tag":[],"class_list":{"0":"post-103743","1":"product","2":"type-product","3":"status-publish","5":"pwb-brand-delphi","6":"product_cat-muut-luokat","7":"desktop-align-left","8":"tablet-align-left","9":"mobile-align-left","11":"first","12":"instock","13":"product-type-external"},"brands":[{"id":538,"name":"Delphi","slug":"delphi"}],"_links":{"self":[{"href":"https:\/\/www.autonvaraosahaku.fi\/index.php?rest_route=\/wp\/v2\/product\/103743","targetHints":{"allow":["GET"]}}],"collection":[{"href":"https:\/\/www.autonvaraosahaku.fi\/index.php?rest_route=\/wp\/v2\/product"}],"about":[{"href":"https:\/\/www.autonvaraosahaku.fi\/index.php?rest_route=\/wp\/v2\/types\/product"}],"wp:attachment":[{"href":"https:\/\/www.autonvaraosahaku.fi\/index.php?rest_route=%2Fwp%2Fv2%2Fmedia&parent=103743"}],"wp:term":[{"taxonomy":"pwb-brand","embeddable":true,"href":"https:\/\/www.autonvaraosahaku.fi\/index.php?rest_route=%2Fwp%2Fv2%2Fpwb-brand&post=103743"},{"taxonomy":"product_cat","embeddable":true,"href":"https:\/\/www.autonvaraosahaku.fi\/index.php?rest_route=%2Fwp%2Fv2%2Fproduct_cat&post=103743"},{"taxonomy":"product_tag","embeddable":true,"href":"https:\/\/www.autonvaraosahaku.fi\/index.php?rest_route=%2Fwp%2Fv2%2Fproduct_tag&post=103743"}],"curies":[{"name":"wp","href":"https:\/\/api.w.org\/{rel}","templated":true}]}}