{"id":103748,"date":"2021-02-21T22:59:17","date_gmt":"2021-02-21T22:59:17","guid":{"rendered":"https:\/\/www.autonvaraosahaku.fi\/?product=delphi-lp885-jarrupalat"},"modified":"2021-02-21T22:59:22","modified_gmt":"2021-02-21T22:59:22","slug":"delphi-lp885-jarrupalat","status":"publish","type":"product","link":"https:\/\/www.autonvaraosahaku.fi\/?product=delphi-lp885-jarrupalat","title":{"rendered":"Delphi LP885 Jarrupalat"},"content":{"rendered":"<p>WVA-numero: 21463; Jarruj\u00e4rjestelm\u00e4: TRW; Pituus (mm): 100; Pituus 2 (mm): 100; Korkeus (mm): 65; Korkeus 2 (mm): 65; Paksuus 1 [mm]: 18; Paksuus 2 [mm]: 18; M\u00e4\u00e4r\u00e4yksikk\u00f6: Akselisarja; Asennuspuoli: Vorderachse; DACIA: SANDERO,LOGAN MCV KS_,LOGAN LS_,LOGAN EXPRESS FS_,LOGAN Pick-up US_,SOLENZA; RENAULT: TWINGO I C06_,CLIO II BB0\/1\/2_, CB0\/1\/2_,TWINGO II CN0_,MEGANE Scenic JA0\/1_,MEGANE I BA0\/1_,MEGANE I Grandtour KA0\/1_,MEGANE I Cabriolet EA0\/1_,CLIO I B\/C57_, 5\/357_,TWINGO I Kasten S06_,MEGANE I Classic LA0\/1_,MEGANE I Coach DA0\/1_,CLIO II Kasten SB0\/1\/2_,ESPACE II J\/S63_,19 II B\/C53_,19 II Cabriolet D53_, 853_,SUPER 5 B\/C40_,RAPID Kasten F40_, G40_,19 I B\/C53_,9 L42_,19 II Chamade L53_,ESPACE I J11_,11 B\/C37_,21 Stufenheck L48_,25 B29_,19 I Chamade L53_,THALIA I LB0\/1\/2_,SANDERO\/STEPWAY I,CLIO I Kasten S57_,19 I Cabriolet D53_,18 134_,11 Kasten S37_,21 Kombi K48_,LOGAN I Kombi KS_,18 Variable 135_,30 127_,FUEGO 136_,21 B48_,20 127_,19 II Kasten S53_,LOGAN I LS_,19 I Kasten S53_,THALIA II LU1\/2_,21 Kasten S48_,18 Kasten,EXPRESS Pick-up,SUPER 5 Kasten S40_,EXPRESS Kasten\/Kombi; PEUGEOT: 205 II 20A\/C,205 I Cabriolet 741B, 20D,309 II 3C, 3A,205 I 741A\/C,309 I 10C, 10A,305 II 581M,305 II Break 581E; ALPINE: V6; 6000008018, 6000008126, 410602192R, 6001547619, 6001547911, 7701207066, 7701208265, 7701209639, 7701210142, 7702295181, 7711130071, 8671000107, 8671016173, 410602192R, 1611460280, 1617250880, 425041, 425070, 425310, E172118, E172171, 410602192R, 410609342R, 6001547619, 6001547911, 6025070807, 6025071042, 7701130036, 7701201669, 7701201773, 7701201774, 7701201775, 7701202147, 7701202241, 7701202284, 7701202285, 7701202516, 7701202539, 7701202540, 7701202712, 7701202848, 7701202894, 7701202895, 7701203129, 7701203282, 7701203775, 7701203777, 7701203795, 7701203796, 7701203797, 7701204066, 7701204357, 7701204358, 7701204833, 7701205355, 7701205411, 7701206082, 7701206085, 7701207066, 7701207960, 7701208265, 7701209639, 7701210130, 7701210131, 7701210142, 7701349751, 7701349970, 7701349973, 7711130036, 7711130071, 8660004589, 8671000107, 8671016173, 8671016708; Jarrupalasarja,Jarrupala, Levyjarru<\/p>\n","protected":false},"excerpt":{"rendered":"<p>DELPHI Jarrupalat LP885 Jarrupalasarja,Jarrupala, Levyjarru DACIA,RENAULT,PEUGEOT,SANDERO,LOGAN MCV KS_,LOGAN LS_,LOGAN EXPRESS FS_,LOGAN Pick-up US_<\/p>\n","protected":false},"featured_media":0,"template":"","meta":{"site-sidebar-layout":"default","site-content-layout":"default","ast-global-header-display":"","ast-main-header-display":"","ast-hfb-above-header-display":"","ast-hfb-below-header-display":"","ast-hfb-mobile-header-display":"","site-post-title":"","ast-breadcrumbs-content":"","ast-featured-img":"","footer-sml-layout":"","theme-transparent-header-meta":"","adv-header-id-meta":"","stick-header-meta":"","header-above-stick-meta":"","header-main-stick-meta":"","header-below-stick-meta":""},"pwb-brand":[538],"product_cat":[100],"product_tag":[],"class_list":{"0":"post-103748","1":"product","2":"type-product","3":"status-publish","5":"pwb-brand-delphi","6":"product_cat-jarrupalat","7":"desktop-align-left","8":"tablet-align-left","9":"mobile-align-left","11":"first","12":"instock","13":"product-type-external"},"brands":[{"id":538,"name":"Delphi","slug":"delphi"}],"_links":{"self":[{"href":"https:\/\/www.autonvaraosahaku.fi\/index.php?rest_route=\/wp\/v2\/product\/103748","targetHints":{"allow":["GET"]}}],"collection":[{"href":"https:\/\/www.autonvaraosahaku.fi\/index.php?rest_route=\/wp\/v2\/product"}],"about":[{"href":"https:\/\/www.autonvaraosahaku.fi\/index.php?rest_route=\/wp\/v2\/types\/product"}],"wp:attachment":[{"href":"https:\/\/www.autonvaraosahaku.fi\/index.php?rest_route=%2Fwp%2Fv2%2Fmedia&parent=103748"}],"wp:term":[{"taxonomy":"pwb-brand","embeddable":true,"href":"https:\/\/www.autonvaraosahaku.fi\/index.php?rest_route=%2Fwp%2Fv2%2Fpwb-brand&post=103748"},{"taxonomy":"product_cat","embeddable":true,"href":"https:\/\/www.autonvaraosahaku.fi\/index.php?rest_route=%2Fwp%2Fv2%2Fproduct_cat&post=103748"},{"taxonomy":"product_tag","embeddable":true,"href":"https:\/\/www.autonvaraosahaku.fi\/index.php?rest_route=%2Fwp%2Fv2%2Fproduct_tag&post=103748"}],"curies":[{"name":"wp","href":"https:\/\/api.w.org\/{rel}","templated":true}]}}