{"id":103760,"date":"2021-02-21T22:59:24","date_gmt":"2021-02-21T22:59:24","guid":{"rendered":"https:\/\/www.autonvaraosahaku.fi\/?product=delphi-td685w-kallistuksenvakaajan-puslat"},"modified":"2021-02-21T22:59:26","modified_gmt":"2021-02-21T22:59:26","slug":"delphi-td685w-kallistuksenvakaajan-puslat","status":"publish","type":"product","link":"https:\/\/www.autonvaraosahaku.fi\/?product=delphi-td685w-kallistuksenvakaajan-puslat","title":{"rendered":"Delphi TD685W Kallistuksenvakaajan puslat"},"content":{"rendered":"<p>Sis\u00e4l\u00e4pimitta 1 [mm]: 10; Ulkol\u00e4pimitta 1 [mm]: 34; Paksuus 1 [mm]: 85; Asennuspuoli: Vorderachse; FIAT: PUNTO 188,BARCHETTA 183,DOBLO Cargo 223,PUNTO 176,DOBLO 119,STRADA Pick-up 178E,PUNTO Van 188AX,PUNTO Cabriolet 176C,PUNTO Van 176L; 7750990; Kallistuksenvakaajan Kumit,Vakaajan Hela<\/p>\n","protected":false},"excerpt":{"rendered":"<p>DELPHI Kallistuksenvakaajan Puslat TD685W Kallistuksenvakaajan Kumit,Vakaajan Hela FIAT,PUNTO 188,BARCHETTA 183,DOBLO Cargo 223,PUNTO 176,DOBLO 119<\/p>\n","protected":false},"featured_media":0,"template":"","meta":{"site-sidebar-layout":"default","site-content-layout":"default","ast-global-header-display":"","ast-main-header-display":"","ast-hfb-above-header-display":"","ast-hfb-below-header-display":"","ast-hfb-mobile-header-display":"","site-post-title":"","ast-breadcrumbs-content":"","ast-featured-img":"","footer-sml-layout":"","theme-transparent-header-meta":"","adv-header-id-meta":"","stick-header-meta":"","header-above-stick-meta":"","header-main-stick-meta":"","header-below-stick-meta":""},"pwb-brand":[538],"product_cat":[82],"product_tag":[],"class_list":{"0":"post-103760","1":"product","2":"type-product","3":"status-publish","5":"pwb-brand-delphi","6":"product_cat-kallistuksenvakaajan-puslat","7":"desktop-align-left","8":"tablet-align-left","9":"mobile-align-left","11":"first","12":"instock","13":"product-type-external"},"brands":[{"id":538,"name":"Delphi","slug":"delphi"}],"_links":{"self":[{"href":"https:\/\/www.autonvaraosahaku.fi\/index.php?rest_route=\/wp\/v2\/product\/103760","targetHints":{"allow":["GET"]}}],"collection":[{"href":"https:\/\/www.autonvaraosahaku.fi\/index.php?rest_route=\/wp\/v2\/product"}],"about":[{"href":"https:\/\/www.autonvaraosahaku.fi\/index.php?rest_route=\/wp\/v2\/types\/product"}],"wp:attachment":[{"href":"https:\/\/www.autonvaraosahaku.fi\/index.php?rest_route=%2Fwp%2Fv2%2Fmedia&parent=103760"}],"wp:term":[{"taxonomy":"pwb-brand","embeddable":true,"href":"https:\/\/www.autonvaraosahaku.fi\/index.php?rest_route=%2Fwp%2Fv2%2Fpwb-brand&post=103760"},{"taxonomy":"product_cat","embeddable":true,"href":"https:\/\/www.autonvaraosahaku.fi\/index.php?rest_route=%2Fwp%2Fv2%2Fproduct_cat&post=103760"},{"taxonomy":"product_tag","embeddable":true,"href":"https:\/\/www.autonvaraosahaku.fi\/index.php?rest_route=%2Fwp%2Fv2%2Fproduct_tag&post=103760"}],"curies":[{"name":"wp","href":"https:\/\/api.w.org\/{rel}","templated":true}]}}