{"id":103763,"date":"2021-02-21T22:59:24","date_gmt":"2021-02-21T22:59:24","guid":{"rendered":"https:\/\/www.autonvaraosahaku.fi\/?product=delphi-lp2152-jarrupalat"},"modified":"2021-02-21T22:59:27","modified_gmt":"2021-02-21T22:59:27","slug":"delphi-lp2152-jarrupalat","status":"publish","type":"product","link":"https:\/\/www.autonvaraosahaku.fi\/?product=delphi-lp2152-jarrupalat","title":{"rendered":"Delphi LP2152 Jarrupalat"},"content":{"rendered":"<p>WVA-numero: 24538 24914; Jarruj\u00e4rjestelm\u00e4: Continental; Pituus (mm): 155; Pituus 2 (mm): 155; Korkeus (mm): 60; Korkeus 2 (mm): 65; Paksuus 1 [mm]: 18; Paksuus 2 [mm]: 18; M\u00e4\u00e4r\u00e4yksikk\u00f6: Akselisarja; Asennuspuoli: Vorderachse; RENAULT: MEGANE III Grandtour KZ0\/1,SC\u00c9NIC III JZ0\/1_,MEGANE III Schr\u00e4gheck BZ0_,GRAND SC\u00c9NIC III JZ0\/1_,MEGANE III Coupe DZ0\/1_,CAPTUR,MEGANE CC EZ0\/1_,ZOE,FLUENCE L30_,DUSTER; FIAT: 500X; DACIA: DUSTER,LODGY,DOKKER,DOKKER Express,DUSTER Kasten; JEEP: RENEGADE Gel\u00e4ndewagen geschlossen BU; 410600379R, 410607115R, 440603905R, 8660000781, 8660004545, 4106000Q1B, 4106000Q1C, 4106000Q1L, 410600379R, 410605961R, 410607115R, 410608364R, 440603905R, 8660000781, 8660004545; Jarrupalasarja,Jarrupala, Levyjarru<\/p>\n","protected":false},"excerpt":{"rendered":"<p>DELPHI Jarrupalat LP2152 Jarrupalasarja,Jarrupala, Levyjarru RENAULT,FIAT,DACIA,MEGANE III Grandtour KZ0\/1,SC\u00c9NIC III JZ0\/1_<\/p>\n","protected":false},"featured_media":0,"template":"","meta":{"site-sidebar-layout":"default","site-content-layout":"default","ast-global-header-display":"","ast-main-header-display":"","ast-hfb-above-header-display":"","ast-hfb-below-header-display":"","ast-hfb-mobile-header-display":"","site-post-title":"","ast-breadcrumbs-content":"","ast-featured-img":"","footer-sml-layout":"","theme-transparent-header-meta":"","adv-header-id-meta":"","stick-header-meta":"","header-above-stick-meta":"","header-main-stick-meta":"","header-below-stick-meta":""},"pwb-brand":[538],"product_cat":[100],"product_tag":[],"class_list":{"0":"post-103763","1":"product","2":"type-product","3":"status-publish","5":"pwb-brand-delphi","6":"product_cat-jarrupalat","7":"desktop-align-left","8":"tablet-align-left","9":"mobile-align-left","11":"first","12":"instock","13":"product-type-external"},"brands":[{"id":538,"name":"Delphi","slug":"delphi"}],"_links":{"self":[{"href":"https:\/\/www.autonvaraosahaku.fi\/index.php?rest_route=\/wp\/v2\/product\/103763","targetHints":{"allow":["GET"]}}],"collection":[{"href":"https:\/\/www.autonvaraosahaku.fi\/index.php?rest_route=\/wp\/v2\/product"}],"about":[{"href":"https:\/\/www.autonvaraosahaku.fi\/index.php?rest_route=\/wp\/v2\/types\/product"}],"wp:attachment":[{"href":"https:\/\/www.autonvaraosahaku.fi\/index.php?rest_route=%2Fwp%2Fv2%2Fmedia&parent=103763"}],"wp:term":[{"taxonomy":"pwb-brand","embeddable":true,"href":"https:\/\/www.autonvaraosahaku.fi\/index.php?rest_route=%2Fwp%2Fv2%2Fpwb-brand&post=103763"},{"taxonomy":"product_cat","embeddable":true,"href":"https:\/\/www.autonvaraosahaku.fi\/index.php?rest_route=%2Fwp%2Fv2%2Fproduct_cat&post=103763"},{"taxonomy":"product_tag","embeddable":true,"href":"https:\/\/www.autonvaraosahaku.fi\/index.php?rest_route=%2Fwp%2Fv2%2Fproduct_tag&post=103763"}],"curies":[{"name":"wp","href":"https:\/\/api.w.org\/{rel}","templated":true}]}}