{"id":103786,"date":"2021-02-21T22:59:30","date_gmt":"2021-02-21T22:59:30","guid":{"rendered":"https:\/\/www.autonvaraosahaku.fi\/?product=delphi-tc2175-alatukivarsi"},"modified":"2021-02-21T22:59:34","modified_gmt":"2021-02-21T22:59:34","slug":"delphi-tc2175-alatukivarsi","status":"publish","type":"product","link":"https:\/\/www.autonvaraosahaku.fi\/?product=delphi-tc2175-alatukivarsi","title":{"rendered":"Delphi TC2175 Alatukivarsi"},"content":{"rendered":"<p>Pituus (mm): 445; Leveys (mm): 365; Korkeus (mm): 55; Ohjausmalli: Poikittaistukivarsi; Asennuspuoli: Vorderachse; PEUGEOT: 308 SW,308 4A_, 4C_,5008,3008,308 CC; CITRO\u00cbN: C4 II B7,DS4; DS: DS 4 \/ DS 4 CROSSBACK; 3520V2, 3520V2, 1643188780, 3520V2; Tukivarsi,Tukivarsi, Py\u00f6r\u00e4ntuenta<\/p>\n","protected":false},"excerpt":{"rendered":"<p>DELPHI Alatukivarsi TC2175 Tukivarsi,Tukivarsi, Py\u00f6r\u00e4ntuenta PEUGEOT,CITRO\u00cbN,DS,308 SW,308 4A_, 4C_,5008,3008,308 CC,C4 II B7,DS4<\/p>\n","protected":false},"featured_media":0,"template":"","meta":{"site-sidebar-layout":"default","site-content-layout":"default","ast-global-header-display":"","ast-main-header-display":"","ast-hfb-above-header-display":"","ast-hfb-below-header-display":"","ast-hfb-mobile-header-display":"","site-post-title":"","ast-breadcrumbs-content":"","ast-featured-img":"","footer-sml-layout":"","theme-transparent-header-meta":"","adv-header-id-meta":"","stick-header-meta":"","header-above-stick-meta":"","header-main-stick-meta":"","header-below-stick-meta":""},"pwb-brand":[538],"product_cat":[62],"product_tag":[],"class_list":{"0":"post-103786","1":"product","2":"type-product","3":"status-publish","5":"pwb-brand-delphi","6":"product_cat-alatukivarsi","7":"desktop-align-left","8":"tablet-align-left","9":"mobile-align-left","11":"first","12":"instock","13":"product-type-external"},"brands":[{"id":538,"name":"Delphi","slug":"delphi"}],"_links":{"self":[{"href":"https:\/\/www.autonvaraosahaku.fi\/index.php?rest_route=\/wp\/v2\/product\/103786","targetHints":{"allow":["GET"]}}],"collection":[{"href":"https:\/\/www.autonvaraosahaku.fi\/index.php?rest_route=\/wp\/v2\/product"}],"about":[{"href":"https:\/\/www.autonvaraosahaku.fi\/index.php?rest_route=\/wp\/v2\/types\/product"}],"wp:attachment":[{"href":"https:\/\/www.autonvaraosahaku.fi\/index.php?rest_route=%2Fwp%2Fv2%2Fmedia&parent=103786"}],"wp:term":[{"taxonomy":"pwb-brand","embeddable":true,"href":"https:\/\/www.autonvaraosahaku.fi\/index.php?rest_route=%2Fwp%2Fv2%2Fpwb-brand&post=103786"},{"taxonomy":"product_cat","embeddable":true,"href":"https:\/\/www.autonvaraosahaku.fi\/index.php?rest_route=%2Fwp%2Fv2%2Fproduct_cat&post=103786"},{"taxonomy":"product_tag","embeddable":true,"href":"https:\/\/www.autonvaraosahaku.fi\/index.php?rest_route=%2Fwp%2Fv2%2Fproduct_tag&post=103786"}],"curies":[{"name":"wp","href":"https:\/\/api.w.org\/{rel}","templated":true}]}}