{"id":103795,"date":"2021-02-21T22:59:36","date_gmt":"2021-02-21T22:59:36","guid":{"rendered":"https:\/\/www.autonvaraosahaku.fi\/?product=delphi-bg2147-jarrulevyt"},"modified":"2021-02-21T22:59:37","modified_gmt":"2021-02-21T22:59:37","slug":"delphi-bg2147-jarrulevyt","status":"publish","type":"product","link":"https:\/\/www.autonvaraosahaku.fi\/?product=delphi-bg2147-jarrulevyt","title":{"rendered":"Delphi BG2147 Jarrulevyt"},"content":{"rendered":"<p>Jarrulevytyyppi: Vakiomalli; L\u00e4pimitta [mm]: 227; Jarrulevyn paksuus (mm): 11; V\u00e4himm\u00e4ispaksuus (mm): 9; keskitt\u00e4misl\u00e4pimitta [mm]: 62; Syvyys (mm): 46; testausnormin mukainen: R90 Approved, R90 Approved; Reikien m\u00e4\u00e4r\u00e4: 4; Asennuspuoli: Vorderachse; SEAT: MARBELLA 28,IBIZA I 021A,TERRA Kasten 024A,127 127A,MARBELLA Kasten 028A,MALAGA 023A,TERRA 24,131,128,132,RONDA 022A,PANDA 141A,FURA 025A; LANCIA: DELTA I 831AB0,DELTA II 836,Y10 156,PRISMA 831AB0; FIAT: PANDA 141A_,124 Spider,UNO 146A\/E,X 1\/9 128 AS,127,FIORINO Kasten 146,850 Spider,850,128 Coupe,128,PANDA Van 141_,125,131,124 Coupe,RITMO I 138A,124,132,FIORINO 147,REGATA 138,ARGENTA 132A,124 Familiare,RITMO Cabriolet,127 Panorama,128 Familiare,FIORINO 127,131 Familiare\/Panorama,FIORINO Pick up 147,REGATA Weekend 138; AUTOBIANCHI: A 112,Y10; ZASTAVA: YUGO,YUGO FLORIDA; 4139010, 4208311, 4385812, 46618703, 655438512, 655439010, 94385812, 94439010, 4139010, 4208311, 4385812, 61750, 61948, 71738422, 94439010, 984377102, 984385812, RF16500250, 4385812, 655438512, 655439010, 4385812, 94385812, 4139010, 4208311, 4385812, 61750, 61948, 94385812, 94439010, 984377102, 984385812, RF16500250, 984377102, 984385812, 00984377102, 00984385812, 061750, 061948, 16500253, 4139010, 4208311, 4385812, 5385812, 94439010, 984377102, 984385812, E022165002, RF16500250, RF16500253, SE022165002A, 4208311, 4385812; Jarrulevy<\/p>\n","protected":false},"excerpt":{"rendered":"<p>DELPHI Jarrulevyt BG2147 Jarrulevy SEAT,LANCIA,FIAT,MARBELLA 28,IBIZA I 021A,TERRA Kasten 024A,127 127A,MARBELLA Kasten 028A,MALAGA 023A,TERRA 24,131<\/p>\n","protected":false},"featured_media":0,"template":"","meta":{"site-sidebar-layout":"default","site-content-layout":"default","ast-global-header-display":"","ast-main-header-display":"","ast-hfb-above-header-display":"","ast-hfb-below-header-display":"","ast-hfb-mobile-header-display":"","site-post-title":"","ast-breadcrumbs-content":"","ast-featured-img":"","footer-sml-layout":"","theme-transparent-header-meta":"","adv-header-id-meta":"","stick-header-meta":"","header-above-stick-meta":"","header-main-stick-meta":"","header-below-stick-meta":""},"pwb-brand":[538],"product_cat":[66],"product_tag":[],"class_list":{"0":"post-103795","1":"product","2":"type-product","3":"status-publish","5":"pwb-brand-delphi","6":"product_cat-jarrulevyt","7":"desktop-align-left","8":"tablet-align-left","9":"mobile-align-left","11":"first","12":"instock","13":"product-type-external"},"brands":[{"id":538,"name":"Delphi","slug":"delphi"}],"_links":{"self":[{"href":"https:\/\/www.autonvaraosahaku.fi\/index.php?rest_route=\/wp\/v2\/product\/103795","targetHints":{"allow":["GET"]}}],"collection":[{"href":"https:\/\/www.autonvaraosahaku.fi\/index.php?rest_route=\/wp\/v2\/product"}],"about":[{"href":"https:\/\/www.autonvaraosahaku.fi\/index.php?rest_route=\/wp\/v2\/types\/product"}],"wp:attachment":[{"href":"https:\/\/www.autonvaraosahaku.fi\/index.php?rest_route=%2Fwp%2Fv2%2Fmedia&parent=103795"}],"wp:term":[{"taxonomy":"pwb-brand","embeddable":true,"href":"https:\/\/www.autonvaraosahaku.fi\/index.php?rest_route=%2Fwp%2Fv2%2Fpwb-brand&post=103795"},{"taxonomy":"product_cat","embeddable":true,"href":"https:\/\/www.autonvaraosahaku.fi\/index.php?rest_route=%2Fwp%2Fv2%2Fproduct_cat&post=103795"},{"taxonomy":"product_tag","embeddable":true,"href":"https:\/\/www.autonvaraosahaku.fi\/index.php?rest_route=%2Fwp%2Fv2%2Fproduct_tag&post=103795"}],"curies":[{"name":"wp","href":"https:\/\/api.w.org\/{rel}","templated":true}]}}