{"id":103797,"date":"2021-02-21T22:59:36","date_gmt":"2021-02-21T22:59:36","guid":{"rendered":"https:\/\/www.autonvaraosahaku.fi\/?product=delphi-lw70011-takajarrusylinteri"},"modified":"2021-02-21T22:59:38","modified_gmt":"2021-02-21T22:59:38","slug":"delphi-lw70011-takajarrusylinteri","status":"publish","type":"product","link":"https:\/\/www.autonvaraosahaku.fi\/?product=delphi-lw70011-takajarrusylinteri","title":{"rendered":"Delphi LW70011 Takajarrusylinteri"},"content":{"rendered":"<p>Reik\u00e4-\u00d8 [mm]: 19; Jarruj\u00e4rjestelm\u00e4: Bendix; Asennuspuoli: Hinterachse; FIAT: SEICENTO 187,CINQUECENTO 170,PANDA 141A_,UNO 146A\/E,127,FIORINO Kasten 146,SEICENTO Van 187,PANDA Van 141_,RITMO I 138A,FIORINO Pick up 146,FIORINO 147,REGATA 138,RITMO Cabriolet,127 Panorama,FIORINO 127,147,FIORINO Pick up 147,REGATA Weekend 138,147 Panorama,DUNA 146 B,ELBA 146_,DUNA Weekend 146 B; SEAT: MARBELLA 28,IBIZA I 021A,MARBELLA Kasten 028A,RONDA 022A,FURA 025A; LANCIA: Y10 156,PRISMA 831AB0; AUTOBIANCHI: A 112,Y10; INNOCENTI: ELBA 146; 790833, 5987896, 7173827, 790833, 9945379, 5987896, 790833, 9945379, SE025720002A, SE028720001A; Py\u00f6r\u00e4n Jarrusylinteri,Jarrusylinteri<\/p>\n","protected":false},"excerpt":{"rendered":"<p>DELPHI Takajarrusylinteri LW70011 Py\u00f6r\u00e4n Jarrusylinteri,Jarrusylinteri FIAT,SEAT,LANCIA,SEICENTO 187,CINQUECENTO 170,PANDA 141A_,UNO 146A\/E,127<\/p>\n","protected":false},"featured_media":0,"template":"","meta":{"site-sidebar-layout":"default","site-content-layout":"default","ast-global-header-display":"","ast-main-header-display":"","ast-hfb-above-header-display":"","ast-hfb-below-header-display":"","ast-hfb-mobile-header-display":"","site-post-title":"","ast-breadcrumbs-content":"","ast-featured-img":"","footer-sml-layout":"","theme-transparent-header-meta":"","adv-header-id-meta":"","stick-header-meta":"","header-above-stick-meta":"","header-main-stick-meta":"","header-below-stick-meta":""},"pwb-brand":[538],"product_cat":[158],"product_tag":[],"class_list":{"0":"post-103797","1":"product","2":"type-product","3":"status-publish","5":"pwb-brand-delphi","6":"product_cat-takajarrusylinteri","7":"desktop-align-left","8":"tablet-align-left","9":"mobile-align-left","11":"first","12":"instock","13":"product-type-external"},"brands":[{"id":538,"name":"Delphi","slug":"delphi"}],"_links":{"self":[{"href":"https:\/\/www.autonvaraosahaku.fi\/index.php?rest_route=\/wp\/v2\/product\/103797","targetHints":{"allow":["GET"]}}],"collection":[{"href":"https:\/\/www.autonvaraosahaku.fi\/index.php?rest_route=\/wp\/v2\/product"}],"about":[{"href":"https:\/\/www.autonvaraosahaku.fi\/index.php?rest_route=\/wp\/v2\/types\/product"}],"wp:attachment":[{"href":"https:\/\/www.autonvaraosahaku.fi\/index.php?rest_route=%2Fwp%2Fv2%2Fmedia&parent=103797"}],"wp:term":[{"taxonomy":"pwb-brand","embeddable":true,"href":"https:\/\/www.autonvaraosahaku.fi\/index.php?rest_route=%2Fwp%2Fv2%2Fpwb-brand&post=103797"},{"taxonomy":"product_cat","embeddable":true,"href":"https:\/\/www.autonvaraosahaku.fi\/index.php?rest_route=%2Fwp%2Fv2%2Fproduct_cat&post=103797"},{"taxonomy":"product_tag","embeddable":true,"href":"https:\/\/www.autonvaraosahaku.fi\/index.php?rest_route=%2Fwp%2Fv2%2Fproduct_tag&post=103797"}],"curies":[{"name":"wp","href":"https:\/\/api.w.org\/{rel}","templated":true}]}}