{"id":103815,"date":"2021-02-21T22:59:42","date_gmt":"2021-02-21T22:59:42","guid":{"rendered":"https:\/\/www.autonvaraosahaku.fi\/?product=delphi-9305-150a-jaahdytysnesteen-lampotila-anturi"},"modified":"2021-02-21T22:59:43","modified_gmt":"2021-02-21T22:59:43","slug":"delphi-9305-150a-jaahdytysnesteen-lampotila-anturi","status":"publish","type":"product","link":"https:\/\/www.autonvaraosahaku.fi\/?product=delphi-9305-150a-jaahdytysnesteen-lampotila-anturi","title":{"rendered":"Delphi 9305-150A J\u00e4\u00e4hdytysnesteen l\u00e4mp\u00f6tila anturi"},"content":{"rendered":"<p>Valmistusvuosi alkaen: 09\/2006; SSANGYONG: REXTON GAB_,KYRON,RODIUS,ACTYON I,STAVIC<\/p>\n","protected":false},"excerpt":{"rendered":"<p>DELPHI Tunnistin, J\u00e4\u00e4hdytysnesteen L\u00e4mp\u00f6tila 9305-150A  SSANGYONG,REXTON GAB_,KYRON,RODIUS,ACTYON I,STAVIC<\/p>\n","protected":false},"featured_media":0,"template":"","meta":{"site-sidebar-layout":"default","site-content-layout":"default","ast-global-header-display":"","ast-main-header-display":"","ast-hfb-above-header-display":"","ast-hfb-below-header-display":"","ast-hfb-mobile-header-display":"","site-post-title":"","ast-breadcrumbs-content":"","ast-featured-img":"","footer-sml-layout":"","theme-transparent-header-meta":"","adv-header-id-meta":"","stick-header-meta":"","header-above-stick-meta":"","header-main-stick-meta":"","header-below-stick-meta":""},"pwb-brand":[538],"product_cat":[200],"product_tag":[],"class_list":{"0":"post-103815","1":"product","2":"type-product","3":"status-publish","5":"pwb-brand-delphi","6":"product_cat-jaahdytysnesteen-lampotila-anturi","7":"desktop-align-left","8":"tablet-align-left","9":"mobile-align-left","11":"first","12":"instock","13":"product-type-external"},"brands":[{"id":538,"name":"Delphi","slug":"delphi"}],"_links":{"self":[{"href":"https:\/\/www.autonvaraosahaku.fi\/index.php?rest_route=\/wp\/v2\/product\/103815","targetHints":{"allow":["GET"]}}],"collection":[{"href":"https:\/\/www.autonvaraosahaku.fi\/index.php?rest_route=\/wp\/v2\/product"}],"about":[{"href":"https:\/\/www.autonvaraosahaku.fi\/index.php?rest_route=\/wp\/v2\/types\/product"}],"wp:attachment":[{"href":"https:\/\/www.autonvaraosahaku.fi\/index.php?rest_route=%2Fwp%2Fv2%2Fmedia&parent=103815"}],"wp:term":[{"taxonomy":"pwb-brand","embeddable":true,"href":"https:\/\/www.autonvaraosahaku.fi\/index.php?rest_route=%2Fwp%2Fv2%2Fpwb-brand&post=103815"},{"taxonomy":"product_cat","embeddable":true,"href":"https:\/\/www.autonvaraosahaku.fi\/index.php?rest_route=%2Fwp%2Fv2%2Fproduct_cat&post=103815"},{"taxonomy":"product_tag","embeddable":true,"href":"https:\/\/www.autonvaraosahaku.fi\/index.php?rest_route=%2Fwp%2Fv2%2Fproduct_tag&post=103815"}],"curies":[{"name":"wp","href":"https:\/\/api.w.org\/{rel}","templated":true}]}}