{"id":103840,"date":"2021-02-21T22:59:48","date_gmt":"2021-02-21T22:59:48","guid":{"rendered":"https:\/\/www.autonvaraosahaku.fi\/?product=delphi-tsp0325229c-raitisilmasuodatin"},"modified":"2021-02-21T22:59:51","modified_gmt":"2021-02-21T22:59:51","slug":"delphi-tsp0325229c-raitisilmasuodatin","status":"publish","type":"product","link":"https:\/\/www.autonvaraosahaku.fi\/?product=delphi-tsp0325229c-raitisilmasuodatin","title":{"rendered":"Delphi TSP0325229C Raitisilmasuodatin"},"content":{"rendered":"<p>M\u00e4\u00e4r\u00e4: 2; Leveys (mm): 156; Pituus (mm): 151; Korkeus (mm): 30; Suodatintyyppi: Aktiivihiilisuodatin; Valmistusvuoteen: 09\/2016; CITRO\u00cbN: DS3,C3 II,DS3 Cabriolet,C-ZERO,C4 CACTUS,C3 III SX; PEUGEOT: 207 WA_, WC_,207 CC WD_,207 SW WK_,208,2008,207 Stufenheck,207 Van,208 Kasten; DS: DS 3,DS 3 Cabriolet; 1609428180, 6447VX, 1609428180, 6447VX, 1609428180, 6447VX; Sis\u00e4ilmansuodatin,Suodatin, Sis\u00e4ilma<\/p>\n","protected":false},"excerpt":{"rendered":"<p>DELPHI Raitisilmasuodatin TSP0325229C Sis\u00e4ilmansuodatin,Suodatin, Sis\u00e4ilma CITRO\u00cbN,PEUGEOT,DS,DS3,C3 II,DS3 Cabriolet,C-ZERO,C4 CACTUS,C3 III SX<\/p>\n","protected":false},"featured_media":0,"template":"","meta":{"site-sidebar-layout":"default","site-content-layout":"default","ast-global-header-display":"","ast-main-header-display":"","ast-hfb-above-header-display":"","ast-hfb-below-header-display":"","ast-hfb-mobile-header-display":"","site-post-title":"","ast-breadcrumbs-content":"","ast-featured-img":"","footer-sml-layout":"","theme-transparent-header-meta":"","adv-header-id-meta":"","stick-header-meta":"","header-above-stick-meta":"","header-main-stick-meta":"","header-below-stick-meta":""},"pwb-brand":[538],"product_cat":[19],"product_tag":[],"class_list":{"0":"post-103840","1":"product","2":"type-product","3":"status-publish","5":"pwb-brand-delphi","6":"product_cat-raitisilmasuodatin","7":"desktop-align-left","8":"tablet-align-left","9":"mobile-align-left","11":"first","12":"instock","13":"product-type-external"},"brands":[{"id":538,"name":"Delphi","slug":"delphi"}],"_links":{"self":[{"href":"https:\/\/www.autonvaraosahaku.fi\/index.php?rest_route=\/wp\/v2\/product\/103840","targetHints":{"allow":["GET"]}}],"collection":[{"href":"https:\/\/www.autonvaraosahaku.fi\/index.php?rest_route=\/wp\/v2\/product"}],"about":[{"href":"https:\/\/www.autonvaraosahaku.fi\/index.php?rest_route=\/wp\/v2\/types\/product"}],"wp:attachment":[{"href":"https:\/\/www.autonvaraosahaku.fi\/index.php?rest_route=%2Fwp%2Fv2%2Fmedia&parent=103840"}],"wp:term":[{"taxonomy":"pwb-brand","embeddable":true,"href":"https:\/\/www.autonvaraosahaku.fi\/index.php?rest_route=%2Fwp%2Fv2%2Fpwb-brand&post=103840"},{"taxonomy":"product_cat","embeddable":true,"href":"https:\/\/www.autonvaraosahaku.fi\/index.php?rest_route=%2Fwp%2Fv2%2Fproduct_cat&post=103840"},{"taxonomy":"product_tag","embeddable":true,"href":"https:\/\/www.autonvaraosahaku.fi\/index.php?rest_route=%2Fwp%2Fv2%2Fproduct_tag&post=103840"}],"curies":[{"name":"wp","href":"https:\/\/api.w.org\/{rel}","templated":true}]}}